{"id":12154,"date":"2020-06-24T20:26:04","date_gmt":"2020-06-24T18:26:04","guid":{"rendered":"https:\/\/dev2.mgvpublications.com\/produkt\/daha-da-kuecuekler-icin-allahi-merak-ediyorum-1\/"},"modified":"2022-03-08T22:34:34","modified_gmt":"2022-03-08T21:34:34","slug":"daha-da-kuecuekler-icin-allahi-merak-ediyorum-1","status":"publish","type":"product","link":"https:\/\/mgvpublications.com\/de\/daha-da-kuecuekler-icin-allahi-merak-ediyorum-1\/","title":{"rendered":"Daha da K\u00fc\u00e7\u00fckler \u0130\u00e7in Allah&#8217;\u0131 Merak Ediyorum -1"},"content":{"rendered":"<table class=\"attribute\">\n<tbody>\n<tr>\n<td>Ver\u00f6fentlichung<\/td>\n<td>2014-08-19<\/td>\n<\/tr>\n<tr>\n<td>ISBN<\/td>\n<td>6054965113<\/td>\n<\/tr>\n<tr>\n<td>Druckauflage<\/td>\n<td>1. Bask\u0131<\/td>\n<\/tr>\n<tr>\n<td>Sprache<\/td>\n<td>T\u00dcRK\u00c7E<\/td>\n<\/tr>\n<tr>\n<td>Seiten<\/td>\n<td>32<\/td>\n<\/tr>\n<tr>\n<td>Art<\/td>\n<td>Karton Kapak<\/td>\n<\/tr>\n<tr>\n<td>Papierart<\/td>\n<td>Kitap Ka\u011f\u0131d\u0131<\/td>\n<\/tr>\n<tr>\n<td>Ma\u00dfe<\/td>\n<td>16.5 x 21 cm<\/td>\n<\/tr>\n<\/tbody>\n<\/table>","protected":false},"excerpt":{"rendered":"<p>E\u011fer akl\u0131n\u0131za bir soru geldiyse onun mutlaka bir cevab\u0131 vard\u0131r. Sadece sorulmam\u0131\u015f sorular\u0131n cevab\u0131 yoktur! Sorulmam\u0131\u015f soru olur mu peki? Ba\u015fkalar\u0131 i\u00e7in belki ama Meryem i\u00e7in asla! \u00c7\u00fcnk\u00fc babas\u0131, &#8220;akl\u0131na bir soru geldi\u011finde mutlaka sormal\u0131s\u0131n&#8221; demi\u015fti.<\/p>\n<p>\u00c7ok sevilen Allah\u00b4\u0131 Merak Ediyorum kitaplar\u0131 \u015fimdi daha da k\u00fc\u00e7\u00fckler i\u00e7in! Be\u015f kitapl\u0131k dizinin ilk kitab\u0131nda Meryem &#8220;Acaba Ben Allah&#8217;\u0131 neden g\u00f6remiyorum?&#8221; diye soruyor. Ve babas\u0131ndan harika bir cevap al\u0131yor!<\/p>","protected":false},"featured_media":12155,"template":"","meta":{"spay_email":""},"product_cat":[172],"product_tag":[],"item":[692],"acf":[],"_links":{"self":[{"href":"https:\/\/mgvpublications.com\/de\/wp-json\/wp\/v2\/product\/12154"}],"collection":[{"href":"https:\/\/mgvpublications.com\/de\/wp-json\/wp\/v2\/product"}],"about":[{"href":"https:\/\/mgvpublications.com\/de\/wp-json\/wp\/v2\/types\/product"}],"wp:featuredmedia":[{"embeddable":true,"href":"https:\/\/mgvpublications.com\/de\/wp-json\/wp\/v2\/media\/12155"}],"wp:attachment":[{"href":"https:\/\/mgvpublications.com\/de\/wp-json\/wp\/v2\/media?parent=12154"}],"wp:term":[{"taxonomy":"product_cat","embeddable":true,"href":"https:\/\/mgvpublications.com\/de\/wp-json\/wp\/v2\/product_cat?post=12154"},{"taxonomy":"product_tag","embeddable":true,"href":"https:\/\/mgvpublications.com\/de\/wp-json\/wp\/v2\/product_tag?post=12154"},{"taxonomy":"item","embeddable":true,"href":"https:\/\/mgvpublications.com\/de\/wp-json\/wp\/v2\/item?post=12154"}],"curies":[{"name":"wp","href":"https:\/\/api.w.org\/{rel}","templated":true}]}}