{"id":12152,"date":"2020-12-02T15:44:57","date_gmt":"2020-12-02T14:44:57","guid":{"rendered":"https:\/\/dev2.mgvpublications.com\/produkt\/365-guende-sevgili-peygamberim\/"},"modified":"2022-03-08T22:34:34","modified_gmt":"2022-03-08T21:34:34","slug":"365-guende-sevgili-peygamberim","status":"publish","type":"product","link":"https:\/\/mgvpublications.com\/de\/365-guende-sevgili-peygamberim\/","title":{"rendered":"365 G\u00fcnde Sevgili Peygamberim"},"content":{"rendered":"<p>Yay\u0131n Tarihi: 26.03.2021<br \/>ISBN: 9789752635333<br \/>Dil: T\u00dcRK\u00c7E<br \/>Sayfa Say\u0131s\u0131: 448<br \/>Cilt Tipi: Ciltli<br \/>Ka\u011f\u0131t Cinsi: 1. Hm. Ka\u011f\u0131t<br \/>Boyut: 20.5 x 28.5 cm<br \/>Di\u011fer \u00d6zellik: 5-6-7 Ya\u015f<\/p>","protected":false},"excerpt":{"rendered":"<p>De\u011ferli Ebeveynler ve E\u011fitimciler; \u0130stiyoruz ki 365 G\u00fcnde Sevgili Peygamberim\u2019le biricik Peygamberimiz evlerinize her g\u00fcn konuk olsun. Anne, baba, \u00e7ocuk birlikte payla\u015ft\u0131\u011f\u0131n\u0131z \u00f6zel saatlerinizi bereketlendirsin, nurland\u0131rs\u0131n. Kitab\u0131m\u0131z, bir y\u0131l boyunca okunmas\u0131 hedefiyle haz\u0131rland\u0131. Bu nedenle kitab\u0131m\u0131zda Peygamber Efendimizin hayat\u0131ndan se\u00e7ilmi\u015f 365 kesit yer al\u0131yor. Hik\u00e2ye diliyle \u00fcslupland\u0131r\u0131lm\u0131\u015f par\u00e7alarda kronolojik s\u0131ra takip ediliyor. \u00c7ocu\u011funuzla birlikte sevgili Peygamberimizin hayat\u0131na tan\u0131k olmak i\u00e7in 1. g\u00fcnden 365. g\u00fcne kadar okuman\u0131z\u0131 tavsiye ederiz. \u00c7ocuklar dikkatlerini k\u0131s\u0131tl\u0131 s\u00fcre toplayabilirler. Bunun i\u00e7in kitab\u0131m\u0131zdan her g\u00fcn bir par\u00e7a okumal\u0131s\u0131n\u0131z. B\u00f6ylelikle \u00e7ocu\u011funuzun bir sonraki hik\u00e2yeye merak\u0131n\u0131 korumu\u015f, okunan metin hakk\u0131nda d\u00fc\u015f\u00fcnmesine zaman tan\u0131m\u0131\u015f olursunuz. \u00c7ocu\u011funuzun kitab\u0131m\u0131z i\u00e7inde anlamakta zorland\u0131\u011f\u0131 olaylar, telaffuz etmekte g\u00fc\u00e7l\u00fck \u00e7ekti\u011fi kelimeler olabilir. Bu nedenle o g\u00fcn okunan metin \u00fczerinde onunla konu\u015fman\u0131z\u0131 soru cevap y\u00f6ntemiyle akl\u0131na tak\u0131lan noktalar\u0131 ayd\u0131nlatman\u0131z\u0131 \u00f6neririz. Par\u00e7alarda ge\u00e7en yer adlar\u0131n\u0131 da kitab\u0131m\u0131zla birlikte hediye etti\u011fimiz \u2018Mutluluk \u00c7a\u011f\u0131 Haritas\u0131\u2019ndan bulmas\u0131n\u0131 isteyerek \u00e7ocu\u011funuzun g\u00f6rsel haf\u0131zas\u0131n\u0131 aktif h\u00e2le getirebilirsiniz. Ayr\u0131ca kitab\u0131m\u0131zda yer alan konu dizininden faydalanarak sevgili Peygamberimizin ve sahabelerin c\u00f6mertlik, vefa, misafirperverlik, d\u00fcr\u00fcstl\u00fck, bar\u0131\u015fseverlik, affedicilik gibi e\u015fsiz niteliklerini ke\u015ffedebilir, \u00e7ocuklar\u0131n\u0131z\u0131n karakter geli\u015fimlerini bu y\u00fcksek ahlak modelleriyle destekleyebilirsiniz. Peygamber Efendimizin ahl\u00e2k\u0131yla ahl\u00e2klanm\u0131\u015f bir nesil yeti\u015ftirebilmek dile\u011fiyle..<\/p>","protected":false},"featured_media":20735,"template":"","meta":{"spay_email":""},"product_cat":[172],"product_tag":[],"item":[360],"acf":[],"_links":{"self":[{"href":"https:\/\/mgvpublications.com\/de\/wp-json\/wp\/v2\/product\/12152"}],"collection":[{"href":"https:\/\/mgvpublications.com\/de\/wp-json\/wp\/v2\/product"}],"about":[{"href":"https:\/\/mgvpublications.com\/de\/wp-json\/wp\/v2\/types\/product"}],"wp:featuredmedia":[{"embeddable":true,"href":"https:\/\/mgvpublications.com\/de\/wp-json\/wp\/v2\/media\/20735"}],"wp:attachment":[{"href":"https:\/\/mgvpublications.com\/de\/wp-json\/wp\/v2\/media?parent=12152"}],"wp:term":[{"taxonomy":"product_cat","embeddable":true,"href":"https:\/\/mgvpublications.com\/de\/wp-json\/wp\/v2\/product_cat?post=12152"},{"taxonomy":"product_tag","embeddable":true,"href":"https:\/\/mgvpublications.com\/de\/wp-json\/wp\/v2\/product_tag?post=12152"},{"taxonomy":"item","embeddable":true,"href":"https:\/\/mgvpublications.com\/de\/wp-json\/wp\/v2\/item?post=12152"}],"curies":[{"name":"wp","href":"https:\/\/api.w.org\/{rel}","templated":true}]}}