{"id":12143,"date":"2020-06-24T18:03:32","date_gmt":"2020-06-24T16:03:32","guid":{"rendered":"https:\/\/dev2.mgvpublications.com\/produkt\/elveda-agustos-boecegi\/"},"modified":"2022-03-08T22:34:32","modified_gmt":"2022-03-08T21:34:32","slug":"elveda-agustos-boecegi","status":"publish","type":"product","link":"https:\/\/mgvpublications.com\/de\/elveda-agustos-boecegi\/","title":{"rendered":"Elveda A\u011fustos B\u00f6ce\u011fi"},"content":{"rendered":"<table class=\"attribute\">\n<tbody>\n<tr>\n<td>Ver\u00f6fentlichung<\/td>\n<td>2011-11-10<\/td>\n<\/tr>\n<tr>\n<td>ISBN<\/td>\n<td>6055523343<\/td>\n<\/tr>\n<tr>\n<td>Druckauflage<\/td>\n<td>1. Bask\u0131<\/td>\n<\/tr>\n<tr>\n<td>Sprache<\/td>\n<td>T\u00dcRK\u00c7E<\/td>\n<\/tr>\n<tr>\n<td>Seiten<\/td>\n<td>112<\/td>\n<\/tr>\n<tr>\n<td>Art<\/td>\n<td>Karton Kapak<\/td>\n<\/tr>\n<tr>\n<td>Papierart<\/td>\n<td>Kitap Ka\u011f\u0131d\u0131<\/td>\n<\/tr>\n<tr>\n<td>Ma\u00dfe<\/td>\n<td>13.5 x 19.5 cm<\/td>\n<\/tr>\n<\/tbody>\n<\/table>","protected":false},"excerpt":{"rendered":"<div id=\"description_text\" class=\"readmore-js-section readmore-js-expanded\">\u201cSevgili A\u011fustos B\u00f6ce\u011fi! Nihayet sana mektup yazma vakti geldi. Vallahi i\u00e7imde b\u00fcy\u00fck bir dertti. Dostum, ben de pek \u00e7oklar\u0131 gibi seni tembel, uyu\u015fuk, i\u015fe yaramaz, keyfine d\u00fc\u015fk\u00fcn ve g\u00fcr\u00fclt\u00fcc\u00fc bir kimse olarak biliyordum. Ama kabahat b\u00fct\u00fcn b\u00fct\u00fcn bende de\u011fil! Ah o Lafonten yok mu?<\/p>\n<p>Neymi\u015f efendim! G\u00fcya kar\u0131nca, kan ter i\u00e7inde \u00e7al\u0131\u015f\u0131rken, sen b\u00fct\u00fcn bir yaz\u0131 saz \u00e7al\u0131p t\u00fcrk\u00fc s\u00f6yleyerek ge\u00e7irmi\u015fsin. Il\u0131k g\u00f6lgeli bir s\u00f6\u011f\u00fct dal\u0131n\u0131n \u00fczerinde yan gelip yatm\u0131\u015fs\u0131n. Sonra k\u0131\u015f\u0131n so\u011fuk nefesini ensende hissedince, solu\u011fu kar\u0131ncan\u0131n kap\u0131s\u0131nda alm\u0131\u015fs\u0131n.<\/p>\n<p>\u201cA\u00e7l\u0131ktan \u00f6l\u00fcyorum. A\u00e7l\u0131ktan \u00f6lmezsem so\u011fuktan donaca\u011f\u0131m. Bana yard\u0131m et!\u201d demi\u015fsin.<\/p>\n<p>Kar\u0131nca ise,\u201cYaz\u0131n saz \u00e7al\u0131p t\u00fcrk\u00fc s\u00f6yl\u00fcyordun ya! \u015eimdi de oyna biraz!\u201d diyerek, seni kap\u0131s\u0131ndan kovmu\u015fmu\u015f!<\/p>\n<p>Bak \u015fu Lafonten\u2019in yedi\u011fi naneye! Sana att\u0131\u011f\u0131 iftiralar yetmezmi\u015f gibi, o mert kar\u0131ncay\u0131 da nas\u0131l zalimlikle su\u00e7luyor!?<\/p>\n<p>G\u00f6z\u00fcn\u00fc seveyim art\u0131k \u00fcz\u00fclme. \u00c7\u00fcnk\u00fc ben her \u015feyi \u00f6\u011frendim. Kar\u0131nca bana olan biteni bir bir anlatt\u0131. Ve ger\u00e7e\u011fin, medyada \u00e7\u0131kan haberlerden \u00e7ok farkl\u0131 oldu\u011funu g\u00f6rd\u00fcm.<\/p>\n<p>U\u011furb\u00f6ce\u011fi Yay\u0131nlar\u0131&#8217;n\u0131n \u00e7ok satan dizisi &#8220;Merak Ediyorum&#8221; ve &#8220;Acayip \u015eeylerin yazar\u0131ndan \u00e7ocuklar i\u00e7in k\u00fc\u00e7\u00fck, sevimli ve keyifli bir kitap!<\/p>\n<p>Yazar\u0131n \u00e7e\u015fitli dergilerde, hem kendi ismi ile hem de &#8220;\u00e7ocuklar i\u00e7in pop\u00fcler bilim&#8221; yaz\u0131lar\u0131nda kulland\u0131\u011f\u0131 Tar\u0131k Uslu ismi ile yay\u0131nlanan hikaye ve denemelerinden meydana gelen kitapta, pek \u00e7ok farkl\u0131 konuya dair yaz\u0131lar var. Sevgi \u0130\u00e7igen taraf\u0131ndan resimlenen Elveda A\u011fustos B\u00f6ce\u011fi, bir solukta okunup bitirilecek, ama kolay kolay unutulmayacak bir kitap\u2026\n<\/p><\/div>","protected":false},"featured_media":12144,"template":"","meta":{"spay_email":""},"product_cat":[172],"product_tag":[],"item":[692],"acf":[],"_links":{"self":[{"href":"https:\/\/mgvpublications.com\/de\/wp-json\/wp\/v2\/product\/12143"}],"collection":[{"href":"https:\/\/mgvpublications.com\/de\/wp-json\/wp\/v2\/product"}],"about":[{"href":"https:\/\/mgvpublications.com\/de\/wp-json\/wp\/v2\/types\/product"}],"wp:featuredmedia":[{"embeddable":true,"href":"https:\/\/mgvpublications.com\/de\/wp-json\/wp\/v2\/media\/12144"}],"wp:attachment":[{"href":"https:\/\/mgvpublications.com\/de\/wp-json\/wp\/v2\/media?parent=12143"}],"wp:term":[{"taxonomy":"product_cat","embeddable":true,"href":"https:\/\/mgvpublications.com\/de\/wp-json\/wp\/v2\/product_cat?post=12143"},{"taxonomy":"product_tag","embeddable":true,"href":"https:\/\/mgvpublications.com\/de\/wp-json\/wp\/v2\/product_tag?post=12143"},{"taxonomy":"item","embeddable":true,"href":"https:\/\/mgvpublications.com\/de\/wp-json\/wp\/v2\/item?post=12143"}],"curies":[{"name":"wp","href":"https:\/\/api.w.org\/{rel}","templated":true}]}}