{"id":12137,"date":"2020-06-24T17:52:08","date_gmt":"2020-06-24T15:52:08","guid":{"rendered":"https:\/\/dev2.mgvpublications.com\/produkt\/ekmek-arasi-tarih-1\/"},"modified":"2022-03-08T22:34:31","modified_gmt":"2022-03-08T21:34:31","slug":"ekmek-arasi-tarih-1","status":"publish","type":"product","link":"https:\/\/mgvpublications.com\/de\/ekmek-arasi-tarih-1\/","title":{"rendered":"Ekmek Aras\u0131 Tarih 1"},"content":{"rendered":"<table class=\"attribute\">\n<tbody>\n<tr>\n<td>Ver\u00f6fentlichung<\/td>\n<td>2014-11-24<\/td>\n<\/tr>\n<tr>\n<td>ISBN<\/td>\n<td>6054965229<\/td>\n<\/tr>\n<tr>\n<td>Druckauflage<\/td>\n<td>1. Bask\u0131<\/td>\n<\/tr>\n<tr>\n<td>Sprache<\/td>\n<td>T\u00dcRK\u00c7E<\/td>\n<\/tr>\n<tr>\n<td>Seiten<\/td>\n<td>144<\/td>\n<\/tr>\n<tr>\n<td>Art<\/td>\n<td>Karton Kapak<\/td>\n<\/tr>\n<tr>\n<td>Papierart<\/td>\n<td>Kitap Ka\u011f\u0131d\u0131<\/td>\n<\/tr>\n<tr>\n<td>Ma\u00dfe<\/td>\n<td>13.5 x 19.5 cm<\/td>\n<\/tr>\n<\/tbody>\n<\/table>","protected":false},"excerpt":{"rendered":"<p>Evet bu kesinlikle bir tarih kitab\u0131! Ama asla bir ders kitab\u0131 de\u011fil! Elbette okuduklar\u0131n\u0131zdan \u00e7\u0131karaca\u011f\u0131n\u0131z baz\u0131 dersler olacak; ama merak etmeyin hi\u00e7biri s\u0131navda \u00e7\u0131kmayacak!<\/p>\n<p>Bu kitab\u0131, evde, okulda, parkta, bah\u00e7ede, otob\u00fcste, metrob\u00fcste, vapurda, trende, u\u00e7akta.. yani can\u0131n\u0131z\u0131n istedi\u011fi her yerde kolayca okuyabilirsiniz. Zaten ismini de bu y\u00fczden &#8220;Ekmek Aras\u0131 Tarih&#8221; koyduk.<\/p>","protected":false},"featured_media":12138,"template":"","meta":{"spay_email":""},"product_cat":[172],"product_tag":[],"item":[692],"acf":[],"_links":{"self":[{"href":"https:\/\/mgvpublications.com\/de\/wp-json\/wp\/v2\/product\/12137"}],"collection":[{"href":"https:\/\/mgvpublications.com\/de\/wp-json\/wp\/v2\/product"}],"about":[{"href":"https:\/\/mgvpublications.com\/de\/wp-json\/wp\/v2\/types\/product"}],"wp:featuredmedia":[{"embeddable":true,"href":"https:\/\/mgvpublications.com\/de\/wp-json\/wp\/v2\/media\/12138"}],"wp:attachment":[{"href":"https:\/\/mgvpublications.com\/de\/wp-json\/wp\/v2\/media?parent=12137"}],"wp:term":[{"taxonomy":"product_cat","embeddable":true,"href":"https:\/\/mgvpublications.com\/de\/wp-json\/wp\/v2\/product_cat?post=12137"},{"taxonomy":"product_tag","embeddable":true,"href":"https:\/\/mgvpublications.com\/de\/wp-json\/wp\/v2\/product_tag?post=12137"},{"taxonomy":"item","embeddable":true,"href":"https:\/\/mgvpublications.com\/de\/wp-json\/wp\/v2\/item?post=12137"}],"curies":[{"name":"wp","href":"https:\/\/api.w.org\/{rel}","templated":true}]}}