{"id":12132,"date":"2020-12-02T15:44:56","date_gmt":"2020-12-02T14:44:56","guid":{"rendered":"https:\/\/dev2.mgvpublications.com\/produkt\/peygamberin-aynalari\/"},"modified":"2022-03-08T22:34:31","modified_gmt":"2022-03-08T21:34:31","slug":"peygamberin-aynalari","status":"publish","type":"product","link":"https:\/\/mgvpublications.com\/de\/peygamberin-aynalari\/","title":{"rendered":"Peygamber&#8217;in Aynalar\u0131"},"content":{"rendered":"<p>Yay\u0131n Tarihi: 07.05.2020<br \/>ISBN: 9786059087469<br \/>Dil: T\u00dcRK\u00c7E<br \/>Sayfa Say\u0131s\u0131: 263<br \/>Cilt Tipi: Karton Kapak<br \/>Ka\u011f\u0131t Cinsi: Kitap Ka\u011f\u0131d\u0131<br \/>Boyut: 12.5 x 21 cm<\/p>","protected":false},"excerpt":{"rendered":"<p>G\u00fcne\u015f, yak\u0131n y\u0131ld\u0131zlar\u0131n\u0131 biraz daha yakla\u015fmaya \u00e7a\u011f\u0131rd\u0131 kendine. Sonra abas\u0131n\u0131n kanatlar\u0131n\u0131 a\u00e7\u0131p \u015fefkatle sard\u0131 onlar\u0131. Olacak gibi de\u011fil ama oldu, g\u00fcne\u015f sisteminin en parlak y\u0131ld\u0131zlar\u0131 bir \u00f6rt\u00fcn\u00fcn alt\u0131nda topland\u0131lar. Dudaklar\u0131 kilitlendi heyecandan. Nefesleri kalp \u00e7ekicinin alt\u0131nda \u015fekilden \u015fekle girdi. I\u015f\u0131klar\u0131n\u0131 ald\u0131klar\u0131 kayna\u011fa bu kadar yak\u0131n olmam\u0131\u015flard\u0131 hi\u00e7. Ayn\u0131 aban\u0131n alt\u0131nda olmak, evrendeki de\u011ferlerini yeniden belirlemi\u015fti. Yaln\u0131z onlar de\u011fil, b\u00fct\u00fcn k\u00e2inat nefesini tutmu\u015f g\u00fcne\u015fin dudaklar\u0131n\u0131n k\u0131m\u0131ldamas\u0131n\u0131 bekliyordu. Peygamber\u2019in Aynalar\u0131, otuz \u00fc\u00e7 sahabinin hayat\u0131n\u0131 merkeze alarak as\u0131l merkez olan Son Peygamber\u2019e yakla\u015ft\u0131r\u0131yor bug\u00fcn\u00fcn okurunu. Edebiyat\u0131n b\u00fcy\u00fcl\u00fc \u00e7at\u0131s\u0131 alt\u0131nda as\u0131rlar aradan \u00e7ekilerek Asr-\u0131 Saadet b\u00fct\u00fcn g\u00fczelli\u011fiyle yeniden kuruluyor.<\/p>","protected":false},"featured_media":21428,"template":"","meta":{"spay_email":""},"product_cat":[168],"product_tag":[],"item":[841],"acf":[],"_links":{"self":[{"href":"https:\/\/mgvpublications.com\/de\/wp-json\/wp\/v2\/product\/12132"}],"collection":[{"href":"https:\/\/mgvpublications.com\/de\/wp-json\/wp\/v2\/product"}],"about":[{"href":"https:\/\/mgvpublications.com\/de\/wp-json\/wp\/v2\/types\/product"}],"wp:featuredmedia":[{"embeddable":true,"href":"https:\/\/mgvpublications.com\/de\/wp-json\/wp\/v2\/media\/21428"}],"wp:attachment":[{"href":"https:\/\/mgvpublications.com\/de\/wp-json\/wp\/v2\/media?parent=12132"}],"wp:term":[{"taxonomy":"product_cat","embeddable":true,"href":"https:\/\/mgvpublications.com\/de\/wp-json\/wp\/v2\/product_cat?post=12132"},{"taxonomy":"product_tag","embeddable":true,"href":"https:\/\/mgvpublications.com\/de\/wp-json\/wp\/v2\/product_tag?post=12132"},{"taxonomy":"item","embeddable":true,"href":"https:\/\/mgvpublications.com\/de\/wp-json\/wp\/v2\/item?post=12132"}],"curies":[{"name":"wp","href":"https:\/\/api.w.org\/{rel}","templated":true}]}}