{"id":12130,"date":"2020-06-24T17:38:44","date_gmt":"2020-06-24T15:38:44","guid":{"rendered":"https:\/\/dev2.mgvpublications.com\/produkt\/kutuel-amare-kut-almis-ordunun-zaferi\/"},"modified":"2022-03-08T22:34:31","modified_gmt":"2022-03-08T21:34:31","slug":"kutuel-amare-kut-almis-ordunun-zaferi","status":"publish","type":"product","link":"https:\/\/mgvpublications.com\/de\/kutuel-amare-kut-almis-ordunun-zaferi\/","title":{"rendered":"Kut\u00fc&#8217;l-Amare &#038; Kut Alm\u0131\u015f Ordunun Zaferi"},"content":{"rendered":"<table class=\"attribute\">\n<tbody>\n<tr>\n<td>Ver\u00f6fentlichung<\/td>\n<td>2017-10-04<\/td>\n<\/tr>\n<tr>\n<td>ISBN<\/td>\n<td>6050826012<\/td>\n<\/tr>\n<tr>\n<td>Druckauflage<\/td>\n<td>1. Bask\u0131<\/td>\n<\/tr>\n<tr>\n<td>Sprache<\/td>\n<td>T\u00dcRK\u00c7E<\/td>\n<\/tr>\n<tr>\n<td>Seiten<\/td>\n<td>272<\/td>\n<\/tr>\n<tr>\n<td>Art<\/td>\n<td>Karton Kapak<\/td>\n<\/tr>\n<tr>\n<td>Papierart<\/td>\n<td>Kitap Ka\u011f\u0131d\u0131<\/td>\n<\/tr>\n<tr>\n<td>Ma\u00dfe<\/td>\n<td>13.5 x 21 cm<\/td>\n<\/tr>\n<\/tbody>\n<\/table>","protected":false},"excerpt":{"rendered":"<p>Birinci D\u00fcnya Sava\u015f\u0131\u2019n\u0131n en \u00f6nemli cephelerinden biri hi\u00e7 \u015f\u00fcphesiz Irak Cephesi\u2019dir. Bu cephenin en stratejik kazan\u0131m\u0131 ise \u201cyenilmezlikleriyle\u201d nam salm\u0131\u015f \u0130ngilizlere kar\u015f\u0131 elde edilen Kut\u00fc\u2019l-Amare Zaferi\u2019dir. Osmanl\u0131lar a\u00e7\u0131s\u0131ndan bu \u00f6nemli zafer b\u00fcy\u00fck bir moral kayna\u011f\u0131 olmu\u015f, elveri\u015fsiz ko\u015fullara ve yetersiz kaynaklara ra\u011fmen \u0130ngilizlerin inad\u0131n\u0131 sebatla k\u0131rmay\u0131 ba\u015farm\u0131\u015flard\u0131r.<\/p>\n<p>\u2022 I. D\u00fcnya Sava\u015f\u0131\u2019nda Irak Cephesi\u2019nin, dolay\u0131s\u0131yla Kut\u00fc\u2019l-Amare ku\u015fatmas\u0131n\u0131n \u00f6nemi nedir?<\/p>\n<p>\u2022 Irak Cephesi\u2019ndeki muharebelerin yap\u0131ld\u0131\u011f\u0131 co\u011frafya asker\u00ee anlamda hangi \u00f6zelliklere sahipti?<\/p>\n<p>\u2022 \u0130ngiliz ve Osmanl\u0131 ordusunun bu cephedeki asker\u00ee\/sosyal durumu ku\u015fatmadan \u00f6nce ve sonra nas\u0131ld\u0131?<\/p>\n<p>\u2022 Kut\u00fc\u2019l-Amare ku\u015fatmas\u0131 hangi ko\u015fullar alt\u0131nda, nas\u0131l cereyan etti?<\/p>\n<p>\u2022 Zafer \u00f6ncesinde Osmanl\u0131 K\u0131taat\u0131 Kumandan\u0131 Halil Kut Pa\u015fa, \u0130ngiliz Kuvvetleri Kumandan\u0131 General Charles Townshend\u2019e g\u00f6nderdi\u011fi mektupta neler yaz\u0131yordu?<\/p>\n<p>\u2022 \u0130ngilizler, esirleri mukabilinde Halil Kut Pa\u015fa\u2019ya r\u00fc\u015fvet teklif etmi\u015fler miydi?<\/p>\n<p>\u2022 Zafer sonras\u0131nda yerli ve yabanc\u0131 bas\u0131nda ne t\u00fcr haberler yay\u0131mland\u0131?<\/p>\n<p>Asker\u00ee tarih alan\u0131nda yapt\u0131\u011f\u0131 \u00e7al\u0131\u015fmalarla dikkatleri \u00fczerine \u00e7eken ara\u015ft\u0131rmac\u0131\/yazar Erhan \u00c7ifci <em>Kut Alm\u0131\u015f Bir Ordunun Zaferi\/Kut\u00fc\u2019l-Amare <\/em>ad\u0131n\u0131 verdi\u011fi bu eseriyle; muharebeyi haz\u0131rlayan fiziki\/sosyal ko\u015fullar\u0131, her iki taraf\u0131n sava\u015f\u0131n seyrini de\u011fi\u015ftiren akt\u00f6rlerini, sava\u015f\u0131n safha safha, nas\u0131l cereyan etti\u011fini ve sonu\u00e7lar\u0131n\u0131 bir film senaryosu tad\u0131nda kaleme alm\u0131\u015ft\u0131r. \u00c7ifci \u00e7o\u011fu ilk kez bu eserde yay\u0131nlanacak haritalar, belgeler ve foto\u011fraflar e\u015fli\u011finde muharebenin her safhas\u0131n\u0131 konuyla alakal\u0131 yerli\/yabanc\u0131 pek \u00e7ok kayna\u011f\u0131 mukayeseli bi\u00e7imde g\u00f6zden ge\u00e7irip, hamasetten uzak ve objektif bir bak\u0131\u015f a\u00e7\u0131s\u0131yla yazarak bu alandaki \u00f6nemli bo\u015flu\u011fu doldurmu\u015ftur.<\/p>","protected":false},"featured_media":12131,"template":"","meta":{"spay_email":""},"product_cat":[170],"product_tag":[],"item":[360],"acf":[],"_links":{"self":[{"href":"https:\/\/mgvpublications.com\/de\/wp-json\/wp\/v2\/product\/12130"}],"collection":[{"href":"https:\/\/mgvpublications.com\/de\/wp-json\/wp\/v2\/product"}],"about":[{"href":"https:\/\/mgvpublications.com\/de\/wp-json\/wp\/v2\/types\/product"}],"wp:featuredmedia":[{"embeddable":true,"href":"https:\/\/mgvpublications.com\/de\/wp-json\/wp\/v2\/media\/12131"}],"wp:attachment":[{"href":"https:\/\/mgvpublications.com\/de\/wp-json\/wp\/v2\/media?parent=12130"}],"wp:term":[{"taxonomy":"product_cat","embeddable":true,"href":"https:\/\/mgvpublications.com\/de\/wp-json\/wp\/v2\/product_cat?post=12130"},{"taxonomy":"product_tag","embeddable":true,"href":"https:\/\/mgvpublications.com\/de\/wp-json\/wp\/v2\/product_tag?post=12130"},{"taxonomy":"item","embeddable":true,"href":"https:\/\/mgvpublications.com\/de\/wp-json\/wp\/v2\/item?post=12130"}],"curies":[{"name":"wp","href":"https:\/\/api.w.org\/{rel}","templated":true}]}}