{"id":12114,"date":"2020-06-21T17:53:08","date_gmt":"2020-06-21T15:53:08","guid":{"rendered":"https:\/\/dev2.mgvpublications.com\/produkt\/sonra-giydirir-ask-esvabini\/"},"modified":"2022-03-08T22:34:31","modified_gmt":"2022-03-08T21:34:31","slug":"sonra-giydirir-ask-esvabini","status":"publish","type":"product","link":"https:\/\/mgvpublications.com\/de\/sonra-giydirir-ask-esvabini\/","title":{"rendered":"Sonra Giydirir A\u015fk Esvab\u0131n\u0131"},"content":{"rendered":"<table class=\"attribute\">\n<tbody>\n<tr>\n<td>Ver\u00f6fentlichung<\/td>\n<td>2020-05-13<\/td>\n<\/tr>\n<tr>\n<td>ISBN<\/td>\n<td>6050833461<\/td>\n<\/tr>\n<tr>\n<td>Druckauflage<\/td>\n<td>1. Bask\u0131<\/td>\n<\/tr>\n<tr>\n<td>Sprache<\/td>\n<td>T\u00dcRK\u00c7E<\/td>\n<\/tr>\n<tr>\n<td>Seiten<\/td>\n<td>80<\/td>\n<\/tr>\n<tr>\n<td>Art<\/td>\n<td>Ciltli<\/td>\n<\/tr>\n<tr>\n<td>Papierart<\/td>\n<td>Kitap Ka\u011f\u0131d\u0131<\/td>\n<\/tr>\n<tr>\n<td>Ma\u00dfe<\/td>\n<td>17 x 21.5 cm<\/td>\n<\/tr>\n<\/tbody>\n<\/table>","protected":false},"excerpt":{"rendered":"<p><em>\u201cG\u00f6zlerime bakarak verdi\u011fin sevinci<\/em><br \/>\n<em>Ne de toz mavi kurdeleni<\/em><br \/>\n<em>Kaybedemem asla.<\/em><br \/>\n<em>Fark\u0131nda de\u011filler h\u00e2l\u00e2, bitti san\u0131yorlar.<\/em><br \/>\n<em>Ac\u0131 esas \u015fimdi ba\u015fl\u0131yor.\u201d<\/em><\/p>\n<p>Romanlar\u0131 ve oyunculu\u011fu ile T\u00fcrkiye\u2019de ve d\u00fcnyada b\u00fcy\u00fck ilgiyle takip edilen Bahad\u0131r Yeni\u015fehirlio\u011flu \u00f6zel bask\u0131l\u0131 ilk \u015fiir kitab\u0131nda hayata, inanca ve a\u015fka dair duygu dolu \u015fiirleriyle \u00e7\u0131k\u0131yor okurlar\u0131n\u0131n kar\u015f\u0131s\u0131na\u2026<br \/>\nG\u00f6rsel ve i\u015fitsel bir \u015f\u00f6len olarak tasarlanan <em>Sonra Giydirir A\u015fk Esvab\u0131n\u0131<\/em>\u2019da 50\u2019yi a\u015fk\u0131n \u015fiir yer al\u0131yor. Kitaptaki \u015fiirlerden baz\u0131lar\u0131 her biri i\u00e7in ayr\u0131 ayr\u0131 bestelenen m\u00fcziklerle Bahad\u0131r Yeni\u015fehirlio\u011flu taraf\u0131ndan seslendirildi.<br \/>\nS\u00f6z\u00fcn ve m\u00fczi\u011fin g\u00fcc\u00fcn\u00fc bir araya getiren bu \u00e7al\u0131\u015fmada, kitab\u0131n i\u00e7ine yerle\u015ftirilmi\u015f QR kodlarla seslendirilen \u015fiirlere eri\u015fti\u011finizde \u00e7ok farkl\u0131 bir okuma deneyimi ya\u015fayacaks\u0131n\u0131z.<\/p>","protected":false},"featured_media":12115,"template":"","meta":{"spay_email":""},"product_cat":[168],"product_tag":[],"item":[360],"acf":[],"_links":{"self":[{"href":"https:\/\/mgvpublications.com\/de\/wp-json\/wp\/v2\/product\/12114"}],"collection":[{"href":"https:\/\/mgvpublications.com\/de\/wp-json\/wp\/v2\/product"}],"about":[{"href":"https:\/\/mgvpublications.com\/de\/wp-json\/wp\/v2\/types\/product"}],"wp:featuredmedia":[{"embeddable":true,"href":"https:\/\/mgvpublications.com\/de\/wp-json\/wp\/v2\/media\/12115"}],"wp:attachment":[{"href":"https:\/\/mgvpublications.com\/de\/wp-json\/wp\/v2\/media?parent=12114"}],"wp:term":[{"taxonomy":"product_cat","embeddable":true,"href":"https:\/\/mgvpublications.com\/de\/wp-json\/wp\/v2\/product_cat?post=12114"},{"taxonomy":"product_tag","embeddable":true,"href":"https:\/\/mgvpublications.com\/de\/wp-json\/wp\/v2\/product_tag?post=12114"},{"taxonomy":"item","embeddable":true,"href":"https:\/\/mgvpublications.com\/de\/wp-json\/wp\/v2\/item?post=12114"}],"curies":[{"name":"wp","href":"https:\/\/api.w.org\/{rel}","templated":true}]}}