{"id":12105,"date":"2020-06-21T17:24:57","date_gmt":"2020-06-21T15:24:57","guid":{"rendered":"https:\/\/dev2.mgvpublications.com\/produkt\/cocuklar-neden-farkli-ennegram-dokuz-mizac-modeline-goere-kisilik-gelisimi\/"},"modified":"2022-03-08T22:34:29","modified_gmt":"2022-03-08T21:34:29","slug":"cocuklar-neden-farkli-ennegram-dokuz-mizac-modeline-goere-kisilik-gelisimi","status":"publish","type":"product","link":"https:\/\/mgvpublications.com\/de\/cocuklar-neden-farkli-ennegram-dokuz-mizac-modeline-goere-kisilik-gelisimi\/","title":{"rendered":"\u00c7ocuklar Neden Farkl\u0131 &#038; Ennegram &#8211; Dokuz Miza\u00e7 Modeline G\u00f6re Ki\u015filik Geli\u015fimi"},"content":{"rendered":"<table class=\"attribute\">\n<tbody>\n<tr>\n<td>Ver\u00f6fentlichung<\/td>\n<td>2017-05-04<\/td>\n<\/tr>\n<tr>\n<td>ISBN<\/td>\n<td>6054577507<\/td>\n<\/tr>\n<tr>\n<td>Druckauflage<\/td>\n<td>2. Bask\u0131<\/td>\n<\/tr>\n<tr>\n<td>Sprache<\/td>\n<td>T\u00dcRK\u00c7E<\/td>\n<\/tr>\n<tr>\n<td>Seiten<\/td>\n<td>262<\/td>\n<\/tr>\n<tr>\n<td>Art<\/td>\n<td>Karton Kapak<\/td>\n<\/tr>\n<tr>\n<td>Papierart<\/td>\n<td>Kitap Ka\u011f\u0131d\u0131<\/td>\n<\/tr>\n<tr>\n<td>Ma\u00dfe<\/td>\n<td>13.5 x 21 cm<\/td>\n<\/tr>\n<\/tbody>\n<\/table>","protected":false},"excerpt":{"rendered":"<p>Ben miza\u00e7 tipi \u201c1\u201d olan bir anneyim.k\u0131z\u0131m\u0131n miza\u00e7 tipi\u201d2\u201d.K\u0131z\u0131m\u0131n duygusall\u0131\u011f\u0131n\u0131 \u00e7o\u011fu zaman anlamakta zorlanm\u0131\u015f\u0131md\u0131r.Yanl\u0131\u015f yapt\u0131\u011f\u0131 zaman ele\u015ftirdi\u011fimde \u201cbiliyorum anne beni seviyorsun!\u201ddemesi benim garibime gitmi\u015fti.Halbuki ben onun hatalar\u0131n\u0131 d\u00fczeltmek istiyordum.Ama k\u0131z\u0131m \u201c2\u201d mizac\u0131nda bir \u00e7ocuk olarak bu ele\u015ftirimi o nun sevemedi\u011fim \u015feklinde yorumluyordu.Bu yap\u0131s\u0131n\u0131 anlad\u0131\u011f\u0131mda benim i\u00e7in \u00f6nemli bir ufuk oldu ve kendi mizac\u0131ma odaklanmadan o nun ihtiya\u00e7lar\u0131na daha duyarl\u0131 olmaya gayret ettim.onu ele\u015ftirmeden \u00f6nce onu sevdi\u011fimi ve benim i\u00e7in \u00e7ok de\u011ferli oldu\u011funu hissettirerek ele\u015ftirilerimi yumu\u015fak bir \u015fekilde ifade etmeye gayret ettim.\u201d<\/p>","protected":false},"featured_media":12106,"template":"","meta":{"spay_email":""},"product_cat":[175],"product_tag":[],"item":[1094],"acf":[],"_links":{"self":[{"href":"https:\/\/mgvpublications.com\/de\/wp-json\/wp\/v2\/product\/12105"}],"collection":[{"href":"https:\/\/mgvpublications.com\/de\/wp-json\/wp\/v2\/product"}],"about":[{"href":"https:\/\/mgvpublications.com\/de\/wp-json\/wp\/v2\/types\/product"}],"wp:featuredmedia":[{"embeddable":true,"href":"https:\/\/mgvpublications.com\/de\/wp-json\/wp\/v2\/media\/12106"}],"wp:attachment":[{"href":"https:\/\/mgvpublications.com\/de\/wp-json\/wp\/v2\/media?parent=12105"}],"wp:term":[{"taxonomy":"product_cat","embeddable":true,"href":"https:\/\/mgvpublications.com\/de\/wp-json\/wp\/v2\/product_cat?post=12105"},{"taxonomy":"product_tag","embeddable":true,"href":"https:\/\/mgvpublications.com\/de\/wp-json\/wp\/v2\/product_tag?post=12105"},{"taxonomy":"item","embeddable":true,"href":"https:\/\/mgvpublications.com\/de\/wp-json\/wp\/v2\/item?post=12105"}],"curies":[{"name":"wp","href":"https:\/\/api.w.org\/{rel}","templated":true}]}}