{"id":12094,"date":"2020-06-21T17:05:53","date_gmt":"2020-06-21T15:05:53","guid":{"rendered":"https:\/\/dev2.mgvpublications.com\/produkt\/mueslueman-ve-siyaset\/"},"modified":"2022-03-08T22:34:28","modified_gmt":"2022-03-08T21:34:28","slug":"mueslueman-ve-siyaset","status":"publish","type":"product","link":"https:\/\/mgvpublications.com\/de\/mueslueman-ve-siyaset\/","title":{"rendered":"M\u00fcsl\u00fcman ve Siyaset"},"content":{"rendered":"<table class=\"attribute\">\n<tbody>\n<tr>\n<td>Ver\u00f6fentlichung<\/td>\n<td>2017-01-01<\/td>\n<\/tr>\n<tr>\n<td>ISBN<\/td>\n<td>6058334755<\/td>\n<\/tr>\n<tr>\n<td>Druckauflage<\/td>\n<td>1. Bask\u0131<\/td>\n<\/tr>\n<tr>\n<td>Sprache<\/td>\n<td>T\u00dcRK\u00c7E<\/td>\n<\/tr>\n<tr>\n<td>Seiten<\/td>\n<td>272<\/td>\n<\/tr>\n<tr>\n<td>Art<\/td>\n<td>Karton Kapak<\/td>\n<\/tr>\n<tr>\n<td>Papierart<\/td>\n<td>Kitap Ka\u011f\u0131d\u0131<\/td>\n<\/tr>\n<tr>\n<td>Ma\u00dfe<\/td>\n<td>13.5 x 21 cm<\/td>\n<\/tr>\n<\/tbody>\n<\/table>","protected":false},"excerpt":{"rendered":"<p>G\u00fcn\u00fcm\u00fcz M\u00fcsl\u00fcman&#8217;\u0131 iki konuda tam bir bunal\u0131m ve kriz i\u00e7indedir. Bu krizin temel sebebi \u0130slam dininin do\u011fru bir \u015fekilde \u00f6\u011frenilmemesidir.<br \/>\nBu iki konu \u015fudur:<br \/>\nBirincisi; MAR\u0130FETULLAH; Allah (c.c)&#8217;\u0131 bilip tan\u0131mak, kudretine g\u00fcvenip \u0130slam&#8217;a tabi olmakt\u0131r.<br \/>\n\u0130kincisi; MER\u0130FET\u00dcNNEFS; insan\u0131n kendisini bilmesi ve tan\u0131mas\u0131d\u0131r.<br \/>\nBu iki konu ilimdir ve insanlar bu iki konuda derin bir cehalet i\u00e7indedir.<br \/>\nBu asr\u0131n M\u00fcsl\u00fcmanlar\u0131 olarak bu iki konuda derin cehaletimizi ortadan kald\u0131rmadan i\u00e7inde bulundu\u011fumuz bunal\u0131m ve krizden kurtulmay\u0131z.<br \/>\nM\u00fcsl\u00fcmanlar\u0131n ve b\u00fct\u00fcn d\u00fcnya insanl\u0131\u011f\u0131n\u0131n kurtulu\u015fu, Milli G\u00f6r\u00fc\u015f\u00fcn topluma telkin etti\u011fi, Adil D\u00fczenin ve Yeni Bir Saadet D\u00fcnyas\u0131n\u0131n kurulmas\u0131na ba\u011fl\u0131d\u0131r. Bu bir siyasettir ve bu siyasetin \u00fcst\u00fcn hale gelmesi, ben M\u00fcsl\u00fcman\u0131m diyenler i\u00e7in bir iman ve kulluk g\u00f6revidir. Bu \u00e7al\u0131\u015fmada yer alan yaz\u0131lar, M\u00fcsl\u00fcmana siyaset sorumlulu\u011funu hat\u0131rlatan yaz\u0131lard\u0131r.<br \/>\n\u0130\u015fimize \u0130slams\u0131z Saadet Olmuyor ile ba\u015fl\u0131yoruz. Murad\u0131n ger\u00e7ek hakikatini en iyi bilen Allah&#8217;t\u0131r.<\/p>","protected":false},"featured_media":12095,"template":"","meta":{"spay_email":""},"product_cat":[174],"product_tag":[],"item":[1090],"acf":[],"_links":{"self":[{"href":"https:\/\/mgvpublications.com\/de\/wp-json\/wp\/v2\/product\/12094"}],"collection":[{"href":"https:\/\/mgvpublications.com\/de\/wp-json\/wp\/v2\/product"}],"about":[{"href":"https:\/\/mgvpublications.com\/de\/wp-json\/wp\/v2\/types\/product"}],"wp:featuredmedia":[{"embeddable":true,"href":"https:\/\/mgvpublications.com\/de\/wp-json\/wp\/v2\/media\/12095"}],"wp:attachment":[{"href":"https:\/\/mgvpublications.com\/de\/wp-json\/wp\/v2\/media?parent=12094"}],"wp:term":[{"taxonomy":"product_cat","embeddable":true,"href":"https:\/\/mgvpublications.com\/de\/wp-json\/wp\/v2\/product_cat?post=12094"},{"taxonomy":"product_tag","embeddable":true,"href":"https:\/\/mgvpublications.com\/de\/wp-json\/wp\/v2\/product_tag?post=12094"},{"taxonomy":"item","embeddable":true,"href":"https:\/\/mgvpublications.com\/de\/wp-json\/wp\/v2\/item?post=12094"}],"curies":[{"name":"wp","href":"https:\/\/api.w.org\/{rel}","templated":true}]}}