{"id":12066,"date":"2020-06-20T02:38:41","date_gmt":"2020-06-20T00:38:41","guid":{"rendered":"https:\/\/dev2.mgvpublications.com\/produkt\/yarim-bir-kul-tam-bir-huezuenuem\/"},"modified":"2022-03-08T22:34:28","modified_gmt":"2022-03-08T21:34:28","slug":"yarim-bir-kul-tam-bir-huezuenuem","status":"publish","type":"product","link":"https:\/\/mgvpublications.com\/de\/yarim-bir-kul-tam-bir-huezuenuem\/","title":{"rendered":"Yar\u0131m Bir Kul Tam Bir H\u00fcz\u00fcn\u00fcm"},"content":{"rendered":"<table class=\"attribute\">\n<tbody>\n<tr>\n<td>Ver\u00f6fentlichung<\/td>\n<td>2019-12-13<\/td>\n<\/tr>\n<tr>\n<td>ISBN<\/td>\n<td>6051292533<\/td>\n<\/tr>\n<tr>\n<td>Druckauflage<\/td>\n<td>1. Bask\u0131<\/td>\n<\/tr>\n<tr>\n<td>Sprache<\/td>\n<td>T\u00dcRK\u00c7E<\/td>\n<\/tr>\n<tr>\n<td>Seiten<\/td>\n<td>192<\/td>\n<\/tr>\n<tr>\n<td>Art<\/td>\n<td>Karton Kapak<\/td>\n<\/tr>\n<tr>\n<td>Papierart<\/td>\n<td>Kitap Ka\u011f\u0131d\u0131<\/td>\n<\/tr>\n<tr>\n<td>Ma\u00dfe<\/td>\n<td>13.5 x 21 cm<\/td>\n<\/tr>\n<\/tbody>\n<\/table>","protected":false},"excerpt":{"rendered":"<p>\u00dcz\u00fclm\u00fc\u015fs\u00fcn, belki de bu d\u00fcnya ile s\u0131nanm\u0131\u015fs\u0131n, istediklerin verilmemi\u015f, yutkunam\u0131yor, \u00e7\u00f6k\u00fcp kal\u0131yor veya hangi yoldan gidece\u011fini bilemiyorsun.<\/p>\n<p>Biliyorum&#8230; Bu d\u00fcnyaya \u201cYoruldum\u201d diye hayk\u0131rmak istiyorsun avaz\u0131n \u00e7\u0131kana kadar.<br \/>\nAma;<br \/>\nSabretmeyi b\u0131rakma,<br \/>\ndenemeyi b\u0131rakma,<br \/>\nduay\u0131 b\u0131rakma!<br \/>\nD\u00fcnya h\u00e2li; her dert bir sonraki derde basamak oluyor.<br \/>\nBir nevi Rabbimiz; bizi ba\u015fka kay\u0131plara, ba\u015fka hasretlere, ba\u015fka y\u00fcklere haz\u0131rl\u0131yor.<br \/>\nHepsinin ismi \u015f\u00fck\u00fcr ki &#8220;\u0130MT\u0130HAN&#8221;<br \/>\nSonra t\u00fcm yoku\u015flar\u0131n ba\u015f\u0131nda &#8220;RABB\u0130N \u0130\u00c7\u0130N SABRET&#8221; ayetiyle teskin ediyor g\u00f6nl\u00fcn\u00fc.<br \/>\nDemek ki, Rabbimiz &#8220;Z\u00fcl Celali Vel \u0130kram&#8221; isminin tecellisini g\u00f6stermek istiyor.<br \/>\n\u00d6nce; kah\u0131r, h\u00fcz\u00fcn, dert, keder, \u0131zd\u0131rap.<br \/>\nSonra; rahatl\u0131k, ferahl\u0131k, tebess\u00fcm, sevin\u00e7, ikram\u00a0diyor bizlere&#8230;<\/p>","protected":false},"featured_media":12067,"template":"","meta":{"spay_email":""},"product_cat":[168],"product_tag":[],"item":[943],"acf":[],"_links":{"self":[{"href":"https:\/\/mgvpublications.com\/de\/wp-json\/wp\/v2\/product\/12066"}],"collection":[{"href":"https:\/\/mgvpublications.com\/de\/wp-json\/wp\/v2\/product"}],"about":[{"href":"https:\/\/mgvpublications.com\/de\/wp-json\/wp\/v2\/types\/product"}],"wp:featuredmedia":[{"embeddable":true,"href":"https:\/\/mgvpublications.com\/de\/wp-json\/wp\/v2\/media\/12067"}],"wp:attachment":[{"href":"https:\/\/mgvpublications.com\/de\/wp-json\/wp\/v2\/media?parent=12066"}],"wp:term":[{"taxonomy":"product_cat","embeddable":true,"href":"https:\/\/mgvpublications.com\/de\/wp-json\/wp\/v2\/product_cat?post=12066"},{"taxonomy":"product_tag","embeddable":true,"href":"https:\/\/mgvpublications.com\/de\/wp-json\/wp\/v2\/product_tag?post=12066"},{"taxonomy":"item","embeddable":true,"href":"https:\/\/mgvpublications.com\/de\/wp-json\/wp\/v2\/item?post=12066"}],"curies":[{"name":"wp","href":"https:\/\/api.w.org\/{rel}","templated":true}]}}