{"id":12064,"date":"2020-06-20T02:35:45","date_gmt":"2020-06-20T00:35:45","guid":{"rendered":"https:\/\/dev2.mgvpublications.com\/produkt\/kendine-bir-iyilik-yap\/"},"modified":"2023-02-02T18:49:14","modified_gmt":"2023-02-02T17:49:14","slug":"kendine-bir-iyilik-yap","status":"publish","type":"product","link":"https:\/\/mgvpublications.com\/de\/kendine-bir-iyilik-yap\/","title":{"rendered":"Kendine Bir \u0130yilik Yap"},"content":{"rendered":"<table class=\"attribute\">\n<tbody>\n<tr>\n<td>Ver\u00f6fentlichung<\/td>\n<td>2019-11-06<\/td>\n<\/tr>\n<tr>\n<td>ISBN<\/td>\n<td>6051513140<\/td>\n<\/tr>\n<tr>\n<td>Druckauflage<\/td>\n<td>1. Bask\u0131<\/td>\n<\/tr>\n<tr>\n<td>Sprache<\/td>\n<td>T\u00dcRK\u00c7E<\/td>\n<\/tr>\n<tr>\n<td>Seiten<\/td>\n<td>296<\/td>\n<\/tr>\n<tr>\n<td>Art<\/td>\n<td>Karton Kapak<\/td>\n<\/tr>\n<tr>\n<td>Papierart<\/td>\n<td>Kitap Ka\u011f\u0131d\u0131<\/td>\n<\/tr>\n<tr>\n<td>Ma\u00dfe<\/td>\n<td>13.5 x 21 cm<\/td>\n<\/tr>\n<\/tbody>\n<\/table>","protected":false},"excerpt":{"rendered":"<p>G\u00fczellikleri, iyilikleri hep bir kenara b\u0131rakt\u0131k; ac\u0131larla, \u00fcz\u00fcnt\u00fclerle dolduruyoruz y\u00fcre\u011fimizdeki resimleri.<br \/>\nHep siyah ve gri renkler kullan\u0131yoruz.<br \/>\nG\u00fczel d\u00fc\u015f\u00fcnmek g\u00fczel ya\u015famak i\u00e7in kendimizi ve s\u0131n\u0131rlar\u0131m\u0131z\u0131 zorlamam\u0131z gerekti\u011fini bir t\u00fcrl\u00fc anlayam\u0131yoruz.<br \/>\nG\u00fczellikleri ve iyilikleri hi\u00e7bir \u00e7aba ve gayret g\u00f6stermeden aya\u011f\u0131m\u0131za kadar zahmetsiz gelecek san\u0131yoruz. Oysa kocaman bir yan\u0131lg\u0131 i\u00e7indeyiz.<br \/>\n\u0130yi ya\u015famak ve mutlu olmak sadece zenginlikle a\u00e7\u0131klanacak kavramlar de\u011fil.<br \/>\n\u0130yi ve mutlu ya\u015famak hangi \u015fartta ve durumda olunursa olunsun, o \u00e2n\u0131n tad\u0131na varmakt\u0131r.<br \/>\nUnutmay\u0131n ki tek hayat\u0131m\u0131z ve bombo\u015f bir tuvalimiz var.<br \/>\nKimse oray\u0131 karalay\u0131p huzurunuzu bozmadan, al\u0131n elinize boyan\u0131z\u0131 ve f\u0131r\u00e7an\u0131z\u0131 en mutlu renkleri s\u00fcrmeye ba\u015flay\u0131n.<br \/>\n* * *<br \/>\n<em>Hep g\u00fczel d\u00fc\u015f\u00fcn bu hayatta.<\/em><br \/>\n<em>Hep iyi olan ne varsa onu yap ve onu iste Allah\u2019tan da.<\/em><br \/>\n<em>\u00c7\u00fcnk\u00fc niyetler dilek olur, dilekler sebep olur, sebepler dua olur ve dualar kabul olur; unutma. <\/em><br \/>\n* * *<br \/>\n<em>En harika insan sen olursun, ger\u00e7ekten seversen.<\/em><br \/>\n<em>G\u00fcl bah\u00e7esine d\u00f6ner y\u00fcre\u011findeki her k\u00f6\u015fe, iyilik edersen.<\/em><br \/>\n<em>Islanabildi\u011fin kadar \u0131slan ya\u011fmurda, g\u00fcne\u015fe dokunmak i\u00e7in uzat kollar\u0131n\u0131. <\/em><br \/>\n* * *<br \/>\n<em>S\u0131cak bir y\u00fcre\u011fe ihtiya\u00e7 duydu\u011funda hi\u00e7 sa\u011f\u0131na-soluna, ge\u00e7mi\u015fe-gelece\u011fe bakmadan, kimseden bir \u015fey beklemeden sadece kendine ve i\u00e7indeki g\u00fcce sar\u0131l.<\/em><br \/>\n<em>\u00c7ok g\u00fc\u00e7l\u00fcs\u00fcn; unutma.<\/em><\/p>","protected":false},"featured_media":12065,"template":"","meta":{"spay_email":""},"product_cat":[216],"product_tag":[],"item":[443],"acf":[],"_links":{"self":[{"href":"https:\/\/mgvpublications.com\/de\/wp-json\/wp\/v2\/product\/12064"}],"collection":[{"href":"https:\/\/mgvpublications.com\/de\/wp-json\/wp\/v2\/product"}],"about":[{"href":"https:\/\/mgvpublications.com\/de\/wp-json\/wp\/v2\/types\/product"}],"wp:featuredmedia":[{"embeddable":true,"href":"https:\/\/mgvpublications.com\/de\/wp-json\/wp\/v2\/media\/12065"}],"wp:attachment":[{"href":"https:\/\/mgvpublications.com\/de\/wp-json\/wp\/v2\/media?parent=12064"}],"wp:term":[{"taxonomy":"product_cat","embeddable":true,"href":"https:\/\/mgvpublications.com\/de\/wp-json\/wp\/v2\/product_cat?post=12064"},{"taxonomy":"product_tag","embeddable":true,"href":"https:\/\/mgvpublications.com\/de\/wp-json\/wp\/v2\/product_tag?post=12064"},{"taxonomy":"item","embeddable":true,"href":"https:\/\/mgvpublications.com\/de\/wp-json\/wp\/v2\/item?post=12064"}],"curies":[{"name":"wp","href":"https:\/\/api.w.org\/{rel}","templated":true}]}}