{"id":12062,"date":"2020-06-20T02:32:46","date_gmt":"2020-06-20T00:32:46","guid":{"rendered":"https:\/\/dev2.mgvpublications.com\/produkt\/heyet-4-tuerklerin-kutsal-hikayesi\/"},"modified":"2022-03-08T22:34:27","modified_gmt":"2022-03-08T21:34:27","slug":"heyet-4-tuerklerin-kutsal-hikayesi","status":"publish","type":"product","link":"https:\/\/mgvpublications.com\/de\/heyet-4-tuerklerin-kutsal-hikayesi\/","title":{"rendered":"Heyet 4 \/ T\u00fcrklerin Kutsal Hikayesi"},"content":{"rendered":"<table class=\"attribute\">\n<tbody>\n<tr>\n<td>Ver\u00f6fentlichung<\/td>\n<td>2020-02-20<\/td>\n<\/tr>\n<tr>\n<td>ISBN<\/td>\n<td>6057948298<\/td>\n<\/tr>\n<tr>\n<td>Druckauflage<\/td>\n<td>1. Bask\u0131<\/td>\n<\/tr>\n<tr>\n<td>Sprache<\/td>\n<td>T\u00dcRK\u00c7E<\/td>\n<\/tr>\n<tr>\n<td>Seiten<\/td>\n<td>280<\/td>\n<\/tr>\n<tr>\n<td>Art<\/td>\n<td>Karton Kapak<\/td>\n<\/tr>\n<tr>\n<td>Papierart<\/td>\n<td>Kitap Ka\u011f\u0131d\u0131<\/td>\n<\/tr>\n<tr>\n<td>Ma\u00dfe<\/td>\n<td>13.5 x 21 cm<\/td>\n<\/tr>\n<\/tbody>\n<\/table>","protected":false},"excerpt":{"rendered":"<p>Tarihte ad\u0131 ge\u00e7en iki T\u00fcrk peygamber kimdi, O\u011fuz Ka\u011fan neyi simgeliyordu, Kur\u2019an\u2019da bahsedilen Z\u00fclkarneyn\u2019in (a.s.) O\u011fuz Ka\u011fan\u2019la ba\u011f\u0131 neydi, T\u00fcrklerin ilk kitab\u0131 Ulu Han Ata Biti\u011fi\u2019nde neler yaz\u0131yordu.<\/p>\n<p>Haz\u0131rsan\u0131z sizi s\u0131ra d\u0131\u015f\u0131 bir yolculu\u011fa \u00e7\u0131kar\u0131yoruz. Yada ta\u015f\u0131n\u0131n esrar\u0131ndan Alt\u0131n Elbiseli Adam\u2019\u0131n gizemine, Alp Er Tunga\u2019n\u0131n s\u0131r dolu hayat\u0131ndan Yec\u00fcc ile Mec\u00fcc\u2019\u00fcn O\u011fuz Ka\u011fan\u2019la ili\u015fkisine, kurulu\u015fun kutsal hik\u00e2yesinden T\u00fcrklerin anlat\u0131lmam\u0131\u015f ser\u00fcvenine uzanan, kaynaklara ve bulgulara dayal\u0131 ola\u011fan\u00fcst\u00fc bir yolculuk.<\/p>\n<p>Ak\u0131c\u0131 \u00fcslubu ve s\u0131ra d\u0131\u015f\u0131 anlat\u0131m\u0131yla beklenen kitap HEYET 4, bildi\u011finiz T\u00fcrk Tarih tezlerini sarsacak. Sorular\u0131n\u0131za cevap bulduk\u00e7a \u00e7ok daha fazla soruyla kar\u015f\u0131 kar\u015f\u0131ya kalacaks\u0131n\u0131z. Bunun i\u00e7in ilk sayfay\u0131 a\u00e7man\u0131z yeterli. Kitab\u0131n ba\u015f\u0131ndan bir daha kalkamayacaks\u0131n\u0131z.<\/p>","protected":false},"featured_media":12063,"template":"","meta":{"spay_email":""},"product_cat":[170],"product_tag":[],"item":[1390],"acf":[],"_links":{"self":[{"href":"https:\/\/mgvpublications.com\/de\/wp-json\/wp\/v2\/product\/12062"}],"collection":[{"href":"https:\/\/mgvpublications.com\/de\/wp-json\/wp\/v2\/product"}],"about":[{"href":"https:\/\/mgvpublications.com\/de\/wp-json\/wp\/v2\/types\/product"}],"wp:featuredmedia":[{"embeddable":true,"href":"https:\/\/mgvpublications.com\/de\/wp-json\/wp\/v2\/media\/12063"}],"wp:attachment":[{"href":"https:\/\/mgvpublications.com\/de\/wp-json\/wp\/v2\/media?parent=12062"}],"wp:term":[{"taxonomy":"product_cat","embeddable":true,"href":"https:\/\/mgvpublications.com\/de\/wp-json\/wp\/v2\/product_cat?post=12062"},{"taxonomy":"product_tag","embeddable":true,"href":"https:\/\/mgvpublications.com\/de\/wp-json\/wp\/v2\/product_tag?post=12062"},{"taxonomy":"item","embeddable":true,"href":"https:\/\/mgvpublications.com\/de\/wp-json\/wp\/v2\/item?post=12062"}],"curies":[{"name":"wp","href":"https:\/\/api.w.org\/{rel}","templated":true}]}}