{"id":12057,"date":"2020-06-20T02:24:48","date_gmt":"2020-06-20T00:24:48","guid":{"rendered":"https:\/\/dev2.mgvpublications.com\/produkt\/utangac-ayi-monti\/"},"modified":"2022-03-08T22:34:27","modified_gmt":"2022-03-08T21:34:27","slug":"utangac-ayi-monti","status":"publish","type":"product","link":"https:\/\/mgvpublications.com\/de\/utangac-ayi-monti\/","title":{"rendered":"Utanga\u00e7 Ay\u0131 Monti"},"content":{"rendered":"<table class=\"attribute\">\n<tbody>\n<tr>\n<td>\u00c7evirmen:<\/td>\n<td><a href=\"https:\/\/www.kitapyurdu.com\/yazar\/ali-berktay\/1009.html\" target=\"_blank\" rel=\"noopener\"> Ali Berktay<\/a><\/td>\n<\/tr>\n<tr>\n<td>Ver\u00f6fentlichung<\/td>\n<td>2019-04-16<\/td>\n<\/tr>\n<tr>\n<td>Orjinal Ad\u0131<\/td>\n<td>The Bear Who Stared<\/td>\n<\/tr>\n<tr>\n<td>ISBN<\/td>\n<td>6052950425<\/td>\n<\/tr>\n<tr>\n<td>Druckauflage<\/td>\n<td>9. Bask\u0131<\/td>\n<\/tr>\n<tr>\n<td>Sprache<\/td>\n<td>T\u00dcRK\u00c7E<\/td>\n<\/tr>\n<tr>\n<td>Seiten<\/td>\n<td>40<\/td>\n<\/tr>\n<tr>\n<td>Art<\/td>\n<td>Karton Kapak<\/td>\n<\/tr>\n<tr>\n<td>Papierart<\/td>\n<td>Kitap Ka\u011f\u0131d\u0131<\/td>\n<\/tr>\n<\/tbody>\n<\/table>","protected":false},"excerpt":{"rendered":"<p>Evvel zaman i\u00e7inde bir ay\u0131 vard\u0131 Monti\u2019ydi onun ad\u0131.<br \/>\nG\u00f6zlerini dikip bakmaya, herkesi seyretmeye bay\u0131l\u0131rd\u0131.<br \/>\nAsl\u0131nda Ay\u0131 Monti kabal\u0131k etmek istemiyordu,<br \/>\nama \u00f6yle merakl\u0131yd\u0131 ki kendini tutam\u0131yordu&#8230;<br \/>\nAma hi\u00e7 kimse s\u00fcrekli \u00fczerine dikilen bak\u0131\u015flardan ho\u015flanmaz, eh zaten Ay\u0131 Monti\u2019nin ba\u015f\u0131 da \u00e7ok ge\u00e7meden derde girdi.<br \/>\nNeyse ki patlak g\u00f6zl\u00fc bir kurba\u011fa, Monti\u2019ye do\u011fru yolu g\u00f6sterecekti!<br \/>\n<strong>Heyecan verici gen\u00e7 yetenek Duncan Beedie\u2019den <\/strong><br \/>\n<strong>\u00c7ok sevimli ve e\u011flenceli bir resimli kitap!<\/strong><\/p>","protected":false},"featured_media":12058,"template":"","meta":{"spay_email":""},"product_cat":[172],"product_tag":[],"item":[336],"acf":[],"_links":{"self":[{"href":"https:\/\/mgvpublications.com\/de\/wp-json\/wp\/v2\/product\/12057"}],"collection":[{"href":"https:\/\/mgvpublications.com\/de\/wp-json\/wp\/v2\/product"}],"about":[{"href":"https:\/\/mgvpublications.com\/de\/wp-json\/wp\/v2\/types\/product"}],"wp:featuredmedia":[{"embeddable":true,"href":"https:\/\/mgvpublications.com\/de\/wp-json\/wp\/v2\/media\/12058"}],"wp:attachment":[{"href":"https:\/\/mgvpublications.com\/de\/wp-json\/wp\/v2\/media?parent=12057"}],"wp:term":[{"taxonomy":"product_cat","embeddable":true,"href":"https:\/\/mgvpublications.com\/de\/wp-json\/wp\/v2\/product_cat?post=12057"},{"taxonomy":"product_tag","embeddable":true,"href":"https:\/\/mgvpublications.com\/de\/wp-json\/wp\/v2\/product_tag?post=12057"},{"taxonomy":"item","embeddable":true,"href":"https:\/\/mgvpublications.com\/de\/wp-json\/wp\/v2\/item?post=12057"}],"curies":[{"name":"wp","href":"https:\/\/api.w.org\/{rel}","templated":true}]}}