{"id":12053,"date":"2020-06-20T02:14:07","date_gmt":"2020-06-20T00:14:07","guid":{"rendered":"https:\/\/dev2.mgvpublications.com\/produkt\/birak-ve-rahatla\/"},"modified":"2022-05-14T20:40:01","modified_gmt":"2022-05-14T18:40:01","slug":"birak-ve-rahatla","status":"publish","type":"product","link":"https:\/\/mgvpublications.com\/de\/birak-ve-rahatla\/","title":{"rendered":"B\u0131rak ve Rahatla"},"content":{"rendered":"<p>Yay\u0131n Tarihi: 07.10.2019<br \/>ISBN: 9786050830705<br \/>Dil: T\u00dcRK\u00c7E<br \/>Sayfa Say\u0131s\u0131: 288<br \/>Cilt Tipi: Karton Kapak<br \/>Ka\u011f\u0131t Cinsi: Kitap Ka\u011f\u0131d\u0131<br \/>Boyut: 13.5 x 21 cm<\/p>","protected":false},"excerpt":{"rendered":"<p>Bazen \u00f6yle anlar olur ki duygular\u0131m\u0131z\u0131 y\u00f6netemeyiz&#8230; Duygular\u0131m\u0131z bizi y\u00f6netir\u2026 \u00d6fkemizle ba\u015f etmekte zorluk \u00e7eker; sevdiklerimizi k\u0131rar, incitir, sonra pi\u015fman oluruz\u2026 Kayg\u0131lar\u0131m\u0131z ya\u015fam\u0131m\u0131z\u0131 esir al\u0131r; ad\u0131m atmakta zorluk \u00e7eker, karars\u0131zl\u0131klar ya\u015far\u0131z\u2026 Sabah uyand\u0131\u011f\u0131m\u0131zda \u2018iyi bir g\u00fcn ge\u00e7irmeye\u2019 niyet eder; g\u00fcn\u00fc i\u00e7 daralmalar\u0131 ile kapat\u0131r\u0131z\u2026 \u0130yi d\u00fc\u015f\u00fcnmek yetmez; iyi hissetmekte zorluk \u00e7ekeriz&#8230; \u0130\u00e7 seslerimiz bir t\u00fcrl\u00fc susmaz; hayata tebess\u00fcm edemeyiz\u2026 Bir tela\u015f, bir acelecilik i\u00e7inde ya\u015far; yery\u00fcz\u00fcn\u00fc kendi g\u00f6zlerimizle seyredemeyiz\u2026 Ve t\u00fcm bunlar\u0131n de\u011fi\u015fmeyece\u011fine inan\u0131r, kalitesiz bir ya\u015fama kendimizi mahk\u00fbm ederiz&#8230; Halbuki, duygular\u0131n zarara u\u011fram\u0131\u015f yanlar\u0131n\u0131 onarmak, onar\u0131lm\u0131\u015f duygularla bir i\u00e7 geni\u015fli\u011fi i\u00e7inde ya\u015famak m\u00fcmk\u00fcnd\u00fcr\u2026 De\u011fersizlik hislerimizden, yetersizliklerimizden, g\u00fcvensizliklerimizden ve i\u00e7imizde y\u0131llar boyunca birikmi\u015f t\u00fcm ho\u015fnutsuzluk duygular\u0131ndan ar\u0131nabilir, ruhsal \u00f6zg\u00fcrl\u00fc\u011f\u00fcm\u00fcze yeniden kavu\u015fabiliriz\u2026 Adem G\u00fcne\u015f, B\u0131rak ve Rahatla\u2019da kendimizi nas\u0131l onarabilece\u011fimizi anlat\u0131yor\u2026 Alt\u0131 haftal\u0131k bir program i\u00e7erisinde \u2018Duygusal Fark\u0131ndal\u0131k E\u011fitimi\u2019 sunuyor\u2026 Peki ama nas\u0131l? Tela\u015fl\u0131 ya\u015fam\u0131 b\u0131rak\u0131p biyolojik ritmi d\u00fczenleyerek \u2018sakinli\u011fe\u2019 eri\u015fmek\u2026 Bast\u0131r\u0131lm\u0131\u015f duygular\u0131 b\u0131rak\u0131p \u2018ruhsal \u00f6zg\u00fcrl\u00fc\u011f\u00fc\u2019 hissetmek\u2026 Kayg\u0131l\u0131 bedeni b\u0131rak\u0131p \u2018i\u00e7 geni\u015fli\u011fi\u2019 elde etmek\u2026 B\u0131rak ve Rahatla, ge\u00e7mi\u015fini onarmak ve ger\u00e7ek kendili\u011fini bulmak isteyen herkes i\u00e7in&#8230;<\/p>","protected":false},"featured_media":22488,"template":"","meta":{"spay_email":""},"product_cat":[175],"product_tag":[],"item":[360],"acf":[],"_links":{"self":[{"href":"https:\/\/mgvpublications.com\/de\/wp-json\/wp\/v2\/product\/12053"}],"collection":[{"href":"https:\/\/mgvpublications.com\/de\/wp-json\/wp\/v2\/product"}],"about":[{"href":"https:\/\/mgvpublications.com\/de\/wp-json\/wp\/v2\/types\/product"}],"wp:featuredmedia":[{"embeddable":true,"href":"https:\/\/mgvpublications.com\/de\/wp-json\/wp\/v2\/media\/22488"}],"wp:attachment":[{"href":"https:\/\/mgvpublications.com\/de\/wp-json\/wp\/v2\/media?parent=12053"}],"wp:term":[{"taxonomy":"product_cat","embeddable":true,"href":"https:\/\/mgvpublications.com\/de\/wp-json\/wp\/v2\/product_cat?post=12053"},{"taxonomy":"product_tag","embeddable":true,"href":"https:\/\/mgvpublications.com\/de\/wp-json\/wp\/v2\/product_tag?post=12053"},{"taxonomy":"item","embeddable":true,"href":"https:\/\/mgvpublications.com\/de\/wp-json\/wp\/v2\/item?post=12053"}],"curies":[{"name":"wp","href":"https:\/\/api.w.org\/{rel}","templated":true}]}}