{"id":12047,"date":"2020-12-02T15:44:49","date_gmt":"2020-12-02T14:44:49","guid":{"rendered":"https:\/\/dev2.mgvpublications.com\/produkt\/daha-da-kuecuekler-icin-allahi-merak-ediyorum-seti-5-kitap\/"},"modified":"2022-03-08T22:34:25","modified_gmt":"2022-03-08T21:34:25","slug":"daha-da-kuecuekler-icin-allahi-merak-ediyorum-seti-5-kitap","status":"publish","type":"product","link":"https:\/\/mgvpublications.com\/de\/daha-da-kuecuekler-icin-allahi-merak-ediyorum-seti-5-kitap\/","title":{"rendered":"Daha da K\u00fc\u00e7\u00fckler \u0130\u00e7in Allah&#8217;\u0131 Merak Ediyorum Seti (5 Kitap)"},"content":{"rendered":"<p>Yay\u0131n Tarihi: 12.12.2014<br \/>ISBN: 9786054965205<br \/>Dil: T\u00dcRK\u00c7E<br \/>Cilt Tipi: Karton Kapak<br \/>Ka\u011f\u0131t Cinsi: Ku\u015fe Ka\u011f\u0131t<br \/>Boyut: 16.5 x 21 cm<\/p>","protected":false},"excerpt":{"rendered":"<p>E\u011fer akl\u0131n\u0131za bir soru geldiyse onun mutlaka bir cevab\u0131 vard\u0131r. Sadece sorulmam\u0131\u015f sorular\u0131n cevab\u0131 yoktur! Sorulmam\u0131\u015f soru olur mu peki? Ba\u015fkalar\u0131 i\u00e7in belki ama Meryem i\u00e7in asla! \u00c7\u00fcnk\u00fc babas\u0131, \u201cakl\u0131na bir soru geldi\u011finde mutlaka sormal\u0131s\u0131n\u201d demi\u015fti. \u00c7ok sevilen Allah\u00b4\u0131 Merak Ediyorum kitaplar\u0131 \u015fimdi daha da k\u00fc\u00e7\u00fckler i\u00e7in! Be\u015f kitapl\u0131k dizinin her kitab\u0131nda bir soruya cevap veriliyor: \u00b4Her \u015feyi Allah yaratt\u0131. Peki ama Allah\u2019\u0131 kim yaratt\u0131?Allah\u00b4\u0131 neden g\u00f6remiyorum? Allah nerede ve ne kadar b\u00fcy\u00fck?<\/p>","protected":false},"featured_media":21387,"template":"","meta":{"spay_email":""},"product_cat":[172],"product_tag":[],"item":[692],"acf":[],"_links":{"self":[{"href":"https:\/\/mgvpublications.com\/de\/wp-json\/wp\/v2\/product\/12047"}],"collection":[{"href":"https:\/\/mgvpublications.com\/de\/wp-json\/wp\/v2\/product"}],"about":[{"href":"https:\/\/mgvpublications.com\/de\/wp-json\/wp\/v2\/types\/product"}],"wp:featuredmedia":[{"embeddable":true,"href":"https:\/\/mgvpublications.com\/de\/wp-json\/wp\/v2\/media\/21387"}],"wp:attachment":[{"href":"https:\/\/mgvpublications.com\/de\/wp-json\/wp\/v2\/media?parent=12047"}],"wp:term":[{"taxonomy":"product_cat","embeddable":true,"href":"https:\/\/mgvpublications.com\/de\/wp-json\/wp\/v2\/product_cat?post=12047"},{"taxonomy":"product_tag","embeddable":true,"href":"https:\/\/mgvpublications.com\/de\/wp-json\/wp\/v2\/product_tag?post=12047"},{"taxonomy":"item","embeddable":true,"href":"https:\/\/mgvpublications.com\/de\/wp-json\/wp\/v2\/item?post=12047"}],"curies":[{"name":"wp","href":"https:\/\/api.w.org\/{rel}","templated":true}]}}