{"id":12039,"date":"2020-06-17T23:15:04","date_gmt":"2020-06-17T21:15:04","guid":{"rendered":"https:\/\/dev2.mgvpublications.com\/produkt\/carp-yoksa-ben-carparim\/"},"modified":"2022-03-08T22:34:24","modified_gmt":"2022-03-08T21:34:24","slug":"carp-yoksa-ben-carparim","status":"publish","type":"product","link":"https:\/\/mgvpublications.com\/de\/carp-yoksa-ben-carparim\/","title":{"rendered":"\u00c7arp Yoksa Ben \u00c7arpar\u0131m!"},"content":{"rendered":"<div>Yay\u0131n Tarihi 2015-03-17<\/div>\n<div>ISBN 6054965298<\/div>\n<div>Bask\u0131 Say\u0131s\u0131 1. Bask\u0131<\/div>\n<div>Dil T\u00dcRK\u00c7E<\/div>\n<div>Sayfa Say\u0131s\u0131 160<\/div>\n<div>Cilt Tipi Karton Kapak<\/div>\n<div>Ka\u011f\u0131t Cinsi Kitap Ka\u011f\u0131d\u0131<\/div>\n<div>Boyut 13.5 x 19.5 cm<\/div>","protected":false},"excerpt":{"rendered":"<p>TARIK USLU&#8217;nun beklenen kitab\u0131 &#8220;\u00c7ARP YOKSA BEN \u00c7ARPARIM!&#8221; \u00e7\u0131kt\u0131!<\/p>\n<p>&#8220;ACAY\u0130P \u015eEYLER\u0130 SEV\u0130YORSANIZ, BUNA BAYILACAKSINIZ!&#8221;<\/p>\n<p>Aran\u0131zda lisedeki Matematik \u00f6\u011fretmenimi tan\u0131yanlar varsa, rica ederim gidip ona benim bir Matematik kitab\u0131 yazd\u0131\u011f\u0131m\u0131 s\u00f6ylemesin! Y\u00fcre\u011fine iner kad\u0131nca\u011f\u0131z\u0131n!<\/p>\n<p>Asl\u0131nda bana sorarsan\u0131z bu bir Matematik kitab\u0131 da de\u011fil! Ama i\u00e7inde bol miktarda Matematik var.<\/p>\n<p>Bu kitapta g\u00f6r\u00fcp g\u00f6rece\u011finiz hi\u00e7bir \u015fey ihtimal s\u0131navlarda kar\u015f\u0131n\u0131za soru olarak \u00e7\u0131kamayacak. Ama Matematik dersine bak\u0131\u015f\u0131n\u0131z\u0131 de\u011fi\u015ftirecek.<\/p>\n<p>Matemati\u011fi daha m\u0131 \u00e7ok seveceksiniz peki?<\/p>\n<p>Sevenler daha \u00e7ok sevecek, o kesin!<\/p>\n<p>Ya hi\u00e7 sevmeyenler?<\/p>\n<p>Onlar da \u015fimdilik sadece sevecek&#8230;<\/p>\n<p>B\u00fct\u00fcn e\u011fitim \u00f6\u011fretim hayat\u0131 boyunca Matematikten neredeyse nefret etmi\u015f biri olarak, bu kitab\u0131 bitirdi\u011fim g\u00fcn \u015f\u00f6yle d\u00fc\u015f\u00fcnd\u00fcm:<\/p>\n<p>&#8220;Ama bu \u00e7ok e\u011flenceliymi\u015f! Neden kimse bana Matemati\u011fin bu kadar e\u011flenceli bir \u015fey olabilece\u011finden hi\u00e7 bahsetmedi!&#8221;<\/p>\n<p>Evet Matematik e\u011flencelidir, Matematik keyif verir, heyecanland\u0131r\u0131r \u00e7\u00fcnk\u00fc esrarengizdir ve Matematik, daha \u00f6nce hi\u00e7 farketmedi\u011fi bir pencereden d\u00fcnyaya bakmas\u0131n\u0131 sa\u011flar&#8230;<\/p>\n<p>Daha \u00f6nce hi\u00e7 Tar\u0131k Uslu kitab\u0131 okumam\u0131\u015f olanlar i\u00e7in s\u00f6yl\u00fcyorum:<\/p>\n<p>E\u011fleneceksiniz ama bu kuru bir e\u011flence olmayacak. \u015ea\u015f\u0131racaks\u0131n\u0131z ama bu da l\u00fczumsuz bir \u015fa\u015fk\u0131nl\u0131k olmayacak!<\/p>\n<p>&#8220;Biz senin b\u00fct\u00fcn kitaplar\u0131n\u0131 okuduk, bize bir \u015fey yok mu?&#8221; diyenlere ise sadece &#8220;Selam ve merhaba!&#8221; \u00c7\u00fcnk\u00fc onlar ne ile kar\u015f\u0131 kar\u015f\u0131ya olduklar\u0131n\u0131 zaten biliyorlar, \u00f6yle de\u011fil mi?<\/p>","protected":false},"featured_media":15940,"template":"","meta":{"spay_email":""},"product_cat":[180,172],"product_tag":[],"item":[692],"acf":[],"_links":{"self":[{"href":"https:\/\/mgvpublications.com\/de\/wp-json\/wp\/v2\/product\/12039"}],"collection":[{"href":"https:\/\/mgvpublications.com\/de\/wp-json\/wp\/v2\/product"}],"about":[{"href":"https:\/\/mgvpublications.com\/de\/wp-json\/wp\/v2\/types\/product"}],"wp:featuredmedia":[{"embeddable":true,"href":"https:\/\/mgvpublications.com\/de\/wp-json\/wp\/v2\/media\/15940"}],"wp:attachment":[{"href":"https:\/\/mgvpublications.com\/de\/wp-json\/wp\/v2\/media?parent=12039"}],"wp:term":[{"taxonomy":"product_cat","embeddable":true,"href":"https:\/\/mgvpublications.com\/de\/wp-json\/wp\/v2\/product_cat?post=12039"},{"taxonomy":"product_tag","embeddable":true,"href":"https:\/\/mgvpublications.com\/de\/wp-json\/wp\/v2\/product_tag?post=12039"},{"taxonomy":"item","embeddable":true,"href":"https:\/\/mgvpublications.com\/de\/wp-json\/wp\/v2\/item?post=12039"}],"curies":[{"name":"wp","href":"https:\/\/api.w.org\/{rel}","templated":true}]}}