{"id":12037,"date":"2020-12-02T15:44:48","date_gmt":"2020-12-02T14:44:48","guid":{"rendered":"https:\/\/dev2.mgvpublications.com\/produkt\/bilim-oeykueleri\/"},"modified":"2022-03-08T22:34:24","modified_gmt":"2022-03-08T21:34:24","slug":"bilim-oeykueleri","status":"publish","type":"product","link":"https:\/\/mgvpublications.com\/de\/bilim-oeykueleri\/","title":{"rendered":"Bilim \u00d6yk\u00fcleri"},"content":{"rendered":"<p>Yay\u0131n Tarihi: 01.01.2011<br \/>ISBN: 9786055523138<br \/>Dil: T\u00dcRK\u00c7E<br \/>Sayfa Say\u0131s\u0131: 144<br \/>Cilt Tipi: Karton Kapak<br \/>Ka\u011f\u0131t Cinsi: Kitap Ka\u011f\u0131d\u0131<br \/>Boyut: 13.5 x 19.5 cm<\/p>","protected":false},"excerpt":{"rendered":"<p>En az, Acayip \u015eeyler kitaplar\u0131 kadar acayip bir kitap bu! Bilim \u00d6yk\u00fcleri ad\u0131 alt\u0131nda okuyaca\u011f\u0131n\u0131z bu \u00f6yk\u00fcler, bilim tarihinin en ilgin\u00e7 sayfalar\u0131ndan derlendi. Ancak derlenen bu \u00f6yk\u00fcleri, sizlere bir ders kitab\u0131 gibi de\u011fil, son derece e\u011flenceli bir maceral\u0131 hik\u00e2ye kitab\u0131 gibi anlatmay\u0131 tercih etti&#8230; Hayalen, bilim tarihinin en \u00f6nemli olaylar\u0131n\u0131n ya\u015fand\u0131\u011f\u0131 zamanlara gitti ve olan biteni kendine g\u00f6re yapt\u0131\u011f\u0131 kurgularla sat\u0131rlara d\u00f6kt\u00fc. Bu kitab\u0131 okurken hem \u00e7ok g\u00fcleceksiniz, hem de \u00e7ok e\u011fleneceksiniz&#8230; Ancak bir yandan g\u00fcl\u00fcp e\u011flenirken; bir yandan da, bilim ve bilim tarihine ait \u00e7ok \u00f6nemli bilgileri rahat rahat \u00f6\u011frenmi\u015f olacaks\u0131n\u0131z. Ve kendi kendinize \u015funu sormadan da edemeyeceksiniz: &#8220;Ders kitaplar\u0131 neden s\u0131k\u0131c\u0131 olmak zorunda?&#8221;<\/p>","protected":false},"featured_media":18864,"template":"","meta":{"spay_email":""},"product_cat":[172],"product_tag":[],"item":[692],"acf":[],"_links":{"self":[{"href":"https:\/\/mgvpublications.com\/de\/wp-json\/wp\/v2\/product\/12037"}],"collection":[{"href":"https:\/\/mgvpublications.com\/de\/wp-json\/wp\/v2\/product"}],"about":[{"href":"https:\/\/mgvpublications.com\/de\/wp-json\/wp\/v2\/types\/product"}],"wp:featuredmedia":[{"embeddable":true,"href":"https:\/\/mgvpublications.com\/de\/wp-json\/wp\/v2\/media\/18864"}],"wp:attachment":[{"href":"https:\/\/mgvpublications.com\/de\/wp-json\/wp\/v2\/media?parent=12037"}],"wp:term":[{"taxonomy":"product_cat","embeddable":true,"href":"https:\/\/mgvpublications.com\/de\/wp-json\/wp\/v2\/product_cat?post=12037"},{"taxonomy":"product_tag","embeddable":true,"href":"https:\/\/mgvpublications.com\/de\/wp-json\/wp\/v2\/product_tag?post=12037"},{"taxonomy":"item","embeddable":true,"href":"https:\/\/mgvpublications.com\/de\/wp-json\/wp\/v2\/item?post=12037"}],"curies":[{"name":"wp","href":"https:\/\/api.w.org\/{rel}","templated":true}]}}