{"id":12020,"date":"2020-12-02T15:44:46","date_gmt":"2020-12-02T14:44:46","guid":{"rendered":"https:\/\/dev2.mgvpublications.com\/produkt\/allahin-guezel-isimleri-5-kitap\/"},"modified":"2022-06-18T16:58:18","modified_gmt":"2022-06-18T14:58:18","slug":"allahin-guezel-isimleri-5-kitap","status":"publish","type":"product","link":"https:\/\/mgvpublications.com\/de\/allahin-guezel-isimleri-5-kitap\/","title":{"rendered":"Allah&#8217;\u0131n G\u00fczel \u0130simleri (5 kitap)"},"content":{"rendered":"<p>Yay\u0131n Tarihi: 07.02.2017<br \/>ISBN: 9786059548335<br \/>Dil: T\u00dcRK\u00c7E<br \/>Sayfa Say\u0131s\u0131: 60<br \/>Cilt Tipi: Karton Kapak<br \/>Ka\u011f\u0131t Cinsi: Ku\u015fe Ka\u011f\u0131t<br \/>Boyut: 20 x 20 cm<\/p>","protected":false},"excerpt":{"rendered":"<p>Allah\u2019\u0131n G\u00fczel \u0130simleri, okul \u00f6ncesi ve okumaya yeni ba\u015flam\u0131\u015f 4-8 ya\u015f aral\u0131\u011f\u0131ndaki minik okurlar\u0131m\u0131z i\u00e7in haz\u0131rland\u0131. Be\u015f kitaptan olu\u015fan dizinin her bir kitab\u0131nda, bir esma konu edinilmekte ve bu esma, oyun hamuru k\u0131vam\u0131nda \u015feker gibi tatl\u0131 resimlerle birlikte anlat\u0131lmaktad\u0131r. Allah&#8217;\u0131n G\u00fczel \u0130simleri 1: VEDUD Allah&#8217;\u0131n G\u00fczel \u0130simleri 2: KUDD\u00dcS Allah&#8217;\u0131n G\u00fczel \u0130simleri 3: SEM\u0130 Allah&#8217;\u0131n G\u00fczel \u0130simleri 4: REZZAK Allah&#8217;\u0131n G\u00fczel \u0130simleri 5: BAS\u0130R<\/p>","protected":false},"featured_media":23148,"template":"","meta":{"spay_email":""},"product_cat":[172],"product_tag":[],"item":[692],"acf":[],"_links":{"self":[{"href":"https:\/\/mgvpublications.com\/de\/wp-json\/wp\/v2\/product\/12020"}],"collection":[{"href":"https:\/\/mgvpublications.com\/de\/wp-json\/wp\/v2\/product"}],"about":[{"href":"https:\/\/mgvpublications.com\/de\/wp-json\/wp\/v2\/types\/product"}],"wp:featuredmedia":[{"embeddable":true,"href":"https:\/\/mgvpublications.com\/de\/wp-json\/wp\/v2\/media\/23148"}],"wp:attachment":[{"href":"https:\/\/mgvpublications.com\/de\/wp-json\/wp\/v2\/media?parent=12020"}],"wp:term":[{"taxonomy":"product_cat","embeddable":true,"href":"https:\/\/mgvpublications.com\/de\/wp-json\/wp\/v2\/product_cat?post=12020"},{"taxonomy":"product_tag","embeddable":true,"href":"https:\/\/mgvpublications.com\/de\/wp-json\/wp\/v2\/product_tag?post=12020"},{"taxonomy":"item","embeddable":true,"href":"https:\/\/mgvpublications.com\/de\/wp-json\/wp\/v2\/item?post=12020"}],"curies":[{"name":"wp","href":"https:\/\/api.w.org\/{rel}","templated":true}]}}