{"id":12018,"date":"2020-06-17T17:35:22","date_gmt":"2020-06-17T15:35:22","guid":{"rendered":"https:\/\/dev2.mgvpublications.com\/produkt\/kuecueklerin-bueyuek-sorulari-seti-5-kitap\/"},"modified":"2022-03-22T11:49:38","modified_gmt":"2022-03-22T10:49:38","slug":"kuecueklerin-bueyuek-sorulari-seti-5-kitap","status":"publish","type":"product","link":"https:\/\/mgvpublications.com\/de\/kuecueklerin-bueyuek-sorulari-seti-5-kitap\/","title":{"rendered":"K\u00fc\u00e7\u00fcklerin B\u00fcy\u00fck Sorular\u0131 Seti (5 Kitap)"},"content":{"rendered":"<p>Yay\u0131n Tarihi: 12.09.2014<br \/>ISBN: 9786054965212<br \/>Dil: T\u00dcRK\u00c7E<br \/>Sayfa Say\u0131s\u0131: 240<br \/>Cilt Tipi: Karton Kapak<br \/>Ka\u011f\u0131t Cinsi: Kitap Ka\u011f\u0131d\u0131<br \/>Boyut: 16.5 x 22 cm<\/p>","protected":false},"excerpt":{"rendered":"<p>1.\u00d6lmek Ne Demek? 2.Cennet Nas\u0131l Bir Yer? 3.Allah&#8217;\u0131n G\u00fczel \u0130simlerini Neden \u00d6\u011frenmeliyim? 4.Kur&#8217;an Okumay\u0131 Neden \u00d6\u011frenmeliyim? 5.Melekler K\u0131z m\u0131, Erkek mi?<\/p>","protected":false},"featured_media":21383,"template":"","meta":{"spay_email":""},"product_cat":[172],"product_tag":[],"item":[692],"acf":[],"_links":{"self":[{"href":"https:\/\/mgvpublications.com\/de\/wp-json\/wp\/v2\/product\/12018"}],"collection":[{"href":"https:\/\/mgvpublications.com\/de\/wp-json\/wp\/v2\/product"}],"about":[{"href":"https:\/\/mgvpublications.com\/de\/wp-json\/wp\/v2\/types\/product"}],"wp:featuredmedia":[{"embeddable":true,"href":"https:\/\/mgvpublications.com\/de\/wp-json\/wp\/v2\/media\/21383"}],"wp:attachment":[{"href":"https:\/\/mgvpublications.com\/de\/wp-json\/wp\/v2\/media?parent=12018"}],"wp:term":[{"taxonomy":"product_cat","embeddable":true,"href":"https:\/\/mgvpublications.com\/de\/wp-json\/wp\/v2\/product_cat?post=12018"},{"taxonomy":"product_tag","embeddable":true,"href":"https:\/\/mgvpublications.com\/de\/wp-json\/wp\/v2\/product_tag?post=12018"},{"taxonomy":"item","embeddable":true,"href":"https:\/\/mgvpublications.com\/de\/wp-json\/wp\/v2\/item?post=12018"}],"curies":[{"name":"wp","href":"https:\/\/api.w.org\/{rel}","templated":true}]}}