{"id":12008,"date":"2020-06-16T15:00:39","date_gmt":"2020-06-16T13:00:39","guid":{"rendered":"https:\/\/dev2.mgvpublications.com\/produkt\/kuecuek-sahabiler-2-set-4-kitap\/"},"modified":"2022-03-08T22:34:22","modified_gmt":"2022-03-08T21:34:22","slug":"kuecuek-sahabiler-2-set-4-kitap","status":"publish","type":"product","link":"https:\/\/mgvpublications.com\/de\/kuecuek-sahabiler-2-set-4-kitap\/","title":{"rendered":"K\u00fc\u00e7\u00fck Sahabiler 2.Set (4 Kitap)"},"content":{"rendered":"<div><\/div>\n<div>Yay\u0131n Tarihi 2017-07-27<\/div>\n<div>ISBN 9786059723640<\/div>\n<div>Bask\u0131 Say\u0131s\u0131 1. Bask\u0131<\/div>\n<div>Dil T\u00dcRK\u00c7E<\/div>\n<div>Cilt Tipi Karton Kapak<\/div>\n<div>Ka\u011f\u0131t Cinsi Ku\u015fe Ka\u011f\u0131t<\/div>\n<div>Boyut 20 x 20 cm<\/div>","protected":false},"excerpt":{"rendered":"<p>K\u00fc\u00e7\u00fck Sahabiler-5: A\u011faca Ta\u015f Atan \u00c7ocuk<br \/>\nK\u00fc\u00e7\u00fck Sahabiler-6: Enes\u2019in G\u00f6revi<br \/>\nK\u00fc\u00e7\u00fck Sahabiler-7: On G\u00fcm\u00fc\u015f Para<br \/>\nK\u00fc\u00e7\u00fck Sahabiler-8: D\u00fcnyan\u0131n En \u015eansl\u0131 \u00c7ocu\u011fu<\/p>","protected":false},"featured_media":14403,"template":"","meta":{"spay_email":""},"product_cat":[172],"product_tag":[],"item":[692],"acf":[],"_links":{"self":[{"href":"https:\/\/mgvpublications.com\/de\/wp-json\/wp\/v2\/product\/12008"}],"collection":[{"href":"https:\/\/mgvpublications.com\/de\/wp-json\/wp\/v2\/product"}],"about":[{"href":"https:\/\/mgvpublications.com\/de\/wp-json\/wp\/v2\/types\/product"}],"wp:featuredmedia":[{"embeddable":true,"href":"https:\/\/mgvpublications.com\/de\/wp-json\/wp\/v2\/media\/14403"}],"wp:attachment":[{"href":"https:\/\/mgvpublications.com\/de\/wp-json\/wp\/v2\/media?parent=12008"}],"wp:term":[{"taxonomy":"product_cat","embeddable":true,"href":"https:\/\/mgvpublications.com\/de\/wp-json\/wp\/v2\/product_cat?post=12008"},{"taxonomy":"product_tag","embeddable":true,"href":"https:\/\/mgvpublications.com\/de\/wp-json\/wp\/v2\/product_tag?post=12008"},{"taxonomy":"item","embeddable":true,"href":"https:\/\/mgvpublications.com\/de\/wp-json\/wp\/v2\/item?post=12008"}],"curies":[{"name":"wp","href":"https:\/\/api.w.org\/{rel}","templated":true}]}}