{"id":11933,"date":"2020-05-26T10:44:33","date_gmt":"2020-05-26T08:44:33","guid":{"rendered":"https:\/\/dev2.mgvpublications.com\/produkt\/yunus-emre-kod7\/"},"modified":"2022-03-08T22:34:22","modified_gmt":"2022-03-08T21:34:22","slug":"yunus-emre-kod7","status":"publish","type":"product","link":"https:\/\/mgvpublications.com\/de\/yunus-emre-kod7\/","title":{"rendered":"Yunus Emre"},"content":{"rendered":"<p>&nbsp;<\/p>\n<div class=\"section\">\n<div class=\"grid_3 alpha omega\">\n<table class=\"attribute\">\n<tbody>\n<tr>\n<td>Ver\u00f6fentlichung<\/td>\n<td>2012-08-01<\/td>\n<\/tr>\n<tr>\n<td>ISBN<\/td>\n<td>9758180080<\/td>\n<\/tr>\n<tr>\n<td>Druckauflage<\/td>\n<td>14. Bask\u0131<\/td>\n<\/tr>\n<tr>\n<td>Sprache<\/td>\n<td>T\u00dcRK\u00c7E<\/td>\n<\/tr>\n<tr>\n<td>Seiten<\/td>\n<td>92<\/td>\n<\/tr>\n<tr>\n<td>Art<\/td>\n<td>Karton Kapak<\/td>\n<\/tr>\n<tr>\n<td>Papierart<\/td>\n<td>Kitap Ka\u011f\u0131d\u0131<\/td>\n<\/tr>\n<tr>\n<td>Ma\u00dfe<\/td>\n<td>12 x 20 cm<\/td>\n<\/tr>\n<\/tbody>\n<\/table>\n<\/div>\n<\/div>","protected":false},"excerpt":{"rendered":"<p>Yunus Emre<br \/>\n&#8211; \u00d6n taraf\u0131 a\u00e7\u0131l\u0131r-kapan\u0131r bir mik\u00e2p i\u00e7inde hayat\u0131 yakalamak&#8230; Kapana k\u0131st\u0131r\u0131r gibi.. Tiyatro budur.<br \/>\n&#8211; Bana sorars\u0131n\u0131z be\u015fer\u00ee ke\u015fiflerin en b\u00fcy\u00fc\u011f\u00fc olarak tekerle\u011fi g\u00f6steririm. Sanat \u015fekilleri i\u00e7inde bence en b\u00fcy\u00fck ke\u015fif tiyatro.. Tekerlek, nas\u0131l, bitmeyen mesafeler \u00fczerinde sonsuz bir d\u00f6n\u00fc\u015fse, tiyatro da, durmayan zaman\u0131n mik\u00e2b bi\u00e7imi bir kavanoz i\u00e7inde, b\u00fct\u00fcn madde ve hareket kadrosiyle dondurulmas\u0131&#8230;<\/p>","protected":false},"featured_media":11934,"template":"","meta":{"spay_email":""},"product_cat":[168],"product_tag":[],"item":[383],"acf":[],"_links":{"self":[{"href":"https:\/\/mgvpublications.com\/de\/wp-json\/wp\/v2\/product\/11933"}],"collection":[{"href":"https:\/\/mgvpublications.com\/de\/wp-json\/wp\/v2\/product"}],"about":[{"href":"https:\/\/mgvpublications.com\/de\/wp-json\/wp\/v2\/types\/product"}],"wp:featuredmedia":[{"embeddable":true,"href":"https:\/\/mgvpublications.com\/de\/wp-json\/wp\/v2\/media\/11934"}],"wp:attachment":[{"href":"https:\/\/mgvpublications.com\/de\/wp-json\/wp\/v2\/media?parent=11933"}],"wp:term":[{"taxonomy":"product_cat","embeddable":true,"href":"https:\/\/mgvpublications.com\/de\/wp-json\/wp\/v2\/product_cat?post=11933"},{"taxonomy":"product_tag","embeddable":true,"href":"https:\/\/mgvpublications.com\/de\/wp-json\/wp\/v2\/product_tag?post=11933"},{"taxonomy":"item","embeddable":true,"href":"https:\/\/mgvpublications.com\/de\/wp-json\/wp\/v2\/item?post=11933"}],"curies":[{"name":"wp","href":"https:\/\/api.w.org\/{rel}","templated":true}]}}