{"id":11929,"date":"2020-05-26T10:37:57","date_gmt":"2020-05-26T08:37:57","guid":{"rendered":"https:\/\/dev2.mgvpublications.com\/produkt\/cile\/"},"modified":"2022-03-08T22:34:22","modified_gmt":"2022-03-08T21:34:22","slug":"cile","status":"publish","type":"product","link":"https:\/\/mgvpublications.com\/de\/cile\/","title":{"rendered":"\u00c7ile"},"content":{"rendered":"<table class=\"attribute\">\n<tbody>\n<tr>\n<td>Ver\u00f6fentlichung<\/td>\n<td>2013-05-01<\/td>\n<\/tr>\n<tr>\n<td>ISBN<\/td>\n<td>9758180126<\/td>\n<\/tr>\n<tr>\n<td>Druckauflage<\/td>\n<td>76. Bask\u0131<\/td>\n<\/tr>\n<tr>\n<td>Sprache<\/td>\n<td>T\u00dcRK\u00c7E<\/td>\n<\/tr>\n<tr>\n<td>Seiten<\/td>\n<td>512<\/td>\n<\/tr>\n<tr>\n<td>Art<\/td>\n<td>Karton Kapak<\/td>\n<\/tr>\n<tr>\n<td>Papierart<\/td>\n<td>Kitap Ka\u011f\u0131d\u0131<\/td>\n<\/tr>\n<tr>\n<td>Ma\u00dfe<\/td>\n<td>12.5 x 19.5 cm<\/td>\n<\/tr>\n<\/tbody>\n<\/table>","protected":false},"excerpt":{"rendered":"<div id=\"description_text\" class=\"readmore-js-section readmore-js-collapsed\">\u015eairli\u011fim on iki ya\u015f\u0131mda ba\u015flad\u0131.<br \/>\nBahanesi tuhaft\u0131r:<br \/>\nAnnem hastahanedeydi. Ziyaretine gitmi\u015ftim&#8230; Beyaz yatak \u00f6rt\u00fcs\u00fcnde, siyah kapl\u0131, k\u00fc\u00e7\u00fck ve eski bir defter.. Biti\u015fikte yatan veremli gen\u00e7 k\u0131z\u0131n \u015fiirleri varm\u0131\u015f defterde.. Haberi veren annem, bir an g\u00f6zlerimin i\u00e7ini taray\u0131p:<br \/>\n&#8211; Senin dedi; \u015fair olman\u0131 ne kadar isterdim!<br \/>\nAnnemin dile\u011fi bana, i\u00e7imde besleyip de on iki ya\u015f\u0131ma kadar fark\u0131nda olmad\u0131\u011f\u0131m bir \u015fey gibi g\u00f6r\u00fcnd\u00fc. Varl\u0131k hikmetimin ta kendisi&#8230; G\u00f6zlerim, hastahane odas\u0131n\u0131n penceresinde, savrulan kar ve uluyan r\u00fczgara kar\u015f\u0131, i\u00e7imden karar\u0131m\u0131 verdim:<br \/>\n&#8211; \u015eair olaca\u011f\u0131m!<br \/>\nVe oldum.<\/p>\n<p>1925&#8217;de &#8220;\u00d6r\u00fcmcek A\u011f\u0131&#8221;, 1928&#8217;de &#8220;Kald\u0131r\u0131mlar&#8221;, 1932&#8217;de &#8220;Ben ve \u00d6tesi&#8221;, 1953&#8217;de &#8220;Sonsuzluk Kervan\u0131&#8221; ve 1969&#8217;da &#8220;\u015eiirlerim&#8221; ismiyle yay\u0131nlanm\u0131\u015f \u015fiir kitaplar\u0131n\u0131n bir \u00e7ok bak\u0131mdan kendini ifadelendiremedi\u011fini s\u00f6yleyen Necip Faz\u0131l K\u0131sak\u00fcrek&#8217;in, 1922&#8217;de Yeni Mecmua&#8217;da yay\u0131nlanm\u0131\u015f ilk \u015fiirinden ba\u015flayarak bizzat kendisi taraf\u0131ndan s\u00fcz\u00fclen, ay\u0131klanan, d\u00fczeltilen ve bir araya getirilen b\u00fct\u00fcn \u015fiirleri\u2026<\/p>\n<p>Ve Poetikas\u0131\u2026 Bir yanda belli ba\u015fl\u0131 bir sanat anlay\u0131\u015f\u0131ndan t\u00fcten \u015fiirler, di\u011fer yanda, bu sanat anlay\u0131\u015f\u0131n\u0131n t\u00fctt\u00fcrd\u00fc\u011f\u00fc \u015fiir mefk\u00fbresi\u2026<\/p><\/div>","protected":false},"featured_media":14401,"template":"","meta":{"spay_email":""},"product_cat":[168],"product_tag":[],"item":[383],"acf":[],"_links":{"self":[{"href":"https:\/\/mgvpublications.com\/de\/wp-json\/wp\/v2\/product\/11929"}],"collection":[{"href":"https:\/\/mgvpublications.com\/de\/wp-json\/wp\/v2\/product"}],"about":[{"href":"https:\/\/mgvpublications.com\/de\/wp-json\/wp\/v2\/types\/product"}],"wp:featuredmedia":[{"embeddable":true,"href":"https:\/\/mgvpublications.com\/de\/wp-json\/wp\/v2\/media\/14401"}],"wp:attachment":[{"href":"https:\/\/mgvpublications.com\/de\/wp-json\/wp\/v2\/media?parent=11929"}],"wp:term":[{"taxonomy":"product_cat","embeddable":true,"href":"https:\/\/mgvpublications.com\/de\/wp-json\/wp\/v2\/product_cat?post=11929"},{"taxonomy":"product_tag","embeddable":true,"href":"https:\/\/mgvpublications.com\/de\/wp-json\/wp\/v2\/product_tag?post=11929"},{"taxonomy":"item","embeddable":true,"href":"https:\/\/mgvpublications.com\/de\/wp-json\/wp\/v2\/item?post=11929"}],"curies":[{"name":"wp","href":"https:\/\/api.w.org\/{rel}","templated":true}]}}