{"id":11905,"date":"2020-12-02T15:44:39","date_gmt":"2020-12-02T14:44:39","guid":{"rendered":"https:\/\/dev2.mgvpublications.com\/produkt\/fihi-ma-fih-mevlananin-konusma-ve-sohbetleri\/"},"modified":"2024-10-25T22:22:27","modified_gmt":"2024-10-25T20:22:27","slug":"fihi-ma-fih-mevlananin-konusma-ve-sohbetleri","status":"publish","type":"product","link":"https:\/\/mgvpublications.com\/de\/fihi-ma-fih-mevlananin-konusma-ve-sohbetleri\/","title":{"rendered":"Fihi Ma Fih Mevlana\u2019n\u0131n Konu\u015fma ve Sohbetleri"},"content":{"rendered":"<p>\u00c7evirmen: Cemal Ayd\u0131n<br \/>Yay\u0131n Tarihi: 05.07.2019<br \/>ISBN: 9786059778695<br \/>Dil: T\u00dcRK\u00c7E<br \/>Sayfa Say\u0131s\u0131: 368<br \/>Cilt Tipi: Karton Kapak<br \/>Ka\u011f\u0131t Cinsi: Kitap Ka\u011f\u0131d\u0131<br \/>Boyut: 13.5 x 21 cm<\/p>","protected":false},"excerpt":{"rendered":"<p>Ger\u00e7ek anlamda bir \u015faheser olan F\u00eehi M\u00e2 F\u00eeh, Hz. Mevl\u00e2na\u2019n\u0131n \u00e7e\u015fitli ortamlardaki konu\u015fma ve sohbetlerinden, ayr\u0131ca kendisine sorulan sorulara verdi\u011fi cevaplardan olu\u015fan ger\u00e7ek bir maneviyat ve irfan hazinesidir. \u0130ngilizcesi, Almancas\u0131 ve Frans\u0131zcas\u0131yla Bat\u0131l\u0131 d\u00fc\u015f\u00fcn\u00fcrleri, Mesnev\u00ee kadar derinden etkileyen F\u00eehi M\u00e2 F\u00eeh pek \u00e7ok ki\u015finin \u0130sl\u00e2m\u2019a \u0131s\u0131nmas\u0131na ve hidayetine vesile olmu\u015f ve olmaya da devam ediyor. Bu kitap, bizim yeterince bilip takdir edemedi\u011fimiz e\u015fsiz klasiklerimizin en ba\u015fta gelenlerindendir. \u00d6ns\u00f6zde yaz\u0131lanlara g\u00f6z atan bir okuyucu, F\u00eehi M\u00e2 F\u00eeh\u2019i neden kitapl\u0131\u011f\u0131nda bulundurmas\u0131 ve d\u00f6n\u00fcp d\u00f6n\u00fcp okumas\u0131 gereken \u00f6l\u00fcms\u00fcz bir eser oldu\u011funu g\u00f6recektir.<\/p>","protected":false},"featured_media":18860,"template":"","meta":{"spay_email":""},"product_cat":[174],"product_tag":[],"item":[767],"acf":[],"_links":{"self":[{"href":"https:\/\/mgvpublications.com\/de\/wp-json\/wp\/v2\/product\/11905"}],"collection":[{"href":"https:\/\/mgvpublications.com\/de\/wp-json\/wp\/v2\/product"}],"about":[{"href":"https:\/\/mgvpublications.com\/de\/wp-json\/wp\/v2\/types\/product"}],"wp:featuredmedia":[{"embeddable":true,"href":"https:\/\/mgvpublications.com\/de\/wp-json\/wp\/v2\/media\/18860"}],"wp:attachment":[{"href":"https:\/\/mgvpublications.com\/de\/wp-json\/wp\/v2\/media?parent=11905"}],"wp:term":[{"taxonomy":"product_cat","embeddable":true,"href":"https:\/\/mgvpublications.com\/de\/wp-json\/wp\/v2\/product_cat?post=11905"},{"taxonomy":"product_tag","embeddable":true,"href":"https:\/\/mgvpublications.com\/de\/wp-json\/wp\/v2\/product_tag?post=11905"},{"taxonomy":"item","embeddable":true,"href":"https:\/\/mgvpublications.com\/de\/wp-json\/wp\/v2\/item?post=11905"}],"curies":[{"name":"wp","href":"https:\/\/api.w.org\/{rel}","templated":true}]}}