{"id":11903,"date":"2020-05-08T01:09:16","date_gmt":"2020-05-07T23:09:16","guid":{"rendered":"https:\/\/dev2.mgvpublications.com\/produkt\/pendname-oeguetler-kitabi\/"},"modified":"2022-09-08T13:31:23","modified_gmt":"2022-09-08T11:31:23","slug":"pendname-oeguetler-kitabi","status":"publish","type":"product","link":"https:\/\/mgvpublications.com\/de\/pendname-oeguetler-kitabi\/","title":{"rendered":"Pendname &#8211; \u00d6\u011f\u00fctler Kitab\u0131"},"content":{"rendered":"<p>&nbsp;<\/p>\n<div class=\"section\">\n<div class=\"grid_3 alpha omega\">\n<table class=\"attribute\">\n<tbody>\n<tr>\n<td>\u00c7evirmen:<\/td>\n<td><a href=\"https:\/\/www.kitapyurdu.com\/yazar\/cemal-aydin\/11572.html\" target=\"_blank\" rel=\"noopener\">Cemal Ayd\u0131n<\/a><\/td>\n<\/tr>\n<tr>\n<td>Ver\u00f6fentlichung<\/td>\n<td>2019-03-06<\/td>\n<\/tr>\n<tr>\n<td>ISBN<\/td>\n<td>6059778862<\/td>\n<\/tr>\n<tr>\n<td>Druckauflage<\/td>\n<td>2. Bask\u0131<\/td>\n<\/tr>\n<tr>\n<td>Sprache<\/td>\n<td>T\u00dcRK\u00c7E<\/td>\n<\/tr>\n<tr>\n<td>Seiten<\/td>\n<td>120<\/td>\n<\/tr>\n<tr>\n<td>Art<\/td>\n<td>Karton Kapak<\/td>\n<\/tr>\n<tr>\n<td>Papierart<\/td>\n<td>Kitap Ka\u011f\u0131d\u0131<\/td>\n<\/tr>\n<tr>\n<td>Ma\u00dfe<\/td>\n<td>13.5 x 21 cm<\/td>\n<\/tr>\n<\/tbody>\n<\/table>\n<\/div>\n<\/div>","protected":false},"excerpt":{"rendered":"<div id=\"description_text\" class=\"readmore-js-section readmore-js-collapsed\">Bu eser, sadece M\u00fcsl\u00fcmanlara de\u011fil; her din, her mezhep ve her me\u015frepten b\u00fct\u00fcn insanl\u0131\u011fa seslenen insanca ya\u015fama rehberidir.<br \/>\nDo\u011frulu\u011fu, g\u00fczelli\u011fi ve mutlulu\u011fu arayan herkesin ruhunu y\u0131kay\u0131p s\u00fck\u00fbna erdiren bir p\u0131nard\u0131r.<br \/>\nFer\u00eed\u00fcdd\u00een Att\u00e2r hazretleri, evrensel \u00e7apta bir s\u00fbf\u00eedir. O y\u00fczden de sesleni\u015fiyle b\u00fct\u00fcn insanl\u0131\u011f\u0131 kucaklar.&#8221;Evl\u00e2d\u0131m, insanlara sert konu\u015fma yoksa sana s\u0131rt \u00e7evirirler.<br \/>\n\u0130yi g\u00fcnlerinde ba\u015fkas\u0131na yard\u0131m edersen, dar g\u00fcnlerinde o da senin imdad\u0131na ko\u015far.<br \/>\n\u00d6fkesini tutmak, y\u00fcce ruhlu insan\u0131n harc\u0131d\u0131r.<br \/>\nA\u015fa\u011f\u0131l\u0131k biri olmak istemiyorsan, a\u015fa\u011f\u0131l\u0131k birinden bir \u015fey isteme!<br \/>\nBirlikte ya\u015fad\u0131\u011f\u0131 insanlarla ge\u00e7inmeyi bilmeyenin yolda\u015f\u0131, s\u0131k\u0131nt\u0131 ve \u0131zd\u0131raplarla dolu g\u00fcnlerdir. Ruhun \u00fcz\u00fcnt\u00fclerle dolsun ve k\u0131vrans\u0131n istemiyorsan, hi\u00e7bir kalbi k\u0131rmamaya bak!<br \/>\nBir toplant\u0131da insanlar\u0131n seni dinlemediklerini g\u00f6r\u00fcrsen, y\u00fczlerce s\u00f6z\u00fcn dahi olsa sak\u0131n s\u00f6yleme!&#8221;<\/div>","protected":false},"featured_media":14398,"template":"","meta":{"spay_email":""},"product_cat":[174],"product_tag":[],"item":[767],"acf":[],"_links":{"self":[{"href":"https:\/\/mgvpublications.com\/de\/wp-json\/wp\/v2\/product\/11903"}],"collection":[{"href":"https:\/\/mgvpublications.com\/de\/wp-json\/wp\/v2\/product"}],"about":[{"href":"https:\/\/mgvpublications.com\/de\/wp-json\/wp\/v2\/types\/product"}],"wp:featuredmedia":[{"embeddable":true,"href":"https:\/\/mgvpublications.com\/de\/wp-json\/wp\/v2\/media\/14398"}],"wp:attachment":[{"href":"https:\/\/mgvpublications.com\/de\/wp-json\/wp\/v2\/media?parent=11903"}],"wp:term":[{"taxonomy":"product_cat","embeddable":true,"href":"https:\/\/mgvpublications.com\/de\/wp-json\/wp\/v2\/product_cat?post=11903"},{"taxonomy":"product_tag","embeddable":true,"href":"https:\/\/mgvpublications.com\/de\/wp-json\/wp\/v2\/product_tag?post=11903"},{"taxonomy":"item","embeddable":true,"href":"https:\/\/mgvpublications.com\/de\/wp-json\/wp\/v2\/item?post=11903"}],"curies":[{"name":"wp","href":"https:\/\/api.w.org\/{rel}","templated":true}]}}