{"id":11893,"date":"2020-05-08T00:49:29","date_gmt":"2020-05-07T22:49:29","guid":{"rendered":"https:\/\/dev2.mgvpublications.com\/produkt\/yavuz-sultan-selim-romani-bedel-taht-i-ali-baht-i-osmani\/"},"modified":"2022-03-08T22:34:20","modified_gmt":"2022-03-08T21:34:20","slug":"yavuz-sultan-selim-romani-bedel-taht-i-ali-baht-i-osmani","status":"publish","type":"product","link":"https:\/\/mgvpublications.com\/de\/yavuz-sultan-selim-romani-bedel-taht-i-ali-baht-i-osmani\/","title":{"rendered":"Yavuz Sultan Selim Roman\u0131 Bedel Taht-\u0131 Ali Baht-\u0131 Osman\u0131"},"content":{"rendered":"<p>&nbsp;<\/p>\n<div class=\"section\">\n<div class=\"grid_3 alpha omega\">\n<table class=\"attribute\">\n<tbody>\n<tr>\n<td>Ver\u00f6fentlichung<\/td>\n<td>2020-02-25<\/td>\n<\/tr>\n<tr>\n<td>ISBN<\/td>\n<td>6057800541<\/td>\n<\/tr>\n<tr>\n<td>Druckauflage<\/td>\n<td>2. Bask\u0131<\/td>\n<\/tr>\n<tr>\n<td>Sprache<\/td>\n<td>T\u00dcRK\u00c7E<\/td>\n<\/tr>\n<tr>\n<td>Seiten<\/td>\n<td>232<\/td>\n<\/tr>\n<tr>\n<td>Art<\/td>\n<td>Karton Kapak<\/td>\n<\/tr>\n<tr>\n<td>Papierart<\/td>\n<td>Kitap Ka\u011f\u0131d\u0131<\/td>\n<\/tr>\n<tr>\n<td>Ma\u00dfe<\/td>\n<td>13.5 x 21 cm<\/td>\n<\/tr>\n<\/tbody>\n<\/table>\n<\/div>\n<\/div>","protected":false},"excerpt":{"rendered":"<div id=\"description_text\" class=\"readmore-js-section readmore-js-collapsed\">Y\u0131l 1510\u2026<br \/>\n\u015eah \u0130smail\u2019den gelen bir hediye Osmanl\u0131 taht\u0131n\u0131 sarst\u0131.<br \/>\nYavuz Selim, Korkut ve Ahmet taht i\u00e7in kavgaya tutu\u015ftu. Ya\u015fananlar taht kavgas\u0131 de\u011fil baht kavgas\u0131yd\u0131, bir \u00f6l\u00fcm kal\u0131m meselesiydi. O kadar korkun\u00e7tu ki her \u015fey galip olan da kaybediyordu, ma\u011flup olan da.<br \/>\nAslanlar\u0131n hik\u00e2yesini iyi bilen sultan olacakt\u0131.<br \/>\nO\u011fullar\u0131 taht\u0131na g\u00f6z dikmi\u015fken Sultan Bayezid\u2019in yerinde<br \/>\nolmay\u0131 kim isterdi?<br \/>\nPeki bu kavgan\u0131n i\u00e7indeki \u015fehz\u00e2de olmay\u0131 kim isterdi?<br \/>\nOsmanl\u0131 taht\u0131na oturman\u0131n bir bedeli vard\u0131.<br \/>\nBedel \u00f6demeye haz\u0131r olan \u015fehz\u00e2de kimdi?<\/div>","protected":false},"featured_media":15901,"template":"","meta":{"spay_email":""},"product_cat":[168,170],"product_tag":[],"item":[879],"acf":[],"_links":{"self":[{"href":"https:\/\/mgvpublications.com\/de\/wp-json\/wp\/v2\/product\/11893"}],"collection":[{"href":"https:\/\/mgvpublications.com\/de\/wp-json\/wp\/v2\/product"}],"about":[{"href":"https:\/\/mgvpublications.com\/de\/wp-json\/wp\/v2\/types\/product"}],"wp:featuredmedia":[{"embeddable":true,"href":"https:\/\/mgvpublications.com\/de\/wp-json\/wp\/v2\/media\/15901"}],"wp:attachment":[{"href":"https:\/\/mgvpublications.com\/de\/wp-json\/wp\/v2\/media?parent=11893"}],"wp:term":[{"taxonomy":"product_cat","embeddable":true,"href":"https:\/\/mgvpublications.com\/de\/wp-json\/wp\/v2\/product_cat?post=11893"},{"taxonomy":"product_tag","embeddable":true,"href":"https:\/\/mgvpublications.com\/de\/wp-json\/wp\/v2\/product_tag?post=11893"},{"taxonomy":"item","embeddable":true,"href":"https:\/\/mgvpublications.com\/de\/wp-json\/wp\/v2\/item?post=11893"}],"curies":[{"name":"wp","href":"https:\/\/api.w.org\/{rel}","templated":true}]}}