{"id":11886,"date":"2020-05-08T00:32:48","date_gmt":"2020-05-07T22:32:48","guid":{"rendered":"https:\/\/dev2.mgvpublications.com\/produkt\/kuran-i-kerime-ve-diger-semavi-kitaplara-iman\/"},"modified":"2022-03-08T22:34:19","modified_gmt":"2022-03-08T21:34:19","slug":"kuran-i-kerime-ve-diger-semavi-kitaplara-iman","status":"publish","type":"product","link":"https:\/\/mgvpublications.com\/de\/kuran-i-kerime-ve-diger-semavi-kitaplara-iman\/","title":{"rendered":"Kur&#8217;an-\u0131 Kerim&#8217;e ve Di\u011fer Semavi Kitaplara \u0130man"},"content":{"rendered":"<div class=\"share-buttons section\"><\/div>\n<div class=\"section\">\n<div class=\"grid_3 alpha omega\">\n<table class=\"attribute\">\n<tbody>\n<tr>\n<td>\u00c7evirmen:<\/td>\n<td><a href=\"https:\/\/www.kitapyurdu.com\/yazar\/hamidullah-iman\/177505.html\" target=\"_blank\" rel=\"noopener\">Hamidullah \u0130man<\/a><\/td>\n<\/tr>\n<tr>\n<td>Ver\u00f6fentlichung<\/td>\n<td>2014-12-24<\/td>\n<\/tr>\n<tr>\n<td>ISBN<\/td>\n<td>6054818471<\/td>\n<\/tr>\n<tr>\n<td>Druckauflage<\/td>\n<td>1. Bask\u0131<\/td>\n<\/tr>\n<tr>\n<td>Sprache<\/td>\n<td>T\u00dcRK\u00c7E<\/td>\n<\/tr>\n<tr>\n<td>Seiten<\/td>\n<td>317<\/td>\n<\/tr>\n<tr>\n<td>Art<\/td>\n<td>Karton Kapak<\/td>\n<\/tr>\n<tr>\n<td>Papierart<\/td>\n<td>Kitap Ka\u011f\u0131d\u0131<\/td>\n<\/tr>\n<tr>\n<td>Ma\u00dfe<\/td>\n<td>13.5 x 21 cm<\/td>\n<\/tr>\n<\/tbody>\n<\/table>\n<\/div>\n<\/div>","protected":false},"excerpt":{"rendered":"<p>&#8220;Kur&#8217;an-\u0131 Kerim; Allah Teala taraf\u0131ndan el\u00e7isi Hz. Muhammed (s.a.v)&#8217;e indirilmi\u015f olan, Mushaflarda yaz\u0131l\u0131 bulunan ve Hz. Muhammed&#8217;den bize mitevatir olarak naklolunmu\u015f son ilaji kitapt\u0131r.\u201d<\/p>\n<p>Hz. Peygamberin kendisinin Allah Teala taraf\u0131ndan g\u00f6nderildi\u011fini ispatlayan bir delil getirmesi gerekir ki insanlar\u0131n kalbi onunla mutmain olsun ve peygamberin \u00f6\u011frettiklerinin , do\u011fru ve hak oldu\u011funa kanaat getirsinler. Gelen bu delil de insanlar\u0131n ba\u015faramayaca\u011f\u0131 ola\u011fan\u00fcst\u00fc \u00f6zelliklere sahip olmas\u0131 gerekir.<\/p>","protected":false},"featured_media":11887,"template":"","meta":{"spay_email":""},"product_cat":[174],"product_tag":[],"item":[],"acf":[],"_links":{"self":[{"href":"https:\/\/mgvpublications.com\/de\/wp-json\/wp\/v2\/product\/11886"}],"collection":[{"href":"https:\/\/mgvpublications.com\/de\/wp-json\/wp\/v2\/product"}],"about":[{"href":"https:\/\/mgvpublications.com\/de\/wp-json\/wp\/v2\/types\/product"}],"wp:featuredmedia":[{"embeddable":true,"href":"https:\/\/mgvpublications.com\/de\/wp-json\/wp\/v2\/media\/11887"}],"wp:attachment":[{"href":"https:\/\/mgvpublications.com\/de\/wp-json\/wp\/v2\/media?parent=11886"}],"wp:term":[{"taxonomy":"product_cat","embeddable":true,"href":"https:\/\/mgvpublications.com\/de\/wp-json\/wp\/v2\/product_cat?post=11886"},{"taxonomy":"product_tag","embeddable":true,"href":"https:\/\/mgvpublications.com\/de\/wp-json\/wp\/v2\/product_tag?post=11886"},{"taxonomy":"item","embeddable":true,"href":"https:\/\/mgvpublications.com\/de\/wp-json\/wp\/v2\/item?post=11886"}],"curies":[{"name":"wp","href":"https:\/\/api.w.org\/{rel}","templated":true}]}}