{"id":11882,"date":"2020-05-08T00:23:05","date_gmt":"2020-05-07T22:23:05","guid":{"rendered":"https:\/\/dev2.mgvpublications.com\/produkt\/selcuklular-batini-fitnesine-ve-hacli-savasina-karsi-bir-islami-muecadele-projesinin-dogusu\/"},"modified":"2022-03-08T22:34:19","modified_gmt":"2022-03-08T21:34:19","slug":"selcuklular-batini-fitnesine-ve-hacli-savasina-karsi-bir-islami-muecadele-projesinin-dogusu","status":"publish","type":"product","link":"https:\/\/mgvpublications.com\/de\/selcuklular-batini-fitnesine-ve-hacli-savasina-karsi-bir-islami-muecadele-projesinin-dogusu\/","title":{"rendered":"Sel\u00e7uklular Bat\u0131ni Fitnesine ve Ha\u00e7l\u0131 Sava\u015f\u0131na Kar\u015f\u0131 Bir \u0130slami M\u00fccadele Projesinin Do\u011fu\u015fu"},"content":{"rendered":"<table class=\"attribute\">\n<tbody>\n<tr>\n<td>Ver\u00f6fentlichung<\/td>\n<td>2018-01-01<\/td>\n<\/tr>\n<tr>\n<td>ISBN<\/td>\n<td>6054818099<\/td>\n<\/tr>\n<tr>\n<td>Druckauflage<\/td>\n<td>2. Bask\u0131<\/td>\n<\/tr>\n<tr>\n<td>Sprache<\/td>\n<td>T\u00dcRK\u00c7E<\/td>\n<\/tr>\n<tr>\n<td>Seiten<\/td>\n<td>704<\/td>\n<\/tr>\n<tr>\n<td>Art<\/td>\n<td>Karton Kapak<\/td>\n<\/tr>\n<tr>\n<td>Papierart<\/td>\n<td>Kitap Ka\u011f\u0131d\u0131<\/td>\n<\/tr>\n<tr>\n<td>Ma\u00dfe<\/td>\n<td>16 x 23.5 cm<\/td>\n<\/tr>\n<\/tbody>\n<\/table>","protected":false},"excerpt":{"rendered":"<p>Bu kitap Hz.Peygamber (s.a.v) d\u00f6nemi ile Ra\u015fit halifeler d\u00f6nemini ele alan kitaplar silsilesinin devam\u0131d\u0131r.Bu kitaba da &#8221;Sel\u00e7uklular Devleti ve Bat\u0131ni fitnesi ile Ha\u00e7l\u0131 Sava\u015f\u0131na kar\u015f\u0131 m\u00fccadelede \u0130slami bir projenin do\u011fu\u015fu&#8221; ad\u0131n\u0131 verdik.Bu, \u00fcmmetimizin tarih zincirindeki halkalardan birini i\u00e7eren ve ha\u00e7l\u0131 seferlerini ele alan bir kitap konumundad\u0131r.<br \/>\nBu kitap Sel\u00e7uklular&#8217;\u0131, soylar\u0131n\u0131, padi\u015fahlar\u0131n\u0131, yurtlar\u0131n\u0131, ilk ortaya \u00e7\u0131k\u0131\u015flar\u0131n\u0131; T\u00fcrklerin Sel\u00e7uklular&#8217;\u0131n \u00e7\u0131k\u0131\u015f\u0131ndan k\u0131sa bir s\u00fcre \u00f6nce \u0130slam alemi ve \u0130slami do\u011fu ile temas\u0131n\u0131; Samani Devletini ve Gazneliler Devletini, Gaznevi-Sel\u00e7uklu \u00e7eki\u015fmesini, Dandanakan muharebesini, Sel\u00e7uklu Devleti&#8217;nin ortaya \u00e7\u0131kmas\u0131n\u0131 ele almaktad\u0131r<\/p>","protected":false},"featured_media":15898,"template":"","meta":{"spay_email":""},"product_cat":[180,170],"product_tag":[],"item":[1750],"acf":[],"_links":{"self":[{"href":"https:\/\/mgvpublications.com\/de\/wp-json\/wp\/v2\/product\/11882"}],"collection":[{"href":"https:\/\/mgvpublications.com\/de\/wp-json\/wp\/v2\/product"}],"about":[{"href":"https:\/\/mgvpublications.com\/de\/wp-json\/wp\/v2\/types\/product"}],"wp:featuredmedia":[{"embeddable":true,"href":"https:\/\/mgvpublications.com\/de\/wp-json\/wp\/v2\/media\/15898"}],"wp:attachment":[{"href":"https:\/\/mgvpublications.com\/de\/wp-json\/wp\/v2\/media?parent=11882"}],"wp:term":[{"taxonomy":"product_cat","embeddable":true,"href":"https:\/\/mgvpublications.com\/de\/wp-json\/wp\/v2\/product_cat?post=11882"},{"taxonomy":"product_tag","embeddable":true,"href":"https:\/\/mgvpublications.com\/de\/wp-json\/wp\/v2\/product_tag?post=11882"},{"taxonomy":"item","embeddable":true,"href":"https:\/\/mgvpublications.com\/de\/wp-json\/wp\/v2\/item?post=11882"}],"curies":[{"name":"wp","href":"https:\/\/api.w.org\/{rel}","templated":true}]}}