{"id":11867,"date":"2020-05-07T17:50:56","date_gmt":"2020-05-07T15:50:56","guid":{"rendered":"https:\/\/dev2.mgvpublications.com\/produkt\/kadere-iman\/"},"modified":"2022-03-08T22:34:19","modified_gmt":"2022-03-08T21:34:19","slug":"kadere-iman","status":"publish","type":"product","link":"https:\/\/mgvpublications.com\/de\/kadere-iman\/","title":{"rendered":"Kadere \u0130man"},"content":{"rendered":"<p>&nbsp;<\/p>\n<div class=\"section\">\n<div class=\"grid_3 alpha omega\">\n<table class=\"attribute\">\n<tbody>\n<tr>\n<td>\u00c7evirmen:<\/td>\n<td><a href=\"https:\/\/www.kitapyurdu.com\/yazar\/serafettin-senaslan\/38574.html\" target=\"_blank\" rel=\"noopener\">\u015eerafettin \u015eenaslan<\/a><\/td>\n<\/tr>\n<tr>\n<td>Ver\u00f6fentlichung<\/td>\n<td>2010-12-31<\/td>\n<\/tr>\n<tr>\n<td>ISBN<\/td>\n<td>6054411160<\/td>\n<\/tr>\n<tr>\n<td>Druckauflage<\/td>\n<td>1. Bask\u0131<\/td>\n<\/tr>\n<tr>\n<td>Sprache<\/td>\n<td>T\u00dcRK\u00c7E<\/td>\n<\/tr>\n<tr>\n<td>Seiten<\/td>\n<td>361<\/td>\n<\/tr>\n<tr>\n<td>Art<\/td>\n<td>Karton Kapak<\/td>\n<\/tr>\n<tr>\n<td>Papierart<\/td>\n<td>Kitap Ka\u011f\u0131d\u0131<\/td>\n<\/tr>\n<tr>\n<td>Ma\u00dfe<\/td>\n<td>13 x 20.5 cm<\/td>\n<\/tr>\n<\/tbody>\n<\/table>\n<\/div>\n<\/div>","protected":false},"excerpt":{"rendered":"<p>&nbsp; \u00c7evirmen: \u015eerafettin \u015eenaslan Yay\u0131n Tarihi 2010-12-31 ISBN 6054411160 Bask\u0131 Say\u0131s\u0131 1. Bask\u0131 Dil T\u00dcRK\u00c7E Sayfa Say\u0131s\u0131 361 Cilt Tipi Karton Kapak Ka\u011f\u0131t Cinsi Kitap Ka\u011f\u0131d\u0131 Boyut 13 x 20.5 cm<\/p>","protected":false},"featured_media":11868,"template":"","meta":{"spay_email":""},"product_cat":[174],"product_tag":[],"item":[1750],"acf":[],"_links":{"self":[{"href":"https:\/\/mgvpublications.com\/de\/wp-json\/wp\/v2\/product\/11867"}],"collection":[{"href":"https:\/\/mgvpublications.com\/de\/wp-json\/wp\/v2\/product"}],"about":[{"href":"https:\/\/mgvpublications.com\/de\/wp-json\/wp\/v2\/types\/product"}],"wp:featuredmedia":[{"embeddable":true,"href":"https:\/\/mgvpublications.com\/de\/wp-json\/wp\/v2\/media\/11868"}],"wp:attachment":[{"href":"https:\/\/mgvpublications.com\/de\/wp-json\/wp\/v2\/media?parent=11867"}],"wp:term":[{"taxonomy":"product_cat","embeddable":true,"href":"https:\/\/mgvpublications.com\/de\/wp-json\/wp\/v2\/product_cat?post=11867"},{"taxonomy":"product_tag","embeddable":true,"href":"https:\/\/mgvpublications.com\/de\/wp-json\/wp\/v2\/product_tag?post=11867"},{"taxonomy":"item","embeddable":true,"href":"https:\/\/mgvpublications.com\/de\/wp-json\/wp\/v2\/item?post=11867"}],"curies":[{"name":"wp","href":"https:\/\/api.w.org\/{rel}","templated":true}]}}