{"id":11860,"date":"2020-05-07T17:37:17","date_gmt":"2020-05-07T15:37:17","guid":{"rendered":"https:\/\/dev2.mgvpublications.com\/produkt\/40-hadis-imam-nevevi-iki-dil-bir-kitap-arapca-tuerkce\/"},"modified":"2022-09-08T15:22:29","modified_gmt":"2022-09-08T13:22:29","slug":"40-hadis-imam-nevevi-iki-dil-bir-kitap-arapca-tuerkce","status":"publish","type":"product","link":"https:\/\/mgvpublications.com\/de\/40-hadis-imam-nevevi-iki-dil-bir-kitap-arapca-tuerkce\/","title":{"rendered":"40 Hadis &#8211; \u0130mam Nevevi (\u0130ki Dil Bir Kitap &#8211; Arap\u00e7a-T\u00fcrk\u00e7e)"},"content":{"rendered":"<table class=\"attribute\">\n<tbody>\n<tr>\n<td>Ver\u00f6fentlichung<\/td>\n<td>2017-03-14<\/td>\n<\/tr>\n<tr>\n<td>ISBN<\/td>\n<td>9754737196<\/td>\n<\/tr>\n<tr>\n<td>Druckauflage<\/td>\n<td>1. Bask\u0131<\/td>\n<\/tr>\n<tr>\n<td>Sprache<\/td>\n<td>ARAP\u00c7A,T\u00dcRK\u00c7E<\/td>\n<\/tr>\n<tr>\n<td>Seiten<\/td>\n<td>96<\/td>\n<\/tr>\n<tr>\n<td>Art<\/td>\n<td>Ciltli<\/td>\n<\/tr>\n<tr>\n<td>Papierart<\/td>\n<td>Kitap Ka\u011f\u0131d\u0131<\/td>\n<\/tr>\n<tr>\n<td>Ma\u00dfe<\/td>\n<td>12 x 17 cm<\/td>\n<\/tr>\n<\/tbody>\n<\/table>","protected":false},"excerpt":{"rendered":"<div id=\"description_text\" class=\"readmore-js-section readmore-js-collapsed\">\n<p>Beyan Yay\u0131nlar\u0131, \u0130slam k\u00fclt\u00fcr\u00fcn\u00fcn yeni ku\u015faklara ula\u015ft\u0131r\u0131lmas\u0131na yard\u0131mc\u0131 olabilecek yeni ve farkl\u0131 bir seri ba\u015flatt\u0131. \u0130ki Dil Bir Kitap ad\u0131yla yay\u0131nlanan bu seri, pek \u00e7ok \u00f6nemli eseri Arap\u00e7a as\u0131llar\u0131yla beraber sunuyor;<\/p>\n<p>40 Hadis &#8211; \u0130mam Nevevi (\u0130ki Dil Bir Kitap &#8211; Arap\u00e7a-T\u00fcrk\u00e7e)<br \/>\nResul\u00fc Ekrem her M\u00fcsl\u00fcman\u0131n ruhuna haz\u0131r bir g\u0131da olsun diye Hadislerinden en az k\u0131rk tanesinin ezberlenmesi i\u00e7in emir buyurmu\u015f ve bunu yapan kimse i\u00e7in b\u00fcy\u00fck m\u00fckafatlar m\u00fcjdelenmi\u015ftir. Bir Hadiste buyuruluyor ki: Her kim \u00fcmmetim i\u00e7in diniyle ilgili k\u0131rk hadis ezberlerse Allah onu alimlerle ha\u015fredecektir. Di\u011fer bir hadiste de: Her kim \u00fcmmetim i\u00e7in diniyle ilgili k\u0131rk hadis ezberlerse k\u0131yamet g\u00fcn\u00fc hem \u015fefaat\u00e7i hem lehine \u015fahid olurum buyurulmaktad\u0131r. Bunun i\u00e7in pek \u00e7ok alim, z\u00fcht, cihad, terbiye gibi, \u00e7e\u015fili mevzulara dair k\u0131rk hadis tertip etmi\u015flerdir. Fakat Fatiha nas\u0131l Kur\u00b4an-\u0131 Kerim\u00b4in t\u00fcm manas\u0131n\u0131 ihtiva ediyor ve onun bir fihristi h\u00fckm\u00fcnde ise, \u0130mam Nevevi de Peygamberimizin t\u00fcm hadislerinin genel bir fihristi ve \u00f6zeti h\u00fckm\u00fcnde bulunan bu K\u0131rk Hadisi bir araya getirmi\u015ftir. Allah hepsinden raz\u0131 olsun. Ben de bu k\u0131ymetli Hadisleri, T\u00fcrk\u00e7eye \u00e7evirdim. Bu hususta karde\u015flerime az da olsa yard\u0131m edebilmi\u015fsem benim i\u00e7in b\u00fcy\u00fck bir saadettir.<\/p>\n<\/div>","protected":false},"featured_media":15896,"template":"","meta":{"spay_email":""},"product_cat":[174],"product_tag":[],"item":[389],"acf":[],"_links":{"self":[{"href":"https:\/\/mgvpublications.com\/de\/wp-json\/wp\/v2\/product\/11860"}],"collection":[{"href":"https:\/\/mgvpublications.com\/de\/wp-json\/wp\/v2\/product"}],"about":[{"href":"https:\/\/mgvpublications.com\/de\/wp-json\/wp\/v2\/types\/product"}],"wp:featuredmedia":[{"embeddable":true,"href":"https:\/\/mgvpublications.com\/de\/wp-json\/wp\/v2\/media\/15896"}],"wp:attachment":[{"href":"https:\/\/mgvpublications.com\/de\/wp-json\/wp\/v2\/media?parent=11860"}],"wp:term":[{"taxonomy":"product_cat","embeddable":true,"href":"https:\/\/mgvpublications.com\/de\/wp-json\/wp\/v2\/product_cat?post=11860"},{"taxonomy":"product_tag","embeddable":true,"href":"https:\/\/mgvpublications.com\/de\/wp-json\/wp\/v2\/product_tag?post=11860"},{"taxonomy":"item","embeddable":true,"href":"https:\/\/mgvpublications.com\/de\/wp-json\/wp\/v2\/item?post=11860"}],"curies":[{"name":"wp","href":"https:\/\/api.w.org\/{rel}","templated":true}]}}