{"id":11851,"date":"2020-12-02T15:44:34","date_gmt":"2020-12-02T14:44:34","guid":{"rendered":"https:\/\/dev2.mgvpublications.com\/produkt\/huer-yuerekli-genc\/"},"modified":"2022-03-08T22:34:16","modified_gmt":"2022-03-08T21:34:16","slug":"huer-yuerekli-genc","status":"publish","type":"product","link":"https:\/\/mgvpublications.com\/de\/huer-yuerekli-genc\/","title":{"rendered":"H\u00fcr Y\u00fcrekli Gen\u00e7"},"content":{"rendered":"<p>Yay\u0131n Tarihi: 02.03.2021<br \/>ISBN: 9786055271336<br \/>Dil: T\u00dcRK\u00c7E<br \/>Sayfa Say\u0131s\u0131: 270<br \/>Cilt Tipi: Karton Kapak<br \/>Ka\u011f\u0131t Cinsi: Kitap Ka\u011f\u0131d\u0131<br \/>Boyut: 13.5 x 21 cm<\/p>","protected":false},"excerpt":{"rendered":"<p>\u201cGen\u00e7! Sen s\u00f6zlerin \u00f6n\u00fcndesin! En ba\u015fta \u015fehvetlerin, Sonra \u00e7evren, seni yanl\u0131\u015f y\u00f6nlendiren k\u00f6t\u00fc \u00f6rnekler, Ard\u0131ndan tembelli\u011fin seni esir eden prangalar\u0131nd\u0131r. Y\u00fcre\u011fini elinde tutar onlar. Meleklerle yar\u0131\u015facak g\u00fcc\u00fcn\u00fc onlar eritir de sen \u00e7\u00f6ker kal\u0131rs\u0131n bu d\u00fcnyada. Seni bekler durur Mus\u2019ablar, Hamzalar cennetlerde. Sen ise prangal\u0131 oldu\u011fun i\u00e7in ne y\u00fcr\u00fcyebilir ne de u\u00e7abilirsin. K\u0131r\u0131p att\u0131\u011f\u0131n zaman prangalar\u0131n\u0131 h\u00fcr olacaks\u0131n. O zaman seni bekleyen Mus\u2019ablar, Hamzalar gibi olacaks\u0131n. Umut olacaks\u0131n seni bekleyenler i\u00e7in. Bu s\u00f6zler senin i\u00e7indir.\u201d Nureddin Y\u0131ld\u0131z<\/p>","protected":false},"featured_media":20226,"template":"","meta":{"spay_email":""},"product_cat":[174],"product_tag":[],"item":[363],"acf":[],"_links":{"self":[{"href":"https:\/\/mgvpublications.com\/de\/wp-json\/wp\/v2\/product\/11851"}],"collection":[{"href":"https:\/\/mgvpublications.com\/de\/wp-json\/wp\/v2\/product"}],"about":[{"href":"https:\/\/mgvpublications.com\/de\/wp-json\/wp\/v2\/types\/product"}],"wp:featuredmedia":[{"embeddable":true,"href":"https:\/\/mgvpublications.com\/de\/wp-json\/wp\/v2\/media\/20226"}],"wp:attachment":[{"href":"https:\/\/mgvpublications.com\/de\/wp-json\/wp\/v2\/media?parent=11851"}],"wp:term":[{"taxonomy":"product_cat","embeddable":true,"href":"https:\/\/mgvpublications.com\/de\/wp-json\/wp\/v2\/product_cat?post=11851"},{"taxonomy":"product_tag","embeddable":true,"href":"https:\/\/mgvpublications.com\/de\/wp-json\/wp\/v2\/product_tag?post=11851"},{"taxonomy":"item","embeddable":true,"href":"https:\/\/mgvpublications.com\/de\/wp-json\/wp\/v2\/item?post=11851"}],"curies":[{"name":"wp","href":"https:\/\/api.w.org\/{rel}","templated":true}]}}