{"id":11847,"date":"2020-12-02T15:44:33","date_gmt":"2020-12-02T14:44:33","guid":{"rendered":"https:\/\/dev2.mgvpublications.com\/produkt\/savasci\/"},"modified":"2022-05-24T16:02:54","modified_gmt":"2022-05-24T14:02:54","slug":"savasci","status":"publish","type":"product","link":"https:\/\/mgvpublications.com\/de\/savasci\/","title":{"rendered":"Sava\u015f\u00e7\u0131"},"content":{"rendered":"<p>Yay\u0131n Tarihi: 04.12.2019<br \/>ISBN: 9789751408259<br \/>Dil: T\u00dcRK\u00c7E<br \/>Sayfa Say\u0131s\u0131: 400<br \/>Cilt Tipi: Karton Kapak<br \/>Ka\u011f\u0131t Cinsi: Kitap Ka\u011f\u0131d\u0131<br \/>Boyut: 13.5 x 19.5 cm<\/p>","protected":false},"excerpt":{"rendered":"<p>Anlaml\u0131 ve Co\u015fkulu Bir Ya\u015fam \u0130\u00e7in Sava\u015f\u00e7\u0131 kitab\u0131nda b\u00f6yle bir sava\u015ftan s\u00f6z ediyoruz. S\u00f6z ediyorum de\u011fil, s\u00f6z ediyoz; \u00e7\u00fcnk\u00fc kitab\u0131 Arif Bey&#8217;le beraber olu\u015fturduk. Arif Bey kimdir? Arif Bey, bu kitapta benimle konu\u015fan bir s\u0131n\u0131f \u00f6\u011fretmeni. O beni bulmad\u0131, asl\u0131nda ben onu buldum. Uzun zamand\u0131r \u00f6\u011fretmenlere ula\u015fmak, onlarla bir diyalog ba\u015flatmak gereksinmesi duyuyordum. Arif Bey&#8217;i b\u00f6yle bir aray\u0131\u015f\u0131n sonucunda buldum. Arif Bey&#8217;in y\u00fcre\u011finde s\u0131k\u0131nt\u0131 var. \u00c7abal\u0131yor. Anlamak istiyor, yapmak istiyor. Destek bulam\u0131yor. Ve yaln\u0131z!&#8230; (Do\u011fan C\u00fccelo\u011flu)<\/p>","protected":false},"featured_media":20710,"template":"","meta":{"spay_email":""},"product_cat":[169],"product_tag":[],"item":[437],"acf":[],"_links":{"self":[{"href":"https:\/\/mgvpublications.com\/de\/wp-json\/wp\/v2\/product\/11847"}],"collection":[{"href":"https:\/\/mgvpublications.com\/de\/wp-json\/wp\/v2\/product"}],"about":[{"href":"https:\/\/mgvpublications.com\/de\/wp-json\/wp\/v2\/types\/product"}],"wp:featuredmedia":[{"embeddable":true,"href":"https:\/\/mgvpublications.com\/de\/wp-json\/wp\/v2\/media\/20710"}],"wp:attachment":[{"href":"https:\/\/mgvpublications.com\/de\/wp-json\/wp\/v2\/media?parent=11847"}],"wp:term":[{"taxonomy":"product_cat","embeddable":true,"href":"https:\/\/mgvpublications.com\/de\/wp-json\/wp\/v2\/product_cat?post=11847"},{"taxonomy":"product_tag","embeddable":true,"href":"https:\/\/mgvpublications.com\/de\/wp-json\/wp\/v2\/product_tag?post=11847"},{"taxonomy":"item","embeddable":true,"href":"https:\/\/mgvpublications.com\/de\/wp-json\/wp\/v2\/item?post=11847"}],"curies":[{"name":"wp","href":"https:\/\/api.w.org\/{rel}","templated":true}]}}