{"id":11827,"date":"2020-05-06T15:39:46","date_gmt":"2020-05-06T13:39:46","guid":{"rendered":"https:\/\/dev2.mgvpublications.com\/produkt\/efendimizi-sahabe-gibi-sevmek-ciltli\/"},"modified":"2022-03-08T22:34:15","modified_gmt":"2022-03-08T21:34:15","slug":"efendimizi-sahabe-gibi-sevmek-ciltli","status":"publish","type":"product","link":"https:\/\/mgvpublications.com\/de\/efendimizi-sahabe-gibi-sevmek-ciltli\/","title":{"rendered":"Efendimiz&#8217;i Sahabe Gibi Sevmek (Ciltli)"},"content":{"rendered":"<table class=\"attribute\">\n<tbody>\n<tr>\n<td>Ver\u00f6fentlichung<\/td>\n<td>2019-01-01<\/td>\n<\/tr>\n<tr>\n<td>ISBN<\/td>\n<td>6052375020<\/td>\n<\/tr>\n<tr>\n<td>Druckauflage<\/td>\n<td>2. Bask\u0131<\/td>\n<\/tr>\n<tr>\n<td>Sprache<\/td>\n<td>T\u00dcRK\u00c7E<\/td>\n<\/tr>\n<tr>\n<td>Seiten<\/td>\n<td>198<\/td>\n<\/tr>\n<tr>\n<td>Art<\/td>\n<td>Ciltli<\/td>\n<\/tr>\n<tr>\n<td>Papierart<\/td>\n<td>Kitap Ka\u011f\u0131d\u0131<\/td>\n<\/tr>\n<tr>\n<td>Ma\u00dfe<\/td>\n<td>14 x 21.5 cm<\/td>\n<\/tr>\n<\/tbody>\n<\/table>","protected":false},"excerpt":{"rendered":"<p>Sahabe nesli, bize \u00f6zellikle sevgiye dair \u00e7ok \u015fey \u00f6\u011frettiler. Sevginin ucuzolmad\u0131\u011f\u0131n\u0131, sadece s\u00f6z olmad\u0131\u011f\u0131n\u0131, kelimeleri bo\u011fazdan yald\u0131zl\u0131 bir halde\u00e7\u0131karmakla sevginin yerine gelmeyece\u011fini \u00f6\u011frettiler. Onlar bize sevgininger\u00e7ek anlam\u0131n\u0131n ne oldu\u011funu, gereklerinin neler oldu\u011funu, sevmenininsana neler yapt\u0131rmas\u0131 gerekti\u011fini ya\u015famlar\u0131yia, \u00f6rnek hayatlar\u0131yla \u00f6\u011frettile\u0131Peki, ne anlama geliyormu\u015f, sahabenin d\u00fcnyas\u0131nda sevgi<br \/>\nOnlar\u0131n d\u00fcnyas\u0131nda;<br \/>\n* Sevgi, \u00f6zlemektir.<br \/>\n* Sevgi, beklemektir.<br \/>\n* Sevgi, sahip \u00e7\u0131kmakt\u0131r.<br \/>\n* Sevgi, vermektir.<br \/>\n* Sevgi, g\u00f6ze almakt\u0131r.<br \/>\n* Sevgi, kurtulmakt\u0131r.<br \/>\n* Sevgi, kurtarmakt\u0131r.<br \/>\n* Sevgi, feda etmektir.<br \/>\n* Sevgi, feda olmakt\u0131r.<br \/>\n* Sevgi, vazge\u00e7memektir.<br \/>\n* Sevgi, vefal\u0131 olmakt\u0131r.<br \/>\n* Sevgi, istikamet \u00fczere kalmakt\u0131r.<br \/>\n* Sevgi, sevdi\u011finin u\u011frunda \u00f6lmektir<br \/>\nVe daha neler nelerdir&#8230;<\/p>","protected":false},"featured_media":11828,"template":"","meta":{"spay_email":""},"product_cat":[174],"product_tag":[],"item":[426],"acf":[],"_links":{"self":[{"href":"https:\/\/mgvpublications.com\/de\/wp-json\/wp\/v2\/product\/11827"}],"collection":[{"href":"https:\/\/mgvpublications.com\/de\/wp-json\/wp\/v2\/product"}],"about":[{"href":"https:\/\/mgvpublications.com\/de\/wp-json\/wp\/v2\/types\/product"}],"wp:featuredmedia":[{"embeddable":true,"href":"https:\/\/mgvpublications.com\/de\/wp-json\/wp\/v2\/media\/11828"}],"wp:attachment":[{"href":"https:\/\/mgvpublications.com\/de\/wp-json\/wp\/v2\/media?parent=11827"}],"wp:term":[{"taxonomy":"product_cat","embeddable":true,"href":"https:\/\/mgvpublications.com\/de\/wp-json\/wp\/v2\/product_cat?post=11827"},{"taxonomy":"product_tag","embeddable":true,"href":"https:\/\/mgvpublications.com\/de\/wp-json\/wp\/v2\/product_tag?post=11827"},{"taxonomy":"item","embeddable":true,"href":"https:\/\/mgvpublications.com\/de\/wp-json\/wp\/v2\/item?post=11827"}],"curies":[{"name":"wp","href":"https:\/\/api.w.org\/{rel}","templated":true}]}}