{"id":11822,"date":"2020-12-02T15:44:32","date_gmt":"2020-12-02T14:44:32","guid":{"rendered":"https:\/\/dev2.mgvpublications.com\/produkt\/abdullah-olmak\/"},"modified":"2022-09-09T20:40:20","modified_gmt":"2022-09-09T18:40:20","slug":"abdullah-olmak","status":"publish","type":"product","link":"https:\/\/mgvpublications.com\/de\/abdullah-olmak\/","title":{"rendered":"Abdullah Olmak"},"content":{"rendered":"<p>Yay\u0131n Tarihi: 04.11.2019<br \/>\nISBN: 9786057689108<br \/>\nDil: T\u00dcRK\u00c7E<br \/>\nSayfa Say\u0131s\u0131: 183<br \/>\nCilt Tipi: Karton Kapak<br \/>\nKa\u011f\u0131t Cinsi: Kitap Ka\u011f\u0131d\u0131<br \/>\nBoyut: 11.5 x 19 cm<\/p>","protected":false},"excerpt":{"rendered":"<p>21 y\u00fczy\u0131lda insanlar\u0131m\u0131z\u0131n b\u00fcy\u00fck s\u0131k\u0131nt\u0131lar\u0131n\u0131n temeline\/sebebine bakt\u0131\u011f\u0131m\u0131zda sah\u00e2be gibi Allah&#8217;a yara\u015f\u0131r bir \u015fekilde kulluk vazifelerini yerine getirememeleri oldu\u011funu g\u00f6rmekteyiz. Halbuki Asr-\u0131 Sa\u00e2det&#8217;e y\u00f6n\u00fcm\u00fcz\u00fc \u00e7evirdi\u011fimizde Abdullah Olmak demenin insanlar i\u00e7in en b\u00fcy\u00fck \u00f6d\u00fcl ve nimet oldu\u011fu son derece a\u015fik\u00e2r bir hakikattir. Ayn\u0131 zamanda Abdullah Olmak, Rabbimizin bir projesi olarak insan\u0131n yarat\u0131\u015f amac\u0131n\u0131n nihai hedefidir.<\/p>","protected":false},"featured_media":20238,"template":"","meta":{"spay_email":""},"product_cat":[174],"product_tag":[],"item":[426],"acf":[],"_links":{"self":[{"href":"https:\/\/mgvpublications.com\/de\/wp-json\/wp\/v2\/product\/11822"}],"collection":[{"href":"https:\/\/mgvpublications.com\/de\/wp-json\/wp\/v2\/product"}],"about":[{"href":"https:\/\/mgvpublications.com\/de\/wp-json\/wp\/v2\/types\/product"}],"wp:featuredmedia":[{"embeddable":true,"href":"https:\/\/mgvpublications.com\/de\/wp-json\/wp\/v2\/media\/20238"}],"wp:attachment":[{"href":"https:\/\/mgvpublications.com\/de\/wp-json\/wp\/v2\/media?parent=11822"}],"wp:term":[{"taxonomy":"product_cat","embeddable":true,"href":"https:\/\/mgvpublications.com\/de\/wp-json\/wp\/v2\/product_cat?post=11822"},{"taxonomy":"product_tag","embeddable":true,"href":"https:\/\/mgvpublications.com\/de\/wp-json\/wp\/v2\/product_tag?post=11822"},{"taxonomy":"item","embeddable":true,"href":"https:\/\/mgvpublications.com\/de\/wp-json\/wp\/v2\/item?post=11822"}],"curies":[{"name":"wp","href":"https:\/\/api.w.org\/{rel}","templated":true}]}}