{"id":11818,"date":"2020-05-06T15:24:45","date_gmt":"2020-05-06T13:24:45","guid":{"rendered":"https:\/\/dev2.mgvpublications.com\/produkt\/tirende-bir-keman\/"},"modified":"2022-03-08T22:34:15","modified_gmt":"2022-03-08T21:34:15","slug":"tirende-bir-keman","status":"publish","type":"product","link":"https:\/\/mgvpublications.com\/de\/tirende-bir-keman\/","title":{"rendered":"Tirende Bir Keman"},"content":{"rendered":"<table class=\"attribute\">\n<tbody>\n<tr>\n<td>Ver\u00f6fentlichung<\/td>\n<td>2015-01-19<\/td>\n<\/tr>\n<tr>\n<td>ISBN<\/td>\n<td>9759955533<\/td>\n<\/tr>\n<tr>\n<td>Druckauflage<\/td>\n<td>1. Bask\u0131<\/td>\n<\/tr>\n<tr>\n<td>Sprache<\/td>\n<td>T\u00dcRK\u00c7E<\/td>\n<\/tr>\n<tr>\n<td>Seiten<\/td>\n<td>152<\/td>\n<\/tr>\n<tr>\n<td>Art<\/td>\n<td>Karton Kapak<\/td>\n<\/tr>\n<tr>\n<td>Papierart<\/td>\n<td>Kitap Ka\u011f\u0131d\u0131<\/td>\n<\/tr>\n<tr>\n<td>Ma\u00dfe<\/td>\n<td>13.5 x 21 cm<\/td>\n<\/tr>\n<\/tbody>\n<\/table>","protected":false},"excerpt":{"rendered":"<p>T\u00fcrk hik\u00e2yecili\u011finin usta kalemlerinden Mustafa Kutlu, Tirende Bir Keman adl\u0131 son kitab\u0131yla okurlar\u0131yla bulu\u015fuyor.<\/p>\n<p>Kimi zaman g\u00fcld\u00fcren \u00e7o\u011fu zaman da h\u00fcz\u00fcnlendiren musiki\u015finas bir baba-o\u011fulun hik\u00e2yesi, okuyanlar\u0131n y\u00fcre\u011fine dokunacak t\u00fcrden\u2026 Her hik\u00e2yesinde oldu\u011fu gibi T\u00fcrk toplumunun duygu ve d\u00fc\u015f\u00fcncelerine ayna tutan Kutlu, hayat verdi\u011fi karakterlerle bize insanl\u0131k h\u00e2llerini anlat\u0131yor.<\/p>\n<p>Hayal k\u0131r\u0131kl\u0131klar\u0131 kar\u015f\u0131s\u0131nda sonu gelmeyen tiren yolculuklar\u0131na \u00e7\u0131kan Kenan ve yolculukta onu yaln\u0131z b\u0131rakmayan o\u011flu Sadullah&#8230; Gerisi ise istasyonlar\u0131 doldurup bo\u015faltan yolcular misali hayatlar\u0131na girip \u00e7\u0131km\u0131\u015f insanlar\u2026 De\u011fi\u015fmeyen \u015feyler de var elbette: Yanlar\u0131ndan ay\u0131rmad\u0131klar\u0131 keman ve dillerinden d\u00fc\u015f\u00fcrmedikleri \u015fark\u0131lar. Bir de hasret ve gurbet\u2026<\/p>\n<p>Ellili y\u0131llar\u0131n havas\u0131n\u0131 ta\u015f\u0131yan bu \u015fark\u0131larla Ye\u015fil\u00e7am filmi tad\u0131ndaki hik\u00e2yeyi Mustafa Kutlu\u2019nun kaleminden okuyacaks\u0131n\u0131z.<\/p>","protected":false},"featured_media":11819,"template":"","meta":{"spay_email":""},"product_cat":[168],"product_tag":[],"item":[356],"acf":[],"_links":{"self":[{"href":"https:\/\/mgvpublications.com\/de\/wp-json\/wp\/v2\/product\/11818"}],"collection":[{"href":"https:\/\/mgvpublications.com\/de\/wp-json\/wp\/v2\/product"}],"about":[{"href":"https:\/\/mgvpublications.com\/de\/wp-json\/wp\/v2\/types\/product"}],"wp:featuredmedia":[{"embeddable":true,"href":"https:\/\/mgvpublications.com\/de\/wp-json\/wp\/v2\/media\/11819"}],"wp:attachment":[{"href":"https:\/\/mgvpublications.com\/de\/wp-json\/wp\/v2\/media?parent=11818"}],"wp:term":[{"taxonomy":"product_cat","embeddable":true,"href":"https:\/\/mgvpublications.com\/de\/wp-json\/wp\/v2\/product_cat?post=11818"},{"taxonomy":"product_tag","embeddable":true,"href":"https:\/\/mgvpublications.com\/de\/wp-json\/wp\/v2\/product_tag?post=11818"},{"taxonomy":"item","embeddable":true,"href":"https:\/\/mgvpublications.com\/de\/wp-json\/wp\/v2\/item?post=11818"}],"curies":[{"name":"wp","href":"https:\/\/api.w.org\/{rel}","templated":true}]}}