{"id":11812,"date":"2020-05-06T15:11:03","date_gmt":"2020-05-06T13:11:03","guid":{"rendered":"https:\/\/dev2.mgvpublications.com\/produkt\/sifauel-esrar-sufi-yolunun-sirlari\/"},"modified":"2022-03-08T22:34:14","modified_gmt":"2022-03-08T21:34:14","slug":"sifauel-esrar-sufi-yolunun-sirlari","status":"publish","type":"product","link":"https:\/\/mgvpublications.com\/de\/sifauel-esrar-sufi-yolunun-sirlari\/","title":{"rendered":"\u015eifa\u00fc&#8217;l Esrar Sufi Yolunun S\u0131rlar\u0131"},"content":{"rendered":"<table class=\"attribute\">\n<tbody>\n<tr>\n<td>Derleyici:<\/td>\n<td><a href=\"https:\/\/www.kitapyurdu.com\/yazar\/mehmet-rihtim\/146914.html\" target=\"_blank\" rel=\"noopener\">Mehmet R\u0131ht\u0131m<\/a><\/td>\n<\/tr>\n<tr>\n<td>Ver\u00f6fentlichung<\/td>\n<td>2015-11-27<\/td>\n<\/tr>\n<tr>\n<td>ISBN<\/td>\n<td>9759161590<\/td>\n<\/tr>\n<tr>\n<td>Druckauflage<\/td>\n<td>4. Bask\u0131<\/td>\n<\/tr>\n<tr>\n<td>Sprache<\/td>\n<td>T\u00dcRK\u00c7E<\/td>\n<\/tr>\n<tr>\n<td>Seiten<\/td>\n<td>408<\/td>\n<\/tr>\n<tr>\n<td>Art<\/td>\n<td>Karton Kapak<\/td>\n<\/tr>\n<tr>\n<td>Papierart<\/td>\n<td>Kitap Ka\u011f\u0131d\u0131<\/td>\n<\/tr>\n<tr>\n<td>Ma\u00dfe<\/td>\n<td>13.5 x 21 cm<\/td>\n<\/tr>\n<\/tbody>\n<\/table>","protected":false},"excerpt":{"rendered":"<p>Osmanl\u0131 tasavvufunun XV-XIX. as\u0131rlar aras\u0131ndaki en b\u00fcy\u00fck mektebi olan ve k\u0131rktan fazla kolu ile b\u00fct\u00fcn Osmanl\u0131 co\u011frafyas\u0131na yay\u0131lan Halvetiyye\u2019nin ilk merkezi Bak\u00fc, Pir-i S\u00e2nisi Seyyid Yahya \u015eirvan\u00ee idi. Anadolu\u2019dan ak\u0131n ak\u0131n Seyyid Yahya\u2019n\u0131n hank\u00e2h\u0131na gelen hakikat \u00e2\u015f\u0131klar\u0131, buradan ald\u0131klar\u0131 ilim ve irfan\u0131, yeni bir Yesev\u00ee ruhu ile y\u0131llar boyu Anadolu\u2019ya ta\u015f\u0131d\u0131lar. Edeb\u00ee ve tasavvuf\u00ee k\u00fclt\u00fcr\u00fcm\u00fcz\u00fcn \u015faheserlerinden \u015eifa\u00fc\u2019l-Esrar\u2019\u0131n yolculu\u011fu b\u00f6yle ba\u015flad\u0131.<br \/>\nAldatmayan saf hakikatten bahseden \u015eifa\u00fc\u2019l-Esrar, ruhumuzu, kalbimizi ve d\u00fc\u015f\u00fcncemizi temizleme, ar\u0131tma ve ar\u0131nd\u0131rma yollar\u0131n\u0131 g\u00f6sterir; be\u015feriyete kurtulu\u015f m\u00fcjdeleri g\u00f6nderir. Ruh medeniyetimizin manev\u00ee \u015fifreleri onun sat\u0131rlar\u0131nda gizlidir. \u015eifa\u00fc\u2019l-Esrar, Kur\u2019an ve Hz. Muhammed\u2019in(sav) nurlu yolunda dosdo\u011fru giderek, \u0130mam Buhar\u00ee\u2019den \u0130mam Ebu Hanife\u2019ye, Hz. Ali\u2019den Cafer-i Sad\u0131k\u2019a, Nizam\u00ee Gencev\u00ee\u2019den Mevl\u00e2na\u2019ya, Ahmed Yesev\u00ee\u2019den Yunus Emre\u2019ye, S\u00fchreverd\u00ee\u2019den \u015eems-i Tebriz\u00ee\u2019ye uzanan sa\u011flam ve sahih bir medeniyet d\u00fcnyas\u0131n\u0131 resmeder.<\/p>\n<p>\u201cA\u015fk perdeyi y\u0131rtmak, s\u0131rlar\u0131 a\u00e7makt\u0131r.<br \/>\nA\u015fk \u00e2\u015f\u0131\u011f\u0131 \u00f6ld\u00fcren derttir, ancak \u00e2\u015f\u0131k bununla iftihar eder.<br \/>\nA\u015fk, hastal\u0131kt\u0131r ve onun devas\u0131 kendisindedir.<br \/>\nA\u015fk \u015farapt\u0131r. Mecnunlar onu sevgi kadehi ile i\u00e7erler de sonra k\u00f6yler ve \u015fehirler onlara dar gelir.<br \/>\nA\u015fk muhabbetin en son derecesidir.\u201d<\/p>","protected":false},"featured_media":14385,"template":"","meta":{"spay_email":""},"product_cat":[174],"product_tag":[],"item":[767],"acf":[],"_links":{"self":[{"href":"https:\/\/mgvpublications.com\/de\/wp-json\/wp\/v2\/product\/11812"}],"collection":[{"href":"https:\/\/mgvpublications.com\/de\/wp-json\/wp\/v2\/product"}],"about":[{"href":"https:\/\/mgvpublications.com\/de\/wp-json\/wp\/v2\/types\/product"}],"wp:featuredmedia":[{"embeddable":true,"href":"https:\/\/mgvpublications.com\/de\/wp-json\/wp\/v2\/media\/14385"}],"wp:attachment":[{"href":"https:\/\/mgvpublications.com\/de\/wp-json\/wp\/v2\/media?parent=11812"}],"wp:term":[{"taxonomy":"product_cat","embeddable":true,"href":"https:\/\/mgvpublications.com\/de\/wp-json\/wp\/v2\/product_cat?post=11812"},{"taxonomy":"product_tag","embeddable":true,"href":"https:\/\/mgvpublications.com\/de\/wp-json\/wp\/v2\/product_tag?post=11812"},{"taxonomy":"item","embeddable":true,"href":"https:\/\/mgvpublications.com\/de\/wp-json\/wp\/v2\/item?post=11812"}],"curies":[{"name":"wp","href":"https:\/\/api.w.org\/{rel}","templated":true}]}}