{"id":11806,"date":"2020-05-06T15:02:16","date_gmt":"2020-05-06T13:02:16","guid":{"rendered":"https:\/\/dev2.mgvpublications.com\/produkt\/allah-aski\/"},"modified":"2025-04-05T20:43:13","modified_gmt":"2025-04-05T18:43:13","slug":"allah-aski","status":"publish","type":"product","link":"https:\/\/mgvpublications.com\/de\/allah-aski\/","title":{"rendered":"Allah A\u015fk\u0131"},"content":{"rendered":"<table class=\"attribute\">\n<tbody>\n<tr>\n<td>\u00c7evirmen:<\/td>\n<td><a href=\"https:\/\/www.kitapyurdu.com\/yazar\/cemal-aydin\/11572.html\" target=\"_blank\" rel=\"noopener\">Cemal Ayd\u0131n<\/a><\/td>\n<\/tr>\n<tr>\n<td>Ver\u00f6fentlichung<\/td>\n<td>2020-01-29<\/td>\n<\/tr>\n<tr>\n<td>ISBN<\/td>\n<td>6059778954<\/td>\n<\/tr>\n<tr>\n<td>Druckauflage<\/td>\n<td>1. Bask\u0131<\/td>\n<\/tr>\n<tr>\n<td>Sprache<\/td>\n<td>T\u00dcRK\u00c7E<\/td>\n<\/tr>\n<tr>\n<td>Seiten<\/td>\n<td>152<\/td>\n<\/tr>\n<tr>\n<td>Art<\/td>\n<td>Karton Kapak<\/td>\n<\/tr>\n<tr>\n<td>Papierart<\/td>\n<td>Kitap Ka\u011f\u0131d\u0131<\/td>\n<\/tr>\n<tr>\n<td>Ma\u00dfe<\/td>\n<td>13.5 x 21 cm<\/td>\n<\/tr>\n<\/tbody>\n<\/table>","protected":false},"excerpt":{"rendered":"<p>\u00dcnl\u00fc bir s\u00fbf\u00ee bizlere \u015fu m\u00fcjdeyi verir: \u201cE\u011fer insanlar, nas\u0131l bir Allah\u2019\u0131n kulu olduklar\u0131n\u0131 bir bilselerdi, sevin\u00e7ten u\u00e7arlard\u0131!\u201d<br \/>\nElinizdeki eser, i\u015fte o bilgiye ermi\u015f, yani \u201cnas\u0131l bir Allah\u2019\u0131n kulu olduklar\u0131n\u0131n\u201d fark\u0131na varm\u0131\u015f, se\u00e7kin insanlar\u0131n Allah\u2019a olan sonsuz muhabbetlerini, onlar\u0131n tarifsiz Allah a\u015fklar\u0131n\u0131 dillendiriyor.<br \/>\nGer\u00e7ek Sevgili\u2019nin O oldu\u011funu, O\u2019nun ve El\u00e7isi\u2019nin d\u0131\u015f\u0131ndaki sevgililerin ge\u00e7ici, yan\u0131lt\u0131c\u0131 ve bo\u015f oldu\u011funu, bu kitab\u0131n sayfalar\u0131 aras\u0131nda gezinirken sizler yakinen g\u00f6receksiniz.<br \/>\nVar olan o Allah sevginizi, bu eserde anlat\u0131lanlar daha bir per\u00e7inleyecek ve daha bir alevlendirecek\u2026 B\u00f6ylece ger\u00e7ek bir g\u00f6n\u00fcl huzuruna ve ruh dinginli\u011fine kavu\u015facaks\u0131n\u0131z.<br \/>\nKitapta s\u00f6z\u00fc edilen ve Allah a\u015fk\u0131yla yan\u0131p tutu\u015fan o b\u00fcy\u00fck s\u00fbf\u00eelerin s\u00f6zlerinden i\u015fte bir \u00f6rnek:<br \/>\n\u201cBen Rabbimi sonsuz bir a\u015fkla seviyorum! E\u011fer benim cehenneme at\u0131lmam\u0131 emretse, O\u2019na olan sevgimden dolay\u0131 cehennemin alevini hissetmem! Beni cennete koymalar\u0131n\u0131 ferman etse, O\u2019nun sevgisinden dolay\u0131 oradan da bir haz almam! \u00c7\u00fcnk\u00fc O\u2019nun sevgisi bende her \u015feye bask\u0131n!\u201d<br \/>\nRuk\u0131yye Han\u0131m<\/p>","protected":false},"featured_media":11807,"template":"","meta":{"spay_email":""},"product_cat":[174],"product_tag":[],"item":[767],"acf":[],"_links":{"self":[{"href":"https:\/\/mgvpublications.com\/de\/wp-json\/wp\/v2\/product\/11806"}],"collection":[{"href":"https:\/\/mgvpublications.com\/de\/wp-json\/wp\/v2\/product"}],"about":[{"href":"https:\/\/mgvpublications.com\/de\/wp-json\/wp\/v2\/types\/product"}],"wp:featuredmedia":[{"embeddable":true,"href":"https:\/\/mgvpublications.com\/de\/wp-json\/wp\/v2\/media\/11807"}],"wp:attachment":[{"href":"https:\/\/mgvpublications.com\/de\/wp-json\/wp\/v2\/media?parent=11806"}],"wp:term":[{"taxonomy":"product_cat","embeddable":true,"href":"https:\/\/mgvpublications.com\/de\/wp-json\/wp\/v2\/product_cat?post=11806"},{"taxonomy":"product_tag","embeddable":true,"href":"https:\/\/mgvpublications.com\/de\/wp-json\/wp\/v2\/product_tag?post=11806"},{"taxonomy":"item","embeddable":true,"href":"https:\/\/mgvpublications.com\/de\/wp-json\/wp\/v2\/item?post=11806"}],"curies":[{"name":"wp","href":"https:\/\/api.w.org\/{rel}","templated":true}]}}