{"id":11771,"date":"2020-05-05T18:09:11","date_gmt":"2020-05-05T16:09:11","guid":{"rendered":"https:\/\/dev2.mgvpublications.com\/produkt\/genclerle-basbasa\/"},"modified":"2022-06-02T11:06:06","modified_gmt":"2022-06-02T09:06:06","slug":"genclerle-basbasa","status":"publish","type":"product","link":"https:\/\/mgvpublications.com\/de\/genclerle-basbasa\/","title":{"rendered":"Gen\u00e7lerle Ba\u015fba\u015fa"},"content":{"rendered":"<table class=\"attribute\">\n<tbody>\n<tr>\n<td>Ver\u00f6fentlichung<\/td>\n<td>2020-01-03<\/td>\n<\/tr>\n<tr>\n<td>ISBN<\/td>\n<td>9757747116<\/td>\n<\/tr>\n<tr>\n<td>Druckauflage<\/td>\n<td>141. Bask\u0131<\/td>\n<\/tr>\n<tr>\n<td>Sprache<\/td>\n<td>T\u00dcRK\u00c7E<\/td>\n<\/tr>\n<tr>\n<td>Seiten<\/td>\n<td>80<\/td>\n<\/tr>\n<tr>\n<td>Art<\/td>\n<td>Karton Kapak<\/td>\n<\/tr>\n<tr>\n<td>Papierart<\/td>\n<td>Kitap Ka\u011f\u0131d\u0131<\/td>\n<\/tr>\n<tr>\n<td>Ma\u00dfe<\/td>\n<td>12 x 19.5 cm<\/td>\n<\/tr>\n<\/tbody>\n<\/table>","protected":false},"excerpt":{"rendered":"<p>S\u00f6zl\u00fck ilaveli orijinal<br \/>\nAli Fuad Ba\u015fgil&#8217;in bu eseri, yay\u0131nland\u0131\u011f\u0131 g\u00fcnden bu yana defalarca bas\u0131lm\u0131\u015f ve her nesile ayr\u0131 ayr\u0131 seslenmi\u015ftir. B\u00fcy\u00fck-k\u00fc\u00e7\u00fck her insana verdi\u011fi ve vermeye devam edece\u011fi \u015feyler \u015fimdi oldu\u011fu gibi, nesiller boyu da devam edecektir.<br \/>\nKendisinin de belirtti\u011fi gibi &#8230;&#8221;Bu kitap, sadece fikri \u00e7al\u0131\u015fma at\u00f6lyesinin gen\u00e7 ve tecr\u00fcbesiz \u00e7\u0131raklar\u0131 i\u00e7in faydal\u0131 olabilecek bir rehberdir.&#8221; Ger\u00e7i her ne kadar kendisi b\u00f6yle s\u00f6ylese de, bu kitap gen\u00e7 ve tecr\u00fcbesiz \u00e7\u0131raklara da rehberi olabilecek k\u0131vamdad\u0131r.<br \/>\n\u00d6zelikkle, sae\u00e7ilen konular\u0131n ve yazar\u0131n\u0131n dostane \u00fcslubuyla bu nadide eser, nesillere daima ilham olabilecek yap\u0131dad\u0131r.<br \/>\nYine yazar\u0131n deyimiyle: &#8220;Gelece\u011fin \u00fcmidi olan gen\u00e7leri, bunal\u0131mdan, iradesiz ve cesaretsiz ya\u015famaktan kurtaracak olan bu kitap; ba\u015far\u0131l\u0131 olmas\u0131n\u0131n s\u0131rlar\u0131n\u0131 g\u00f6stermektedir..&#8221; Bu do\u011frultuda g\u00fczel de bir rehber olacakt\u0131r.<\/p>","protected":false},"featured_media":11772,"template":"","meta":{"spay_email":""},"product_cat":[180],"product_tag":[],"item":[763],"acf":[],"_links":{"self":[{"href":"https:\/\/mgvpublications.com\/de\/wp-json\/wp\/v2\/product\/11771"}],"collection":[{"href":"https:\/\/mgvpublications.com\/de\/wp-json\/wp\/v2\/product"}],"about":[{"href":"https:\/\/mgvpublications.com\/de\/wp-json\/wp\/v2\/types\/product"}],"wp:featuredmedia":[{"embeddable":true,"href":"https:\/\/mgvpublications.com\/de\/wp-json\/wp\/v2\/media\/11772"}],"wp:attachment":[{"href":"https:\/\/mgvpublications.com\/de\/wp-json\/wp\/v2\/media?parent=11771"}],"wp:term":[{"taxonomy":"product_cat","embeddable":true,"href":"https:\/\/mgvpublications.com\/de\/wp-json\/wp\/v2\/product_cat?post=11771"},{"taxonomy":"product_tag","embeddable":true,"href":"https:\/\/mgvpublications.com\/de\/wp-json\/wp\/v2\/product_tag?post=11771"},{"taxonomy":"item","embeddable":true,"href":"https:\/\/mgvpublications.com\/de\/wp-json\/wp\/v2\/item?post=11771"}],"curies":[{"name":"wp","href":"https:\/\/api.w.org\/{rel}","templated":true}]}}