{"id":11765,"date":"2020-05-05T17:55:40","date_gmt":"2020-05-05T15:55:40","guid":{"rendered":"https:\/\/dev2.mgvpublications.com\/produkt\/cocuklar-icin-peygamberimizin-hayati\/"},"modified":"2022-03-08T22:34:13","modified_gmt":"2022-03-08T21:34:13","slug":"cocuklar-icin-peygamberimizin-hayati","status":"publish","type":"product","link":"https:\/\/mgvpublications.com\/de\/cocuklar-icin-peygamberimizin-hayati\/","title":{"rendered":"\u00c7ocuklar \u0130\u00e7in Peygamberimizin Hayat\u0131"},"content":{"rendered":"<table class=\"attribute\">\n<tbody>\n<tr>\n<td>\u00c7evirmen:<\/td>\n<td><a href=\"https:\/\/www.kitapyurdu.com\/yazar\/mustafa-nuhoglu\/13476.html\" target=\"_blank\" rel=\"noopener\">Mustafa Nuho\u011flu<\/a><\/td>\n<\/tr>\n<tr>\n<td>Ver\u00f6fentlichung<\/td>\n<td>2019-05-09<\/td>\n<\/tr>\n<tr>\n<td>ISBN<\/td>\n<td>6057577603<\/td>\n<\/tr>\n<tr>\n<td>Druckauflage<\/td>\n<td>4. Bask\u0131<\/td>\n<\/tr>\n<tr>\n<td>Sprache<\/td>\n<td>T\u00dcRK\u00c7E<\/td>\n<\/tr>\n<tr>\n<td>Seiten<\/td>\n<td>254<\/td>\n<\/tr>\n<tr>\n<td>Art<\/td>\n<td>Karton Kapak<\/td>\n<\/tr>\n<tr>\n<td>Papierart<\/td>\n<td>Kitap Ka\u011f\u0131d\u0131<\/td>\n<\/tr>\n<tr>\n<td>Ma\u00dfe<\/td>\n<td>11 x 16 cm<\/td>\n<\/tr>\n<\/tbody>\n<\/table>","protected":false},"excerpt":{"rendered":"<div class=\"description\">\n<div id=\"description_text\">En de\u011ferli varl\u0131\u011f\u0131n\u0131z olan \u00e7ocuklar\u0131n\u0131za, hakk\u0131n ve adalaetin \u00f6nderleri, Allah&#8217;\u0131n el\u00e7ileri (Peygamberler) ile; ilk iman neslinin ya\u015fam \u00f6yk\u00fclerini bu kitaplarla tan\u0131t\u0131n.<\/div>\n<\/div>\n<p>&nbsp;<\/p>\n<div class=\"share-buttons section\"><\/div>","protected":false},"featured_media":11766,"template":"","meta":{"spay_email":""},"product_cat":[172,174],"product_tag":[],"item":[1750],"acf":[],"_links":{"self":[{"href":"https:\/\/mgvpublications.com\/de\/wp-json\/wp\/v2\/product\/11765"}],"collection":[{"href":"https:\/\/mgvpublications.com\/de\/wp-json\/wp\/v2\/product"}],"about":[{"href":"https:\/\/mgvpublications.com\/de\/wp-json\/wp\/v2\/types\/product"}],"wp:featuredmedia":[{"embeddable":true,"href":"https:\/\/mgvpublications.com\/de\/wp-json\/wp\/v2\/media\/11766"}],"wp:attachment":[{"href":"https:\/\/mgvpublications.com\/de\/wp-json\/wp\/v2\/media?parent=11765"}],"wp:term":[{"taxonomy":"product_cat","embeddable":true,"href":"https:\/\/mgvpublications.com\/de\/wp-json\/wp\/v2\/product_cat?post=11765"},{"taxonomy":"product_tag","embeddable":true,"href":"https:\/\/mgvpublications.com\/de\/wp-json\/wp\/v2\/product_tag?post=11765"},{"taxonomy":"item","embeddable":true,"href":"https:\/\/mgvpublications.com\/de\/wp-json\/wp\/v2\/item?post=11765"}],"curies":[{"name":"wp","href":"https:\/\/api.w.org\/{rel}","templated":true}]}}