{"id":11763,"date":"2020-05-05T17:51:21","date_gmt":"2020-05-05T15:51:21","guid":{"rendered":"https:\/\/dev2.mgvpublications.com\/produkt\/doert-halifenin-hayati-oezel-baski\/"},"modified":"2022-03-08T22:34:13","modified_gmt":"2022-03-08T21:34:13","slug":"doert-halifenin-hayati-oezel-baski","status":"publish","type":"product","link":"https:\/\/mgvpublications.com\/de\/doert-halifenin-hayati-oezel-baski\/","title":{"rendered":"D\u00f6rt Halife&#8217;nin Hayat\u0131 (\u00d6zel Bask\u0131)"},"content":{"rendered":"<table class=\"attribute\">\n<tbody>\n<tr>\n<td>Ver\u00f6fentlichung<\/td>\n<td>2005-01-01<\/td>\n<\/tr>\n<tr>\n<td>ISBN<\/td>\n<td>9757624721<\/td>\n<\/tr>\n<tr>\n<td>Druckauflage<\/td>\n<td>1. Bask\u0131<\/td>\n<\/tr>\n<tr>\n<td>Sprache<\/td>\n<td>T\u00dcRK\u00c7E<\/td>\n<\/tr>\n<tr>\n<td>Seiten<\/td>\n<td>140<\/td>\n<\/tr>\n<tr>\n<td>Art<\/td>\n<td>Karton Kapak<\/td>\n<\/tr>\n<tr>\n<td>Papierart<\/td>\n<td>Kitap Ka\u011f\u0131d\u0131<\/td>\n<\/tr>\n<tr>\n<td>Ma\u00dfe<\/td>\n<td>13.5 x 19.5 cm<\/td>\n<\/tr>\n<\/tbody>\n<\/table>","protected":false},"excerpt":{"rendered":"<p>Yay\u0131n Tarihi 2005-01-01 ISBN 9757624721 Bask\u0131 Say\u0131s\u0131 1. Bask\u0131 Dil T\u00dcRK\u00c7E Sayfa Say\u0131s\u0131 140 Cilt Tipi Karton Kapak Ka\u011f\u0131t Cinsi Kitap Ka\u011f\u0131d\u0131 Boyut 13.5 x 19.5 cm<\/p>","protected":false},"featured_media":11764,"template":"","meta":{"spay_email":""},"product_cat":[174,170],"product_tag":[],"item":[1056],"acf":[],"_links":{"self":[{"href":"https:\/\/mgvpublications.com\/de\/wp-json\/wp\/v2\/product\/11763"}],"collection":[{"href":"https:\/\/mgvpublications.com\/de\/wp-json\/wp\/v2\/product"}],"about":[{"href":"https:\/\/mgvpublications.com\/de\/wp-json\/wp\/v2\/types\/product"}],"wp:featuredmedia":[{"embeddable":true,"href":"https:\/\/mgvpublications.com\/de\/wp-json\/wp\/v2\/media\/11764"}],"wp:attachment":[{"href":"https:\/\/mgvpublications.com\/de\/wp-json\/wp\/v2\/media?parent=11763"}],"wp:term":[{"taxonomy":"product_cat","embeddable":true,"href":"https:\/\/mgvpublications.com\/de\/wp-json\/wp\/v2\/product_cat?post=11763"},{"taxonomy":"product_tag","embeddable":true,"href":"https:\/\/mgvpublications.com\/de\/wp-json\/wp\/v2\/product_tag?post=11763"},{"taxonomy":"item","embeddable":true,"href":"https:\/\/mgvpublications.com\/de\/wp-json\/wp\/v2\/item?post=11763"}],"curies":[{"name":"wp","href":"https:\/\/api.w.org\/{rel}","templated":true}]}}