{"id":11761,"date":"2020-05-05T17:46:44","date_gmt":"2020-05-05T15:46:44","guid":{"rendered":"https:\/\/dev2.mgvpublications.com\/produkt\/peygamberimizin-hayati-s-a-v\/"},"modified":"2022-03-08T22:34:13","modified_gmt":"2022-03-08T21:34:13","slug":"peygamberimizin-hayati-s-a-v","status":"publish","type":"product","link":"https:\/\/mgvpublications.com\/de\/peygamberimizin-hayati-s-a-v\/","title":{"rendered":"Peygamberimizin Hayat\u0131 (s.a.v)"},"content":{"rendered":"<table class=\"attribute\">\n<tbody>\n<tr>\n<td>\u00c7evirmen:<\/td>\n<td><a href=\"https:\/\/www.kitapyurdu.com\/yazar\/mustafa-nuhoglu\/13476.html\" target=\"_blank\" rel=\"noopener\">Mustafa Nuho\u011flu<\/a><\/td>\n<\/tr>\n<tr>\n<td>Ver\u00f6fentlichung<\/td>\n<td>2019-04-30<\/td>\n<\/tr>\n<tr>\n<td>ISBN<\/td>\n<td>9756500439<\/td>\n<\/tr>\n<tr>\n<td>Druckauflage<\/td>\n<td>1. Bask\u0131<\/td>\n<\/tr>\n<tr>\n<td>Sprache<\/td>\n<td>T\u00dcRK\u00c7E<\/td>\n<\/tr>\n<tr>\n<td>Seiten<\/td>\n<td>170<\/td>\n<\/tr>\n<tr>\n<td>Art<\/td>\n<td>Karton Kapak<\/td>\n<\/tr>\n<tr>\n<td>Papierart<\/td>\n<td>Kitap Ka\u011f\u0131d\u0131<\/td>\n<\/tr>\n<tr>\n<td>Ma\u00dfe<\/td>\n<td>13.5 x 21 cm<\/td>\n<\/tr>\n<\/tbody>\n<\/table>","protected":false},"excerpt":{"rendered":"<p>Gen\u00e7 karde\u015flerimiz i\u00e7in haz\u0131rlanm\u0131\u015f, okuyucusunu s\u0131kmadan ilerleyen bir siyer. Bir\u00e7ok kurum ve vak\u0131fta s\u0131nav kitab\u0131 ve ders kitab\u0131 olarak okutulan bu eser, siyere ba\u015flamak isteyenler i\u00e7in birerbir.<\/p>","protected":false},"featured_media":11762,"template":"","meta":{"spay_email":""},"product_cat":[174],"product_tag":[],"item":[1750],"acf":[],"_links":{"self":[{"href":"https:\/\/mgvpublications.com\/de\/wp-json\/wp\/v2\/product\/11761"}],"collection":[{"href":"https:\/\/mgvpublications.com\/de\/wp-json\/wp\/v2\/product"}],"about":[{"href":"https:\/\/mgvpublications.com\/de\/wp-json\/wp\/v2\/types\/product"}],"wp:featuredmedia":[{"embeddable":true,"href":"https:\/\/mgvpublications.com\/de\/wp-json\/wp\/v2\/media\/11762"}],"wp:attachment":[{"href":"https:\/\/mgvpublications.com\/de\/wp-json\/wp\/v2\/media?parent=11761"}],"wp:term":[{"taxonomy":"product_cat","embeddable":true,"href":"https:\/\/mgvpublications.com\/de\/wp-json\/wp\/v2\/product_cat?post=11761"},{"taxonomy":"product_tag","embeddable":true,"href":"https:\/\/mgvpublications.com\/de\/wp-json\/wp\/v2\/product_tag?post=11761"},{"taxonomy":"item","embeddable":true,"href":"https:\/\/mgvpublications.com\/de\/wp-json\/wp\/v2\/item?post=11761"}],"curies":[{"name":"wp","href":"https:\/\/api.w.org\/{rel}","templated":true}]}}