{"id":11740,"date":"2020-12-02T15:44:25","date_gmt":"2020-12-02T14:44:25","guid":{"rendered":"https:\/\/dev2.mgvpublications.com\/produkt\/ask-ve-is-yasami-icin-es-frekans-yasasi-benzer-benzeri-ceker\/"},"modified":"2022-03-08T22:34:11","modified_gmt":"2022-03-08T21:34:11","slug":"ask-ve-is-yasami-icin-es-frekans-yasasi-benzer-benzeri-ceker","status":"publish","type":"product","link":"https:\/\/mgvpublications.com\/de\/ask-ve-is-yasami-icin-es-frekans-yasasi-benzer-benzeri-ceker\/","title":{"rendered":"A\u015fk ve \u0130\u015f Ya\u015fam\u0131 \u0130\u00e7in E\u015f Frekans Yasas\u0131 &#038; Benzer Benzeri \u00c7eker"},"content":{"rendered":"<table class=\"attribute\">\nn<\/p>\n<tbody>\nn<\/p>\n<tr>\nn<\/p>\n<td>Ver\u00f6fentlichung<\/td>\n<p>n<\/p>\n<td>2015-04-01<\/td>\n<p>n<\/tr>\n<p>n<\/p>\n<tr>\nn<\/p>\n<td>ISBN<\/td>\n<p>n<\/p>\n<td>6055365967<\/td>\n<p>n<\/tr>\n<p>n<\/p>\n<tr>\nn<\/p>\n<td>Druckauflage<\/td>\n<p>n<\/p>\n<td>2. Bask\u0131<\/td>\n<p>n<\/tr>\n<p>n<\/p>\n<tr>\nn<\/p>\n<td>Sprache<\/td>\n<p>n<\/p>\n<td>T\u00dcRK\u00c7E<\/td>\n<p>n<\/tr>\n<p>n<\/p>\n<tr>\nn<\/p>\n<td>Seiten<\/td>\n<p>n<\/p>\n<td>224<\/td>\n<p>n<\/tr>\n<p>n<\/p>\n<tr>\nn<\/p>\n<td>Art<\/td>\n<p>n<\/p>\n<td>Karton Kapak<\/td>\n<p>n<\/tr>\n<p>n<\/p>\n<tr>\nn<\/p>\n<td>Papierart<\/td>\n<p>n<\/p>\n<td>Kitap Ka\u011f\u0131d\u0131<\/td>\n<p>n<\/tr>\n<p>n<\/p>\n<tr>\nn<\/p>\n<td>Ma\u00dfe<\/td>\n<p>n<\/p>\n<td>13.5 x 21 cm<\/td>\n<p>n<\/tr>\n<p>n<\/tbody>\n<p>n<\/table>","protected":false},"excerpt":{"rendered":"<p>Kad\u0131n erkek ili\u015fkisinde \u201cDoyumlu \u0130li\u015fki\u201d ve \u201cTamamlanm\u0131\u015f A\u015fk\u201d ilk kez bu kitapta anlat\u0131l\u0131yor.<br \/>\nn\u2022 \u00c7o\u011fu ili\u015fkide sadece Duygusal Ba\u011f neden i\u015fe yaram\u0131yor?<br \/>\nn\u2022 \u0130li\u015fki, Duygusal Ba\u011f\u0131n \u00f6tesine ge\u00e7ebilir mi?<br \/>\nn\u2022 Ge\u00e7mezse neler olur?<br \/>\nn\u2022 E\u011fer ge\u00e7erse, a\u015fk tamamlanm\u0131\u015f olur mu?<br \/>\nnYa\u015fad\u0131\u011f\u0131m\u0131z evrende her \u015fey sadece ve sadece enerjiden ibarettir.<br \/>\nnAsl\u0131nda sadece benzer enerjiler birbirini \u00e7ekerler.<br \/>\nn\u00d6znel enerji frekans\u0131ndan, nesnel enerji frekans\u0131na giden yol bu kitapta.<br \/>\nnYa\u015fam\u0131n gizli kalm\u0131\u015f bu s\u0131rr\u0131n\u0131 \u00e7\u00f6zmek i\u00e7in bu kitap sizinle e\u015f frekansa ge\u00e7meyi bekliyor. Hayat b\u00f6yledir; f\u0131rsatlar aya\u011f\u0131n\u0131za kadar gelir ama onu kabul edecek olan sizsiniz.<br \/>\nnKeyifli okumalar\u2026<\/p>","protected":false},"featured_media":11741,"template":"","meta":{"spay_email":""},"product_cat":[216],"product_tag":[],"item":[443],"acf":[],"_links":{"self":[{"href":"https:\/\/mgvpublications.com\/de\/wp-json\/wp\/v2\/product\/11740"}],"collection":[{"href":"https:\/\/mgvpublications.com\/de\/wp-json\/wp\/v2\/product"}],"about":[{"href":"https:\/\/mgvpublications.com\/de\/wp-json\/wp\/v2\/types\/product"}],"wp:featuredmedia":[{"embeddable":true,"href":"https:\/\/mgvpublications.com\/de\/wp-json\/wp\/v2\/media\/11741"}],"wp:attachment":[{"href":"https:\/\/mgvpublications.com\/de\/wp-json\/wp\/v2\/media?parent=11740"}],"wp:term":[{"taxonomy":"product_cat","embeddable":true,"href":"https:\/\/mgvpublications.com\/de\/wp-json\/wp\/v2\/product_cat?post=11740"},{"taxonomy":"product_tag","embeddable":true,"href":"https:\/\/mgvpublications.com\/de\/wp-json\/wp\/v2\/product_tag?post=11740"},{"taxonomy":"item","embeddable":true,"href":"https:\/\/mgvpublications.com\/de\/wp-json\/wp\/v2\/item?post=11740"}],"curies":[{"name":"wp","href":"https:\/\/api.w.org\/{rel}","templated":true}]}}