{"id":11724,"date":"2020-05-05T14:52:22","date_gmt":"2020-05-05T12:52:22","guid":{"rendered":"https:\/\/dev2.mgvpublications.com\/produkt\/yika-beynini\/"},"modified":"2022-05-08T15:52:13","modified_gmt":"2022-05-08T13:52:13","slug":"yika-beynini","status":"publish","type":"product","link":"https:\/\/mgvpublications.com\/de\/yika-beynini\/","title":{"rendered":"Y\u0131ka Beynini"},"content":{"rendered":"<p>Yay\u0131n Tarihi: 18.03.2015<br \/>ISBN: 9786050925524<br \/>Dil: T\u00dcRK\u00c7E<br \/>Sayfa Say\u0131s\u0131: 296<br \/>Cilt Tipi: Karton Kapak<br \/>Ka\u011f\u0131t Cinsi: Kitap Ka\u011f\u0131d\u0131<br \/>Boyut: 14 x 21 cm<\/p>","protected":false},"excerpt":{"rendered":"<p>Sorun sende de\u011fil! Onda! Kimden mi s\u00f6z ediyorum? Ba\u015f\u0131m\u0131z\u0131n \u00fcst\u00fcnde yeri olan beynimizden tabii ki\u2026 Tamam, kabul! Daha y\u00fczde 10\u2019unu bile kullanamazken bizi uzaya g\u00f6nderdi! Sayesinde \u201cI\u015f\u0131nla beni Skati\u201d c\u00fcmlesini kurmam\u0131za az kald\u0131! Ama bazen i\u015fleri \u00e7ok abart\u0131yor. \u0130\u015fg\u00fczarl\u0131k etmeye kalk\u0131yor. K\u00f6t\u00fc hi\u00e7bir \u015fey olmasa da hayat\u0131m\u0131z \u00e7ocuklu\u011fumuzdaki kadar keyif vermiyor\u2026 Genciz, g\u00fczeliz, yak\u0131\u015f\u0131kl\u0131y\u0131z, i\u015fimiz g\u00fcc\u00fcm\u00fcz var \u00e7ok \u015f\u00fck\u00fcr ama sokaktaki \u00e7i\u00e7ek\u00e7inin \u00f6zg\u00fcvenine sahip de\u011filiz\u2026 Toplant\u0131da bir konu\u015fma yaparken, hi\u00e7 \u00e7al\u0131\u015fmadan s\u00f6zl\u00fcye kalkm\u0131\u015f \u00f6\u011frencinin ruh haline girebiliyoruz. Neden sizce? \u00c7\u00fcnk\u00fc beynimizin y\u0131kanmaya ihtiyac\u0131 var! \u00c7\u00fcnk\u00fc do\u011fdu\u011fumuz andan itibaren ya\u015fad\u0131\u011f\u0131m\u0131z her negatif durumu ar\u015fivleyen, korkular\u0131, kayg\u0131lar\u0131 biriktirip her yeni ko\u015fulda \u00f6n\u00fcm\u00fcze diken bir koleksiyoncu o! Gelelim iyi habere! \u00c7\u00f6z\u00fcm \u00e7ok kolay! Hadi ona her \u015feyin yolunda oldu\u011funu s\u00f6yleyelim. Ve bu kitapla ba\u015far\u0131, sa\u011fl\u0131k, \u00f6zg\u00fcven, bolluk ve bereket i\u00e7in beynimizi formatlayal\u0131m\u2026<\/p>","protected":false},"featured_media":23197,"template":"","meta":{"spay_email":""},"product_cat":[169],"product_tag":[],"item":[1051],"acf":[],"_links":{"self":[{"href":"https:\/\/mgvpublications.com\/de\/wp-json\/wp\/v2\/product\/11724"}],"collection":[{"href":"https:\/\/mgvpublications.com\/de\/wp-json\/wp\/v2\/product"}],"about":[{"href":"https:\/\/mgvpublications.com\/de\/wp-json\/wp\/v2\/types\/product"}],"wp:featuredmedia":[{"embeddable":true,"href":"https:\/\/mgvpublications.com\/de\/wp-json\/wp\/v2\/media\/23197"}],"wp:attachment":[{"href":"https:\/\/mgvpublications.com\/de\/wp-json\/wp\/v2\/media?parent=11724"}],"wp:term":[{"taxonomy":"product_cat","embeddable":true,"href":"https:\/\/mgvpublications.com\/de\/wp-json\/wp\/v2\/product_cat?post=11724"},{"taxonomy":"product_tag","embeddable":true,"href":"https:\/\/mgvpublications.com\/de\/wp-json\/wp\/v2\/product_tag?post=11724"},{"taxonomy":"item","embeddable":true,"href":"https:\/\/mgvpublications.com\/de\/wp-json\/wp\/v2\/item?post=11724"}],"curies":[{"name":"wp","href":"https:\/\/api.w.org\/{rel}","templated":true}]}}