{"id":11634,"date":"2020-05-02T15:51:56","date_gmt":"2020-05-02T13:51:56","guid":{"rendered":"https:\/\/dev2.mgvpublications.com\/produkt\/kaktuesler-de-cicek-acar\/"},"modified":"2022-03-08T22:34:07","modified_gmt":"2022-03-08T21:34:07","slug":"kaktuesler-de-cicek-acar","status":"publish","type":"product","link":"https:\/\/mgvpublications.com\/de\/kaktuesler-de-cicek-acar\/","title":{"rendered":"Kakt\u00fcsler de \u00c7i\u00e7ek A\u00e7ar"},"content":{"rendered":"<p>&nbsp;<\/p>\n<div class=\"share-buttons section\">\n<div class=\"clear\"><\/div>\n<\/div>\n<div class=\"section\">\n<div class=\"grid_3 alpha omega\">\n<table class=\"attribute\">\n<tbody>\n<tr>\n<td>Ver\u00f6fentlichung<\/td>\n<td>2019-02-14<\/td>\n<\/tr>\n<tr>\n<td>ISBN<\/td>\n<td>6057906120<\/td>\n<\/tr>\n<tr>\n<td>Druckauflage<\/td>\n<td>1. Bask\u0131<\/td>\n<\/tr>\n<tr>\n<td>Sprache<\/td>\n<td>T\u00dcRK\u00c7E<\/td>\n<\/tr>\n<tr>\n<td>Seiten<\/td>\n<td>160<\/td>\n<\/tr>\n<tr>\n<td>Art<\/td>\n<td>Karton Kapak<\/td>\n<\/tr>\n<tr>\n<td>Papierart<\/td>\n<td>Kitap Ka\u011f\u0131d\u0131<\/td>\n<\/tr>\n<tr>\n<td>Ma\u00dfe<\/td>\n<td>13.5 x 21 cm<\/td>\n<\/tr>\n<\/tbody>\n<\/table>\n<\/div>\n<\/div>","protected":false},"excerpt":{"rendered":"<div id=\"description_text\" class=\"readmore-js-section readmore-js-collapsed\">\n<table cellspacing=\"0\" cellpadding=\"0\" align=\"left\">\n<tbody>\n<tr>\n<td><strong><em>\u0130nan bana hayat sana kakt\u00fcs\u00fcn dikenlerini<\/em><\/strong><br \/>\n<strong><em>de\u011fil, reng\u00e2rek a\u00e7an \u00e7i\u00e7eklerini g\u00f6sterir.<\/em><\/strong><\/p>\n<p>Baz\u0131 insanlar, benim bu d\u00fcnyada en b\u00fcy\u00fck k\u0131rg\u0131nl\u0131klar\u0131m olsa da k\u0131r\u0131ld\u0131\u011f\u0131m yerden de\u011fi\u015ftim, g\u00fc\u00e7lendim!<br \/>\nAnlam\u0131n\u0131 yitiren o yolda hi\u00e7bir \u015fey hissetmeden<br \/>\ny\u00fcr\u00fcd\u00fcm bir s\u00fcre.Ama \u00f6\u011frendim; insan, y\u00fcr\u00fcd\u00fc\u011f\u00fc yollara \u00e7i\u00e7ekler ekerek ilerlemeli. Yar\u0131 yolda kal\u0131rsa e\u011fer, geri d\u00f6nd\u00fc\u011f\u00fcnde<br \/>\no yollar \u00e7i\u00e7eklerle s\u00fcslenmi\u015f olmal\u0131.Kakt\u00fcsler bile \u00e7i\u00e7ek a\u00e7abiliyorken baz\u0131 insanlar\u0131n<br \/>\nkalbi \u00e7oktan kurumu\u015f.<br \/>\n<strong><em>\u201cHer \u015fey \u00fcst\u00fcne gelip seni dayanamayaca\u011f\u0131n bir noktaya getirdi\u011finde, sak\u0131n vazge\u00e7me! \u0130\u015fte oras\u0131 kaderinin de\u011fi\u015fece\u011fi noktad\u0131r!\u201d<\/em><\/strong><\/td>\n<\/tr>\n<\/tbody>\n<\/table>\n<p><strong><em>-Mevlana<\/em><\/strong><\/div>","protected":false},"featured_media":15870,"template":"","meta":{"spay_email":""},"product_cat":[168],"product_tag":[],"item":[1362],"acf":[],"_links":{"self":[{"href":"https:\/\/mgvpublications.com\/de\/wp-json\/wp\/v2\/product\/11634"}],"collection":[{"href":"https:\/\/mgvpublications.com\/de\/wp-json\/wp\/v2\/product"}],"about":[{"href":"https:\/\/mgvpublications.com\/de\/wp-json\/wp\/v2\/types\/product"}],"wp:featuredmedia":[{"embeddable":true,"href":"https:\/\/mgvpublications.com\/de\/wp-json\/wp\/v2\/media\/15870"}],"wp:attachment":[{"href":"https:\/\/mgvpublications.com\/de\/wp-json\/wp\/v2\/media?parent=11634"}],"wp:term":[{"taxonomy":"product_cat","embeddable":true,"href":"https:\/\/mgvpublications.com\/de\/wp-json\/wp\/v2\/product_cat?post=11634"},{"taxonomy":"product_tag","embeddable":true,"href":"https:\/\/mgvpublications.com\/de\/wp-json\/wp\/v2\/product_tag?post=11634"},{"taxonomy":"item","embeddable":true,"href":"https:\/\/mgvpublications.com\/de\/wp-json\/wp\/v2\/item?post=11634"}],"curies":[{"name":"wp","href":"https:\/\/api.w.org\/{rel}","templated":true}]}}