{"id":11632,"date":"2020-05-02T15:49:30","date_gmt":"2020-05-02T13:49:30","guid":{"rendered":"https:\/\/dev2.mgvpublications.com\/produkt\/homo-deus-yarinin-kisa-bir-tarihi\/"},"modified":"2022-03-08T22:34:07","modified_gmt":"2022-03-08T21:34:07","slug":"homo-deus-yarinin-kisa-bir-tarihi","status":"publish","type":"product","link":"https:\/\/mgvpublications.com\/de\/homo-deus-yarinin-kisa-bir-tarihi\/","title":{"rendered":"Homo Deus: Yar\u0131n\u0131n K\u0131sa Bir Tarihi"},"content":{"rendered":"<table class=\"attribute\">\n<tbody>\n<tr>\n<td>\u00c7evirmen:<\/td>\n<td><a href=\"https:\/\/www.kitapyurdu.com\/yazar\/poyzan-nur--taneli\/193170.html\" target=\"_blank\" rel=\"noopener\">Poyzan Nur Taneli<\/a><\/td>\n<\/tr>\n<tr>\n<td>Ver\u00f6fentlichung<\/td>\n<td>2017-03-15<\/td>\n<\/tr>\n<tr>\n<td>ISBN<\/td>\n<td>6055029630<\/td>\n<\/tr>\n<tr>\n<td>Druckauflage<\/td>\n<td>5. Bask\u0131<\/td>\n<\/tr>\n<tr>\n<td>Sprache<\/td>\n<td>T\u00dcRK\u00c7E<\/td>\n<\/tr>\n<tr>\n<td>Seiten<\/td>\n<td>456<\/td>\n<\/tr>\n<tr>\n<td>Art<\/td>\n<td>Karton Kapak<\/td>\n<\/tr>\n<tr>\n<td>Papierart<\/td>\n<td>Kitap Ka\u011f\u0131d\u0131<\/td>\n<\/tr>\n<tr>\n<td>Ma\u00dfe<\/td>\n<td>15 x 21.5 cm<\/td>\n<\/tr>\n<\/tbody>\n<\/table>","protected":false},"excerpt":{"rendered":"<div id=\"description_text\" class=\"readmore-js-section readmore-js-collapsed\"><strong><em>Hayvanlardan Tanr\u0131lara Sapiens<\/em><\/strong> kitab\u0131yla insan t\u00fcr\u00fcn\u00fcn d\u00fcnyaya nas\u0131l egemen oldu\u011funu anlatan Harari, <em>Homo Deus<\/em>\u2019ta \u00e7arp\u0131c\u0131 \u00f6ng\u00f6r\u00fcleriyle yar\u0131n\u0131m\u0131z\u0131 ele al\u0131yor. \u0130nsanl\u0131\u011f\u0131n \u00f6l\u00fcms\u00fczl\u00fck, mutluluk ve tanr\u0131sall\u0131k pe\u015findeki yolculu\u011funu bilim, tarih ve felsefe \u0131\u015f\u0131\u011f\u0131nda inceledi\u011fi bu \u00e7al\u0131\u015fmas\u0131nda, insan\u0131n bamba\u015fka bir t\u00fcre, <em>Homo deus<\/em>\u2019a evrildi\u011fi bir gelecek kurguluyor.<\/p>\n<p><strong>Yola \u201c\u00f6nemsiz bir hayvan\u201d olarak \u00e7\u0131kan <em>Homo sapiens<\/em>, tanr\u0131lar kat\u0131na ula\u015fmak u\u011fruna kendi sonunu mu haz\u0131rl\u0131yor?<\/strong><\/p>\n<p><strong><em>Homo sapiens<\/em><\/strong><strong> nas\u0131l oldu da evrenin insan t\u00fcr\u00fcn\u00fcn etraf\u0131nda d\u00f6nd\u00fc\u011f\u00fcn\u00fc iddia eden h\u00fcmanist \u00f6\u011fretiye inand\u0131?<\/strong><\/p>\n<p><strong>Bu \u00f6\u011freti g\u00fcndelik ya\u015fant\u0131m\u0131z\u0131, sanat\u0131m\u0131z\u0131 ve en gizli tutkular\u0131m\u0131z\u0131 nas\u0131l \u015fekillendiriyor?<\/strong><\/p>\n<p><strong>\u0130nsan\u0131 inekler, tavuklar, \u015fempanzeler ve bilgisayar programlar\u0131n\u0131n t\u00fcm\u00fcnden ay\u0131ran y\u00fcksek zekas\u0131 ve kudreti d\u0131\u015f\u0131nda herhangi bir alametifarikas\u0131 var m\u0131?<\/strong><\/p>\n<p><strong>Tarih boyunca benzeri g\u00f6r\u00fclmemi\u015f kazan\u0131mlar elde etmemize ra\u011fmen mutluluk seviyemizde neden kayda de\u011fer bir art\u0131\u015f olmad\u0131?<\/strong><\/p>\n<p>\u201cT\u00fcm bunlar\u0131 anlamak i\u00e7in tek yapmam\u0131z gereken geriye d\u00f6n\u00fcp bakmak ve <em>Homo sapiens\u2019<\/em>in asl\u0131nda ne oldu\u011funu, h\u00fcmanizmin nas\u0131l d\u00fcnyaya hakim bir din h\u00e2line geldi\u011fini ve h\u00fcmanizm r\u00fcyas\u0131n\u0131 ger\u00e7ekle\u015ftirmeye \u00e7al\u0131\u015fman\u0131n asl\u0131nda neden insanl\u0131\u011f\u0131n kendi sonunu getirece\u011fini incelemektir. \u0130\u015fte bu kitab\u0131n temel meselesi budur.\u201d<\/p>\n<p>\u201cOkurken hem e\u011flenecek hem de \u00e7ok \u015fa\u015f\u0131racaks\u0131n\u0131z. Her \u015feyin \u00f6tesinde, kendinizi daha \u00f6nce hi\u00e7 d\u00fc\u015f\u00fcnmedi\u011finiz \u015feyleri d\u00fc\u015f\u00fcn\u00fcrken bulacaks\u0131n\u0131z.\u201d DANIEL KAHNEMAN,<em> H\u0131zl\u0131 ve Yava\u015f D\u00fc\u015f\u00fcnme<\/em>\u2019nin yazar\u0131<\/p>\n<p>\u201c<em>Homo Deus<\/em>\u2019u okudu\u011funuzda uzun ve zorlu bir yolculu\u011fun ard\u0131ndan vard\u0131\u011f\u0131n\u0131z bir u\u00e7urumun kenar\u0131nda durdu\u011funuzu hissedeceksiniz. Yolculu\u011fun art\u0131k bir \u00f6nemi kalmayacak, \u00e7\u00fcnk\u00fc bir sonraki ad\u0131m\u0131n\u0131z\u0131 engin bir bo\u015flu\u011fa atacaks\u0131n\u0131z.\u201d DAVID RUNCIMAN,<em> The Guardian<\/em><\/div>","protected":false},"featured_media":15869,"template":"","meta":{"spay_email":""},"product_cat":[170],"product_tag":[],"item":[1042],"acf":[],"_links":{"self":[{"href":"https:\/\/mgvpublications.com\/de\/wp-json\/wp\/v2\/product\/11632"}],"collection":[{"href":"https:\/\/mgvpublications.com\/de\/wp-json\/wp\/v2\/product"}],"about":[{"href":"https:\/\/mgvpublications.com\/de\/wp-json\/wp\/v2\/types\/product"}],"wp:featuredmedia":[{"embeddable":true,"href":"https:\/\/mgvpublications.com\/de\/wp-json\/wp\/v2\/media\/15869"}],"wp:attachment":[{"href":"https:\/\/mgvpublications.com\/de\/wp-json\/wp\/v2\/media?parent=11632"}],"wp:term":[{"taxonomy":"product_cat","embeddable":true,"href":"https:\/\/mgvpublications.com\/de\/wp-json\/wp\/v2\/product_cat?post=11632"},{"taxonomy":"product_tag","embeddable":true,"href":"https:\/\/mgvpublications.com\/de\/wp-json\/wp\/v2\/product_tag?post=11632"},{"taxonomy":"item","embeddable":true,"href":"https:\/\/mgvpublications.com\/de\/wp-json\/wp\/v2\/item?post=11632"}],"curies":[{"name":"wp","href":"https:\/\/api.w.org\/{rel}","templated":true}]}}