{"id":11618,"date":"2020-12-02T15:44:15","date_gmt":"2020-12-02T14:44:15","guid":{"rendered":"https:\/\/dev2.mgvpublications.com\/produkt\/minik-salyangoz-pepe-ile-dev-balina-zeze\/"},"modified":"2022-03-08T22:34:05","modified_gmt":"2022-03-08T21:34:05","slug":"minik-salyangoz-pepe-ile-dev-balina-zeze","status":"publish","type":"product","link":"https:\/\/mgvpublications.com\/de\/minik-salyangoz-pepe-ile-dev-balina-zeze\/","title":{"rendered":"Minik Salyangoz Pepe ile Dev Balina Zeze"},"content":{"rendered":"<p>\u00c7evirmen: Ali Berktay<br \/>Yay\u0131n Tarihi: 23.09.2021<br \/>Orijinal Ad\u0131: Snail and Whale<br \/>ISBN: 9786053326984<br \/>Dil: T\u00dcRK\u00c7E<br \/>Sayfa Say\u0131s\u0131: 32<br \/>Cilt Tipi: Karton Kapak<br \/>Ka\u011f\u0131t Cinsi: Ku\u015fe Ka\u011f\u0131t<br \/>Boyut: 27.5 x 23.5 cm<br \/>\u00c7izer: Axel Scheffler<\/p>","protected":false},"excerpt":{"rendered":"<p>Deniz salyangozudur Pepe, kayan\u0131n \u00fcst\u00fcnde yerinde duram\u0131yor, Hem denizi seyrediyor, hem r\u0131ht\u0131mdaki gemilere bak\u0131yor. Etraf\u0131na bakt\u0131k\u00e7a burnunu \u00e7ekiyor, i\u00e7i gidiyor minik Pepe\u2019nin. \u201cD\u00fcnya ne kadar b\u00fcy\u00fck ve deniz ne kadar derin! Ah, nas\u0131l hasretim ben de a\u00e7\u0131lmaya denize!\u201d Mahzun mahzun bak\u0131yor, ah ediyor minik Pepe<\/p>","protected":false},"featured_media":22574,"template":"","meta":{"spay_email":""},"product_cat":[172],"product_tag":[],"item":[336],"acf":[],"_links":{"self":[{"href":"https:\/\/mgvpublications.com\/de\/wp-json\/wp\/v2\/product\/11618"}],"collection":[{"href":"https:\/\/mgvpublications.com\/de\/wp-json\/wp\/v2\/product"}],"about":[{"href":"https:\/\/mgvpublications.com\/de\/wp-json\/wp\/v2\/types\/product"}],"wp:featuredmedia":[{"embeddable":true,"href":"https:\/\/mgvpublications.com\/de\/wp-json\/wp\/v2\/media\/22574"}],"wp:attachment":[{"href":"https:\/\/mgvpublications.com\/de\/wp-json\/wp\/v2\/media?parent=11618"}],"wp:term":[{"taxonomy":"product_cat","embeddable":true,"href":"https:\/\/mgvpublications.com\/de\/wp-json\/wp\/v2\/product_cat?post=11618"},{"taxonomy":"product_tag","embeddable":true,"href":"https:\/\/mgvpublications.com\/de\/wp-json\/wp\/v2\/product_tag?post=11618"},{"taxonomy":"item","embeddable":true,"href":"https:\/\/mgvpublications.com\/de\/wp-json\/wp\/v2\/item?post=11618"}],"curies":[{"name":"wp","href":"https:\/\/api.w.org\/{rel}","templated":true}]}}