{"id":11614,"date":"2020-05-02T13:59:38","date_gmt":"2020-05-02T11:59:38","guid":{"rendered":"https:\/\/dev2.mgvpublications.com\/produkt\/ucurtmam-bulut-simdi\/"},"modified":"2022-03-08T22:34:05","modified_gmt":"2022-03-08T21:34:05","slug":"ucurtmam-bulut-simdi","status":"publish","type":"product","link":"https:\/\/mgvpublications.com\/de\/ucurtmam-bulut-simdi\/","title":{"rendered":"U\u00e7urtmam Bulut \u015eimdi"},"content":{"rendered":"<table class=\"attribute\">\n<tbody>\n<tr>\n<td>Ver\u00f6fentlichung<\/td>\n<td>2019-04-15<\/td>\n<\/tr>\n<tr>\n<td>ISBN<\/td>\n<td>9750702822<\/td>\n<\/tr>\n<tr>\n<td>Druckauflage<\/td>\n<td>46. Bask\u0131<\/td>\n<\/tr>\n<tr>\n<td>Sprache<\/td>\n<td>T\u00dcRK\u00c7E<\/td>\n<\/tr>\n<tr>\n<td>Seiten<\/td>\n<td>88<\/td>\n<\/tr>\n<tr>\n<td>Art<\/td>\n<td>Karton Kapak<\/td>\n<\/tr>\n<tr>\n<td>Papierart<\/td>\n<td>Kitap Ka\u011f\u0131d\u0131<\/td>\n<\/tr>\n<tr>\n<td>Ma\u00dfe<\/td>\n<td>12.5 x 19.5 cm<\/td>\n<\/tr>\n<\/tbody>\n<\/table>","protected":false},"excerpt":{"rendered":"<p>Kahraman\u0131m\u0131z Meltem\u2019in birbirinden renkli \u00f6yk\u00fcleri, okuduk\u00e7a i\u00e7inizi \u0131s\u0131tacak. \u0130lk u\u00e7urtmas\u0131n\u0131 ka\u00e7\u0131ran \u00e7ocuk, ya\u011fmurun gizini bulmaya \u00e7al\u0131\u015fan k\u00fc\u00e7\u00fck k\u0131z, deprem korkusu ya\u015fayan iki karde\u015f, yemi\u015f vermeyen dut a\u011fac\u0131n\u0131 korkutan, annesinin \u00e7al\u0131\u015ft\u0131rd\u0131\u011f\u0131 dersten ge\u00e7er not alamayan, herkesin g\u00f6ky\u00fcz\u00fcnde bir y\u0131ld\u0131z\u0131 oldu\u011funu \u00f6\u011frenen, yeni giysi almak i\u00e7in d\u00fckk\u00e2n d\u00fckk\u00e2n<br \/>\ndola\u015f\u0131p \u00fcz\u00fclen, ya\u015fl\u0131lar haftas\u0131nda bir teyzenin a\u011f\u0131r filesini ta\u015f\u0131maya kalkan k\u00fc\u00e7\u00fck \u00e7ocuk&#8230;<\/p>\n<p>Okuyun, asl\u0131nda nas\u0131l zengin bir hayat\u0131n\u0131z<br \/>\noldu\u011funu g\u00f6receksiniz.<\/p>","protected":false},"featured_media":15866,"template":"","meta":{"spay_email":""},"product_cat":[172],"product_tag":[],"item":[1154],"acf":[],"_links":{"self":[{"href":"https:\/\/mgvpublications.com\/de\/wp-json\/wp\/v2\/product\/11614"}],"collection":[{"href":"https:\/\/mgvpublications.com\/de\/wp-json\/wp\/v2\/product"}],"about":[{"href":"https:\/\/mgvpublications.com\/de\/wp-json\/wp\/v2\/types\/product"}],"wp:featuredmedia":[{"embeddable":true,"href":"https:\/\/mgvpublications.com\/de\/wp-json\/wp\/v2\/media\/15866"}],"wp:attachment":[{"href":"https:\/\/mgvpublications.com\/de\/wp-json\/wp\/v2\/media?parent=11614"}],"wp:term":[{"taxonomy":"product_cat","embeddable":true,"href":"https:\/\/mgvpublications.com\/de\/wp-json\/wp\/v2\/product_cat?post=11614"},{"taxonomy":"product_tag","embeddable":true,"href":"https:\/\/mgvpublications.com\/de\/wp-json\/wp\/v2\/product_tag?post=11614"},{"taxonomy":"item","embeddable":true,"href":"https:\/\/mgvpublications.com\/de\/wp-json\/wp\/v2\/item?post=11614"}],"curies":[{"name":"wp","href":"https:\/\/api.w.org\/{rel}","templated":true}]}}