{"id":11610,"date":"2020-05-02T13:55:05","date_gmt":"2020-05-02T11:55:05","guid":{"rendered":"https:\/\/dev2.mgvpublications.com\/produkt\/kibar-olmak\/"},"modified":"2022-03-08T22:34:05","modified_gmt":"2022-03-08T21:34:05","slug":"kibar-olmak","status":"publish","type":"product","link":"https:\/\/mgvpublications.com\/de\/kibar-olmak\/","title":{"rendered":"Kibar Olmak"},"content":{"rendered":"<p>Yay\u0131n Tarihi: 04.11.2021<br \/>Orijinal Ad\u0131: Be Kind<br \/>ISBN: 9786050321302<br \/>Dil: T\u00dcRK\u00c7E<br \/>Sayfa Say\u0131s\u0131: 32<br \/>Cilt Tipi: Karton Kapak<br \/>Ka\u011f\u0131t Cinsi: Ku\u015fe Ka\u011f\u0131t<br \/>Boyut: 24 x 26 cm<\/p>","protected":false},"excerpt":{"rendered":"<p>\u0130ki basit kelime d\u00fcnyay\u0131 nas\u0131l da de\u011fi\u015ftirebilecek g\u00fcce sahip. Tanisha ad\u0131nda k\u00fc\u00e7\u00fck bir k\u0131z, \u00fcz\u00fcm suyunu elbisesinin her yerine d\u00f6ker. S\u0131n\u0131f arkada\u00e7\u0131 ona kendini iyi hissettirmek ister ve annesinin \u201cKibar ol\u201d s\u00f6z\u00fcn\u00fc hat\u0131rlar. Peki, kibar olmak ne anlama geliyor? \u00c7ocuk her \u015feyi d\u00fc\u015f\u00fcn\u00fcr; insanlara selam vermek, yeni bir arkada\u015f\u0131 oyuna davet etmek, korkmu\u015f bir \u00e7ocu\u011fun elinden tutmak\u2026 Duygulara hitap eden bu kitap kibar olman\u0131n, nas\u0131l davranmak gerekti\u011finin, k\u00fc\u00e7\u00fck ya da b\u00fcy\u00fck demeden farkl\u0131l\u0131k yaratman\u0131n ke\u015ffine \u00e7\u0131kan ve de\u011fi\u015fimin asl\u0131nda iki basit kelimeyle ger\u00e7ekle\u015fti\u011fini g\u00f6steren b\u00fcy\u00fck bir hik\u00e2yedir. \u201cKibar Olmak, mesaj\u0131n\u0131 kolayca ileten nezaket hakk\u0131nda tatl\u0131 ve d\u00fc\u015f\u00fcnceli bir kitap.\u201d &#8211; Seira Wilson, Amazon Edit\u00f6r\u00fc<\/p>","protected":false},"featured_media":22513,"template":"","meta":{"spay_email":""},"product_cat":[172],"product_tag":[],"item":[1214],"acf":[],"_links":{"self":[{"href":"https:\/\/mgvpublications.com\/de\/wp-json\/wp\/v2\/product\/11610"}],"collection":[{"href":"https:\/\/mgvpublications.com\/de\/wp-json\/wp\/v2\/product"}],"about":[{"href":"https:\/\/mgvpublications.com\/de\/wp-json\/wp\/v2\/types\/product"}],"wp:featuredmedia":[{"embeddable":true,"href":"https:\/\/mgvpublications.com\/de\/wp-json\/wp\/v2\/media\/22513"}],"wp:attachment":[{"href":"https:\/\/mgvpublications.com\/de\/wp-json\/wp\/v2\/media?parent=11610"}],"wp:term":[{"taxonomy":"product_cat","embeddable":true,"href":"https:\/\/mgvpublications.com\/de\/wp-json\/wp\/v2\/product_cat?post=11610"},{"taxonomy":"product_tag","embeddable":true,"href":"https:\/\/mgvpublications.com\/de\/wp-json\/wp\/v2\/product_tag?post=11610"},{"taxonomy":"item","embeddable":true,"href":"https:\/\/mgvpublications.com\/de\/wp-json\/wp\/v2\/item?post=11610"}],"curies":[{"name":"wp","href":"https:\/\/api.w.org\/{rel}","templated":true}]}}