{"id":11606,"date":"2020-05-02T13:50:43","date_gmt":"2020-05-02T11:50:43","guid":{"rendered":"https:\/\/dev2.mgvpublications.com\/produkt\/her-sey-icin-gec-olmadan-hastaliklarin-duygusal-sebepleri\/"},"modified":"2022-03-08T22:34:04","modified_gmt":"2022-03-08T21:34:04","slug":"her-sey-icin-gec-olmadan-hastaliklarin-duygusal-sebepleri","status":"publish","type":"product","link":"https:\/\/mgvpublications.com\/de\/her-sey-icin-gec-olmadan-hastaliklarin-duygusal-sebepleri\/","title":{"rendered":"Her \u015eey \u0130\u00e7in Ge\u00e7 Olmadan: Hastal\u0131klar\u0131n Duygusal Sebepleri"},"content":{"rendered":"<h1 class=\"product-heading\"><\/h1>\n<div class=\"section\">\n<div class=\"grid_3 alpha omega\">\n<table class=\"attribute\">\n<tbody>\n<tr>\n<td>Ver\u00f6fentlichung<\/td>\n<td>2019-05-09<\/td>\n<\/tr>\n<tr>\n<td>ISBN<\/td>\n<td>6050830187<\/td>\n<\/tr>\n<tr>\n<td>Druckauflage<\/td>\n<td>3. Bask\u0131<\/td>\n<\/tr>\n<tr>\n<td>Sprache<\/td>\n<td>T\u00dcRK\u00c7E<\/td>\n<\/tr>\n<tr>\n<td>Seiten<\/td>\n<td>352<\/td>\n<\/tr>\n<tr>\n<td>Art<\/td>\n<td>Karton Kapak<\/td>\n<\/tr>\n<tr>\n<td>Papierart<\/td>\n<td>Kitap Ka\u011f\u0131d\u0131<\/td>\n<\/tr>\n<tr>\n<td>Ma\u00dfe<\/td>\n<td>13 x 21 cm<\/td>\n<\/tr>\n<\/tbody>\n<\/table>\n<\/div>\n<\/div>\n<div class=\"description\"><\/div>","protected":false},"excerpt":{"rendered":"<div id=\"description_text\" class=\"readmore-js-section readmore-js-collapsed\">Hepimiz milyonlarca y\u0131ld\u0131r d\u00f6n\u00fcp duran d\u00fcnyam\u0131za k\u0131sa bir s\u00fcre i\u00e7in misafirli\u011fe geldik. Bu k\u0131sac\u0131k zaman\u0131 duygusal ya da fiziksel hastal\u0131klarla ge\u00e7irmeyi kim ister? Hele ki hastal\u0131klar\u0131n nedenlerini her \u015fey i\u00e7in ge\u00e7 olmadan g\u00f6rebiliyorken\u2026<br \/>\nSize bir m\u00fcjde vermek istiyoruz: Hasta olmadan \u00f6nce ruhunuzu, sonra da duygudan kaynakl\u0131 o olas\u0131 hastal\u0131klar\u0131 hi\u00e7 olmadan \u00f6nleyebilirsiniz! Her \u015fey i\u00e7in ge\u00e7 olmadan, hastal\u0131klar\u0131n duygusal hik\u00e2yeleriyle tan\u0131\u015fmaya haz\u0131r m\u0131s\u0131n\u0131z?<br \/>\nBu yolculukta duygularla hastal\u0131klar\u0131n, ruh-beden-zihin \u00fc\u00e7geninin birbiriyle muhte\u015fem ba\u011f\u0131na bakaca\u011f\u0131z. Duygular\u0131n k\u00f6t\u00fc etkileri fark edilmedi\u011finde nas\u0131l hastal\u0131\u011fa d\u00f6n\u00fc\u015ft\u00fc\u011f\u00fcne, hastal\u0131klar\u0131n duygusal nedenlerine birlikte \u0131\u015f\u0131k tutaca\u011f\u0131z. Hatta o kadar ileri gidece\u011fiz ki, b\u0131rak\u0131n anne karn\u0131ndaki hayat\u0131m\u0131z\u0131n g\u00fcn\u00fcm\u00fcze uzanan etkilerini, atalar\u0131m\u0131za uzanan aktar\u0131m \u00f6yk\u00fcs\u00fcn\u00fc ele alaca\u011f\u0131z. \u0130nan\u00e7 ve sevgi gibi g\u00f6zle g\u00f6r\u00fclmeyen ama insan hayat\u0131n\u0131 \u00f6telere ta\u015f\u0131yan mucizelerin hem ruh hem de beden sa\u011fl\u0131\u011f\u0131n\u0131 nas\u0131l yeniden in\u015fa edebildi\u011fine \u015fahit olaca\u011f\u0131z.<br \/>\n\u201cNas\u0131l olsa yapar\u201d diye testiyi k\u0131rmadan \u00f6nce \u00e7ocu\u011fu \u015famarlayan Nasrettin Hoca ne kadar hakl\u0131d\u0131r bilmiyoruz ancak burada biz de en az onun kadar temkinliyiz. Hasta olduktan sonra de\u011fil, hasta olmadan \u00f6nce al\u0131yoruz \u00f6nlemimizi. \u0130yile\u015fmek, daha da \u00f6nemlisi hastal\u0131k bizi bulmadan harekete ge\u00e7mek i\u00e7in kendi de\u011fi\u015fimimizi sa\u011flayabiliriz. Bu de\u011fi\u015fim i\u00e7in \u00f6n\u00fcm\u00fczde hi\u00e7bir engel yok. Tabii kendimizi saymazsak\u2026<br \/>\n\u015eimdi \u00e7\u00f6z\u00fcm yollar\u0131n\u0131 ve umut kap\u0131lar\u0131n\u0131 aralay\u0131p y\u00fcz\u00fcm\u00fcze bir g\u00fcl\u00fcmseme kondurabiliriz.<br \/>\nZeynep Dizmen ve Eray Hac\u0131osmano\u011flu fiziksel sebeplerle geli\u015fti\u011fini d\u00fc\u015f\u00fcnd\u00fc\u011f\u00fcm\u00fcz baz\u0131 hastal\u0131klar ile duygusal sebepler aras\u0131ndaki ba\u011f\u0131 ortaya koyan bir \u00e7al\u0131\u015fma ile &#8220;her \u015fey i\u00e7in ge\u00e7 olmadan&#8221;\u00a0yapabileceklerimizin pe\u015fine d\u00fc\u015f\u00fcyorlar.<br \/>\nRuh-beden-zihin \u00fc\u00e7genin ola\u011fan\u00fcst\u00fc etkile\u015fiminin izini s\u00fcrerek sevgisizli\u011fin, de\u011fersizlik hissetmenin bizi nas\u0131l i\u00e7ten i\u00e7e hasta etti\u011fini, tam tersine sevginin, iyi hissetmenin ve inanc\u0131n mucizevi iyile\u015ftirici g\u00fcc\u00fcn\u00fc bilimden beslenen bir bak\u0131\u015f a\u00e7\u0131s\u0131yla ortaya koyuyorlar.<br \/>\nHastal\u0131klar\u0131n Duygusal Sebepleri: Her \u015eey \u0130\u00e7in Ge\u00e7 Olmadan\u00a0hemen bug\u00fcnden itibaren ba\u015flayabilece\u011finiz \u00fcmide ve iyile\u015fmeye dair yolculu\u011funuz i\u00e7in bir rehber kitap.<\/div>","protected":false},"featured_media":15861,"template":"","meta":{"spay_email":""},"product_cat":[175],"product_tag":[],"item":[360],"acf":[],"_links":{"self":[{"href":"https:\/\/mgvpublications.com\/de\/wp-json\/wp\/v2\/product\/11606"}],"collection":[{"href":"https:\/\/mgvpublications.com\/de\/wp-json\/wp\/v2\/product"}],"about":[{"href":"https:\/\/mgvpublications.com\/de\/wp-json\/wp\/v2\/types\/product"}],"wp:featuredmedia":[{"embeddable":true,"href":"https:\/\/mgvpublications.com\/de\/wp-json\/wp\/v2\/media\/15861"}],"wp:attachment":[{"href":"https:\/\/mgvpublications.com\/de\/wp-json\/wp\/v2\/media?parent=11606"}],"wp:term":[{"taxonomy":"product_cat","embeddable":true,"href":"https:\/\/mgvpublications.com\/de\/wp-json\/wp\/v2\/product_cat?post=11606"},{"taxonomy":"product_tag","embeddable":true,"href":"https:\/\/mgvpublications.com\/de\/wp-json\/wp\/v2\/product_tag?post=11606"},{"taxonomy":"item","embeddable":true,"href":"https:\/\/mgvpublications.com\/de\/wp-json\/wp\/v2\/item?post=11606"}],"curies":[{"name":"wp","href":"https:\/\/api.w.org\/{rel}","templated":true}]}}