{"id":11593,"date":"2020-05-01T01:48:16","date_gmt":"2020-04-30T23:48:16","guid":{"rendered":"https:\/\/dev2.mgvpublications.com\/produkt\/yakarim-guel-satanlar-bahcesini\/"},"modified":"2022-03-08T22:34:04","modified_gmt":"2022-03-08T21:34:04","slug":"yakarim-guel-satanlar-bahcesini","status":"publish","type":"product","link":"https:\/\/mgvpublications.com\/de\/yakarim-guel-satanlar-bahcesini\/","title":{"rendered":"Yakar\u0131m G\u00fcl Satanlar Bah\u00e7esini"},"content":{"rendered":"<div class=\"share-buttons section\"><\/div>\n<div class=\"section\">\n<div class=\"grid_3 alpha omega\">\n<table class=\"attribute\">\n<tbody>\n<tr>\n<td>Ver\u00f6fentlichung<\/td>\n<td>2020-03-09<\/td>\n<\/tr>\n<tr>\n<td>ISBN<\/td>\n<td>6053263364<\/td>\n<\/tr>\n<tr>\n<td>Druckauflage<\/td>\n<td>2. Bask\u0131<\/td>\n<\/tr>\n<tr>\n<td>Sprache<\/td>\n<td>T\u00dcRK\u00c7E<\/td>\n<\/tr>\n<tr>\n<td>Seiten<\/td>\n<td>152<\/td>\n<\/tr>\n<tr>\n<td>Art<\/td>\n<td>Karton Kapak<\/td>\n<\/tr>\n<tr>\n<td>Papierart<\/td>\n<td>Kitap Ka\u011f\u0131d\u0131<\/td>\n<\/tr>\n<tr>\n<td>Ma\u00dfe<\/td>\n<td>12 x 19.5 cm<\/td>\n<\/tr>\n<\/tbody>\n<\/table>\n<\/div>\n<\/div>\n<div class=\"description\"><\/div>","protected":false},"excerpt":{"rendered":"<p>\u0130nsan yerini yad\u0131rgar. Dostunu, e\u015fini, i\u015fini, \u00e7o\u011fu zaman kaderini yad\u0131rgar. Ne\u015fet\u2019in \u00f6zelinde toplumsal bir de\u011ferlendirme, hazmedememe roman\u0131. Nas\u0131l ki g\u00fcllerle \u00f6rt\u00fcl\u00fc bir bah\u00e7eye girince dizleri kanarsa insan\u0131n, <em>Yakar\u0131m G\u00fcl Satanlar Bah\u00e7esini<\/em> roman\u0131 da bu \u00e7etrefilli bah\u00e7eye bir ba\u015fkald\u0131r\u0131. Sorduklar\u0131 ve sorgulatt\u0131klar\u0131 ile kurgunun i\u00e7inden ger\u00e7ek hayata bir \u00e7\u0131rp\u0131nma h\u00e2li.<\/p>","protected":false},"featured_media":15856,"template":"","meta":{"spay_email":""},"product_cat":[168],"product_tag":[],"item":[689],"acf":[],"_links":{"self":[{"href":"https:\/\/mgvpublications.com\/de\/wp-json\/wp\/v2\/product\/11593"}],"collection":[{"href":"https:\/\/mgvpublications.com\/de\/wp-json\/wp\/v2\/product"}],"about":[{"href":"https:\/\/mgvpublications.com\/de\/wp-json\/wp\/v2\/types\/product"}],"wp:featuredmedia":[{"embeddable":true,"href":"https:\/\/mgvpublications.com\/de\/wp-json\/wp\/v2\/media\/15856"}],"wp:attachment":[{"href":"https:\/\/mgvpublications.com\/de\/wp-json\/wp\/v2\/media?parent=11593"}],"wp:term":[{"taxonomy":"product_cat","embeddable":true,"href":"https:\/\/mgvpublications.com\/de\/wp-json\/wp\/v2\/product_cat?post=11593"},{"taxonomy":"product_tag","embeddable":true,"href":"https:\/\/mgvpublications.com\/de\/wp-json\/wp\/v2\/product_tag?post=11593"},{"taxonomy":"item","embeddable":true,"href":"https:\/\/mgvpublications.com\/de\/wp-json\/wp\/v2\/item?post=11593"}],"curies":[{"name":"wp","href":"https:\/\/api.w.org\/{rel}","templated":true}]}}