{"id":11558,"date":"2020-04-30T02:09:55","date_gmt":"2020-04-30T00:09:55","guid":{"rendered":"https:\/\/dev2.mgvpublications.com\/produkt\/teskilatin-iki-silahsoru\/"},"modified":"2022-03-08T22:34:00","modified_gmt":"2022-03-08T21:34:00","slug":"teskilatin-iki-silahsoru","status":"publish","type":"product","link":"https:\/\/mgvpublications.com\/de\/teskilatin-iki-silahsoru\/","title":{"rendered":"Te\u015fkilat\u2019\u0131n \u0130ki Silah\u015foru"},"content":{"rendered":"<table class=\"attribute\">\n<tbody>\n<tr>\n<td>Ver\u00f6fentlichung<\/td>\n<td>2019-12-03<\/td>\n<\/tr>\n<tr>\n<td>ISBN<\/td>\n<td>6052985052<\/td>\n<\/tr>\n<tr>\n<td>Druckauflage<\/td>\n<td>4. Bask\u0131<\/td>\n<\/tr>\n<tr>\n<td>Sprache<\/td>\n<td>T\u00dcRK\u00c7E<\/td>\n<\/tr>\n<tr>\n<td>Seiten<\/td>\n<td>336<\/td>\n<\/tr>\n<tr>\n<td>Art<\/td>\n<td>Karton Kapak<\/td>\n<\/tr>\n<tr>\n<td>Papierart<\/td>\n<td>Kitap Ka\u011f\u0131d\u0131<\/td>\n<\/tr>\n<tr>\n<td>Ma\u00dfe<\/td>\n<td>14 x 23 cm<\/td>\n<\/tr>\n<\/tbody>\n<\/table>","protected":false},"excerpt":{"rendered":"<div id=\"description_text\" class=\"readmore-js-section readmore-js-collapsed\">\u201cSoner Bey beni ar\u0131yormu\u015fsunuz?\u201d<br \/>\nTan\u0131\u015fmam\u0131z telefonda bu c\u00fcmleyle ba\u015flad\u0131.<br \/>\nTarih: 16 Haziran 1999.<\/p>\n<p>\u201cTeti\u011fi \u00e7ekene biz \u2018Te\u011f-Men\u2019 ya da \u2018\u00c7ift\u00e7i\u2019 derdik. Bu \u015fifreler<br \/>\nbize Te\u015fkilat\u0131 Mahsusa\u2019dan mirast\u0131. Nas\u0131l m\u0131?<br \/>\n\u0130ki kompart\u0131man \u00e7al\u0131\u015ft\u0131k; 1-2-3 ve 4-5-6.<br \/>\nBen 4\u2019\u00fcm. Liege-Br\u00fcksel ve Rotterdam-Abnham hatt\u0131 bizimdi.<br \/>\nNeler mi yapt\u0131k?<br \/>\nOperasyondan sonra ellerimizi kolonyal\u0131 mendillerle sildik&#8230;<br \/>\nBunun e\u011fitimini \u0130zmir yak\u0131nlar\u0131nda Amerikal\u0131lardan kalma bir\u00a0yerde ald\u0131m&#8230;\u201d<\/p>\n<p>\u0130ttihat ve Terakki\u2019nin silah\u015foru Yakup Cemil\u2019in karde\u015fi<br \/>\nMehmed H\u00fcsn\u00fc\u2019n\u00fcn torunuydu.<\/p>\n<p>Sistemler, rejimler de\u011fi\u015fti; Te\u015fkilat hep ayn\u0131 kald\u0131.<br \/>\nTe\u015fkilat\u2019\u0131n \u0130ki Silah\u015foru\u2019nun 1903 y\u0131l\u0131nda Pangalt\u0131\u2019da<br \/>\nba\u015flayan 80 y\u0131ll\u0131k yaz\u0131lmam\u0131\u015f hik\u00e2yesi&#8230;<\/p><\/div>","protected":false},"featured_media":14356,"template":"","meta":{"spay_email":""},"product_cat":[173],"product_tag":[],"item":[697],"acf":[],"_links":{"self":[{"href":"https:\/\/mgvpublications.com\/de\/wp-json\/wp\/v2\/product\/11558"}],"collection":[{"href":"https:\/\/mgvpublications.com\/de\/wp-json\/wp\/v2\/product"}],"about":[{"href":"https:\/\/mgvpublications.com\/de\/wp-json\/wp\/v2\/types\/product"}],"wp:featuredmedia":[{"embeddable":true,"href":"https:\/\/mgvpublications.com\/de\/wp-json\/wp\/v2\/media\/14356"}],"wp:attachment":[{"href":"https:\/\/mgvpublications.com\/de\/wp-json\/wp\/v2\/media?parent=11558"}],"wp:term":[{"taxonomy":"product_cat","embeddable":true,"href":"https:\/\/mgvpublications.com\/de\/wp-json\/wp\/v2\/product_cat?post=11558"},{"taxonomy":"product_tag","embeddable":true,"href":"https:\/\/mgvpublications.com\/de\/wp-json\/wp\/v2\/product_tag?post=11558"},{"taxonomy":"item","embeddable":true,"href":"https:\/\/mgvpublications.com\/de\/wp-json\/wp\/v2\/item?post=11558"}],"curies":[{"name":"wp","href":"https:\/\/api.w.org\/{rel}","templated":true}]}}